{"id":7057,"date":"2022-01-23T22:53:19","date_gmt":"2022-01-23T21:53:19","guid":{"rendered":"https:\/\/www.hml-fetish.de\/shop\/?post_type=product&#038;p=7057"},"modified":"2026-02-10T17:21:33","modified_gmt":"2026-02-10T16:21:33","slug":"smartphonehuelle-aus-leder","status":"publish","type":"product","link":"https:\/\/www.hml-fetish.de\/shop\/smartphonehuelle-aus-leder\/","title":{"rendered":"Smartphoneh\u00fclle aus Leder"},"content":{"rendered":"<p>Eine Aufbewahrungstasche f\u00fcr Handys bis zu etwa 5,5 Zoll Bildschirmdiagonale (bei maximal 75 mm Breite und 10 mm Dicke). Au\u00dfenma\u00dfe leer ca. 110 mm x 190 mm x 5 mm. Angefertigt aus ca. 1,5 mm dickem und gl\u00e4nzend glattem Nappaleder. Diese Tasche ist solide verarbeitet und sch\u00fctzt Dein Mobiltelefon gegen St\u00fcrze. Sie pa\u00dft in jede Hosentasche und zum Telefonieren ziehst Du es einfach heraus.<\/p>\n","protected":false},"excerpt":{"rendered":"<h4>Smartphoneh\u00fclle aus Leder<\/h4>\n<p>Eine Aufbewahrungstasche f\u00fcr Handys bis zu etwa 5,5 Zoll Bildschirmdiagonale (bei maximal 75 mm Breite und 10 mm Dicke). Au\u00dfenma\u00dfe leer ca. 110 mm x 190 mm x 5 mm. Angefertigt aus ca. 1,5 mm dickem und gl\u00e4nzend glattem Nappaleder. Diese Tasche ist solide verarbeitet und sch\u00fctzt Dein Mobiltelefon gegen St\u00fcrze. Zum Telefonieren ziehst Du es einfach aus der Tasche.<\/p>\n","protected":false},"featured_media":15467,"comment_status":"open","ping_status":"closed","template":"","meta":[],"product_brand":[],"product_cat":[151,127],"product_tag":[3809,4398],"class_list":{"0":"post-7057","1":"product","2":"type-product","3":"status-publish","4":"has-post-thumbnail","6":"product_cat-accessoires-2","7":"product_cat-diverses","8":"product_tag-fh-ledermanufaktur","9":"product_tag-hml-fetish-original","10":"product_shipping_class-brief","12":"first","13":"instock","14":"taxable","15":"shipping-taxable","16":"purchasable","17":"product-type-simple"},"_links":{"self":[{"href":"https:\/\/www.hml-fetish.de\/shop\/wp-json\/wp\/v2\/product\/7057","targetHints":{"allow":["GET"]}}],"collection":[{"href":"https:\/\/www.hml-fetish.de\/shop\/wp-json\/wp\/v2\/product"}],"about":[{"href":"https:\/\/www.hml-fetish.de\/shop\/wp-json\/wp\/v2\/types\/product"}],"replies":[{"embeddable":true,"href":"https:\/\/www.hml-fetish.de\/shop\/wp-json\/wp\/v2\/comments?post=7057"}],"version-history":[{"count":0,"href":"https:\/\/www.hml-fetish.de\/shop\/wp-json\/wp\/v2\/product\/7057\/revisions"}],"wp:featuredmedia":[{"embeddable":true,"href":"https:\/\/www.hml-fetish.de\/shop\/wp-json\/wp\/v2\/media\/15467"}],"wp:attachment":[{"href":"https:\/\/www.hml-fetish.de\/shop\/wp-json\/wp\/v2\/media?parent=7057"}],"wp:term":[{"taxonomy":"product_brand","embeddable":true,"href":"https:\/\/www.hml-fetish.de\/shop\/wp-json\/wp\/v2\/product_brand?post=7057"},{"taxonomy":"product_cat","embeddable":true,"href":"https:\/\/www.hml-fetish.de\/shop\/wp-json\/wp\/v2\/product_cat?post=7057"},{"taxonomy":"product_tag","embeddable":true,"href":"https:\/\/www.hml-fetish.de\/shop\/wp-json\/wp\/v2\/product_tag?post=7057"}],"curies":[{"name":"wp","href":"https:\/\/api.w.org\/{rel}","templated":true}]}}