{"id":7056,"date":"2022-01-23T22:53:19","date_gmt":"2022-01-23T21:53:19","guid":{"rendered":"https:\/\/www.hml-fetish.de\/shop\/?post_type=product&#038;p=7056"},"modified":"2026-02-10T17:21:46","modified_gmt":"2026-02-10T16:21:46","slug":"kartentasche-aus-leder","status":"publish","type":"product","link":"https:\/\/www.hml-fetish.de\/shop\/kartentasche-aus-leder\/","title":{"rendered":"Kartentasche aus Leder"},"content":{"rendered":"<p>Unentbehrlich f\u00fcr Deine n\u00e4chste Gesch\u00e4ftsreise: ein unauff\u00e4llig kleines T\u00e4schchen f\u00fcr Visiten- und andere Karten. Au\u00dfenma\u00dfe ca. 85 mm x 100 mm x 5 mm. Angefertigt aus ca. 1,5 mm dickem und gl\u00e4nzend glattem Nappaleder. Solide verarbeitet und sehr praktisch.<\/p>\n","protected":false},"excerpt":{"rendered":"<h4>Kartentasche aus Leder<\/h4>\n<p>Unentbehrlich f\u00fcr Deine n\u00e4chste Gesch\u00e4ftsreise: ein unauff\u00e4llig kleines T\u00e4schchen f\u00fcr Visiten- und andere Karten. Au\u00dfenma\u00dfe ca. 85 mm x 100 mm x 5 mm. Angefertigt aus ca. 1,5 mm dickem und gl\u00e4nzend glattem Nappaleder. Solide verarbeitet und sehr praktisch.<\/p>\n","protected":false},"featured_media":15486,"comment_status":"open","ping_status":"closed","template":"","meta":[],"product_brand":[],"product_cat":[151,146],"product_tag":[3809,4398],"class_list":{"0":"post-7056","1":"product","2":"type-product","3":"status-publish","4":"has-post-thumbnail","6":"product_cat-accessoires-2","7":"product_cat-accessoires","8":"product_tag-fh-ledermanufaktur","9":"product_tag-hml-fetish-original","10":"product_shipping_class-brief","12":"first","13":"instock","14":"taxable","15":"shipping-taxable","16":"purchasable","17":"product-type-simple"},"_links":{"self":[{"href":"https:\/\/www.hml-fetish.de\/shop\/wp-json\/wp\/v2\/product\/7056","targetHints":{"allow":["GET"]}}],"collection":[{"href":"https:\/\/www.hml-fetish.de\/shop\/wp-json\/wp\/v2\/product"}],"about":[{"href":"https:\/\/www.hml-fetish.de\/shop\/wp-json\/wp\/v2\/types\/product"}],"replies":[{"embeddable":true,"href":"https:\/\/www.hml-fetish.de\/shop\/wp-json\/wp\/v2\/comments?post=7056"}],"version-history":[{"count":0,"href":"https:\/\/www.hml-fetish.de\/shop\/wp-json\/wp\/v2\/product\/7056\/revisions"}],"wp:featuredmedia":[{"embeddable":true,"href":"https:\/\/www.hml-fetish.de\/shop\/wp-json\/wp\/v2\/media\/15486"}],"wp:attachment":[{"href":"https:\/\/www.hml-fetish.de\/shop\/wp-json\/wp\/v2\/media?parent=7056"}],"wp:term":[{"taxonomy":"product_brand","embeddable":true,"href":"https:\/\/www.hml-fetish.de\/shop\/wp-json\/wp\/v2\/product_brand?post=7056"},{"taxonomy":"product_cat","embeddable":true,"href":"https:\/\/www.hml-fetish.de\/shop\/wp-json\/wp\/v2\/product_cat?post=7056"},{"taxonomy":"product_tag","embeddable":true,"href":"https:\/\/www.hml-fetish.de\/shop\/wp-json\/wp\/v2\/product_tag?post=7056"}],"curies":[{"name":"wp","href":"https:\/\/api.w.org\/{rel}","templated":true}]}}