{"id":7055,"date":"2022-01-23T22:53:19","date_gmt":"2022-01-23T21:53:19","guid":{"rendered":"https:\/\/www.hml-fetish.de\/shop\/?post_type=product&#038;p=7055"},"modified":"2022-12-15T14:21:51","modified_gmt":"2022-12-15T13:21:51","slug":"guerteltasche-extra-gross","status":"publish","type":"product","link":"https:\/\/www.hml-fetish.de\/shop\/guerteltasche-extra-gross\/","title":{"rendered":"G\u00fcrteltasche extra gro\u00df"},"content":{"rendered":"<p>Wenn Du etwas mehr mitnehmen willst, ist diese Tasche die richtige. Hier pa\u00dft eine Menge rein &#8211; von der Zigarettenschachtel \u00fcber Feuerzeug, Perso, Kondome und Gleitmittel bis hin zu Handschuhen und J-Lube. Die Leder G\u00fcrteltasche ist innen maximal etwa 120 mm x 200 mm x 70 mm gro\u00df, sofern Du f\u00fcr entsprechende F\u00fcllung sorgst. Ein schmales Innenfach f\u00fcr Geldscheine, Flyer und Karten. Eine robuste G\u00fcrteltasche aus ca. 3 mm dickem und gl\u00e4nzend glattem Nappaleder mit Knautschfalte und einer ebenso originellen wie haltbaren Verschlu\u00dfschlaufe. Solide verarbeitet und sehr praktisch. Hinten mit einer Schlaufe f\u00fcr G\u00fcrtel bis 5 cm Breite.<\/p>\n","protected":false},"excerpt":{"rendered":"<h4>G\u00fcrteltasche extra gro\u00df<\/h4>\n<p>Wenn Du etwas mehr mitnehmen willst, ist diese Tasche die richtige. Hier pa\u00dft eine Menge rein &#8211; von der Zigarettenschachtel \u00fcber Feuerzeug, Perso, Kondome und Gleitmittel bis hin zu Handschuhen und J-Lube.<\/p>\n","protected":false},"featured_media":15499,"comment_status":"open","ping_status":"closed","template":"","meta":[],"product_brand":[],"product_cat":[151,169,155],"product_tag":[3809,4398],"class_list":{"0":"post-7055","1":"product","2":"type-product","3":"status-publish","4":"has-post-thumbnail","6":"product_cat-accessoires-2","7":"product_cat-army-accessoires","8":"product_cat-guertel-gurte-2","9":"product_tag-fh-ledermanufaktur","10":"product_tag-hml-fetish-original","11":"product_shipping_class-paket","13":"first","14":"instock","15":"taxable","16":"shipping-taxable","17":"purchasable","18":"product-type-simple"},"_links":{"self":[{"href":"https:\/\/www.hml-fetish.de\/shop\/wp-json\/wp\/v2\/product\/7055","targetHints":{"allow":["GET"]}}],"collection":[{"href":"https:\/\/www.hml-fetish.de\/shop\/wp-json\/wp\/v2\/product"}],"about":[{"href":"https:\/\/www.hml-fetish.de\/shop\/wp-json\/wp\/v2\/types\/product"}],"replies":[{"embeddable":true,"href":"https:\/\/www.hml-fetish.de\/shop\/wp-json\/wp\/v2\/comments?post=7055"}],"version-history":[{"count":0,"href":"https:\/\/www.hml-fetish.de\/shop\/wp-json\/wp\/v2\/product\/7055\/revisions"}],"wp:featuredmedia":[{"embeddable":true,"href":"https:\/\/www.hml-fetish.de\/shop\/wp-json\/wp\/v2\/media\/15499"}],"wp:attachment":[{"href":"https:\/\/www.hml-fetish.de\/shop\/wp-json\/wp\/v2\/media?parent=7055"}],"wp:term":[{"taxonomy":"product_brand","embeddable":true,"href":"https:\/\/www.hml-fetish.de\/shop\/wp-json\/wp\/v2\/product_brand?post=7055"},{"taxonomy":"product_cat","embeddable":true,"href":"https:\/\/www.hml-fetish.de\/shop\/wp-json\/wp\/v2\/product_cat?post=7055"},{"taxonomy":"product_tag","embeddable":true,"href":"https:\/\/www.hml-fetish.de\/shop\/wp-json\/wp\/v2\/product_tag?post=7055"}],"curies":[{"name":"wp","href":"https:\/\/api.w.org\/{rel}","templated":true}]}}