{"id":7054,"date":"2022-01-23T22:53:18","date_gmt":"2022-01-23T21:53:18","guid":{"rendered":"https:\/\/www.hml-fetish.de\/shop\/?post_type=product&#038;p=7054"},"modified":"2024-07-01T13:55:33","modified_gmt":"2024-07-01T11:55:33","slug":"leder-guerteltasche-gross","status":"publish","type":"product","link":"https:\/\/www.hml-fetish.de\/shop\/leder-guerteltasche-gross\/","title":{"rendered":"Leder G\u00fcrteltasche gro\u00df"},"content":{"rendered":"<p>Die kleine Schwarze f\u00fcr unterwegs. Sehr kompakt, aber dennoch \u00fcberraschend ger\u00e4umig &#8211; von der Zigarettenschachtel \u00fcber Feuerzeug, Perso, Kondome und Gleitmittel bis hin zum Poppersfl\u00e4schchen pa\u00dft alles rein. Innen maximal etwa 120 mm x 100 mm x 40 mm gro\u00df, sofern Du f\u00fcr entsprechende F\u00fcllung sorgst. Klassische, geformte Ausf\u00fchrung. Zwei schmale Innenf\u00e4cher f\u00fcr Geldscheine und Karten. Eine robuste G\u00fcrteltasche aus ca. 3 mm dickem und gl\u00e4nzend glattem Nappaleder, solide verarbeitet und sehr praktisch. Hinten mit zwei Schlaufen f\u00fcr G\u00fcrtel bis 5 cm Breite.<\/p>\n","protected":false},"excerpt":{"rendered":"<h4>Leder G\u00fcrteltasche gro\u00df<\/h4>\n<p>Die kleine Schwarze f\u00fcr unterwegs. Sehr kompakt, aber dennoch \u00fcberraschend ger\u00e4umig &#8211; von der Zigarettenschachtel \u00fcber Feuerzeug, Perso, Kondome und Gleitmittel bis hin zum Poppersfl\u00e4schchen pa\u00dft in diese Leder G\u00fcrteltasche alles rein.<\/p>\n","protected":false},"featured_media":15518,"comment_status":"open","ping_status":"closed","template":"","meta":[],"product_brand":[],"product_cat":[155,151,148,106],"product_tag":[3809,4398],"class_list":{"0":"post-7054","1":"product","2":"type-product","3":"status-publish","4":"has-post-thumbnail","6":"product_cat-guertel-gurte-2","7":"product_cat-accessoires-2","8":"product_cat-guertel-gurte","9":"product_cat-neu-bei-hml","10":"product_tag-fh-ledermanufaktur","11":"product_tag-hml-fetish-original","12":"product_shipping_class-paket","14":"first","15":"instock","16":"taxable","17":"shipping-taxable","18":"purchasable","19":"product-type-simple"},"_links":{"self":[{"href":"https:\/\/www.hml-fetish.de\/shop\/wp-json\/wp\/v2\/product\/7054","targetHints":{"allow":["GET"]}}],"collection":[{"href":"https:\/\/www.hml-fetish.de\/shop\/wp-json\/wp\/v2\/product"}],"about":[{"href":"https:\/\/www.hml-fetish.de\/shop\/wp-json\/wp\/v2\/types\/product"}],"replies":[{"embeddable":true,"href":"https:\/\/www.hml-fetish.de\/shop\/wp-json\/wp\/v2\/comments?post=7054"}],"version-history":[{"count":0,"href":"https:\/\/www.hml-fetish.de\/shop\/wp-json\/wp\/v2\/product\/7054\/revisions"}],"wp:featuredmedia":[{"embeddable":true,"href":"https:\/\/www.hml-fetish.de\/shop\/wp-json\/wp\/v2\/media\/15518"}],"wp:attachment":[{"href":"https:\/\/www.hml-fetish.de\/shop\/wp-json\/wp\/v2\/media?parent=7054"}],"wp:term":[{"taxonomy":"product_brand","embeddable":true,"href":"https:\/\/www.hml-fetish.de\/shop\/wp-json\/wp\/v2\/product_brand?post=7054"},{"taxonomy":"product_cat","embeddable":true,"href":"https:\/\/www.hml-fetish.de\/shop\/wp-json\/wp\/v2\/product_cat?post=7054"},{"taxonomy":"product_tag","embeddable":true,"href":"https:\/\/www.hml-fetish.de\/shop\/wp-json\/wp\/v2\/product_tag?post=7054"}],"curies":[{"name":"wp","href":"https:\/\/api.w.org\/{rel}","templated":true}]}}