{"id":7052,"date":"2022-01-23T22:53:18","date_gmt":"2022-01-23T21:53:18","guid":{"rendered":"https:\/\/www.hml-fetish.de\/shop\/?post_type=product&#038;p=7052"},"modified":"2023-10-06T15:39:27","modified_gmt":"2023-10-06T13:39:27","slug":"poppersflaschenhalter","status":"publish","type":"product","link":"https:\/\/www.hml-fetish.de\/shop\/poppersflaschenhalter\/","title":{"rendered":"Poppersflaschenhalter"},"content":{"rendered":"<p>Neu aufgelegt von der FH Ledermanufaktur: die ganz kleine Schwarze f\u00fcr unterwegs. Sehr kompakt. Angefertigt aus ca. 3 mm dickem und gl\u00e4nzend glattem Nappaleder. Solide verarbeitet und sehr praktisch. Wir haben drei Versionen f\u00fcr Dich am Lager:<\/p>\n<p>Klein &#8211; pa\u00dft f\u00fcr ein 10-ml Fl\u00e4schchen oder ein kleines Feuerzeug. Au\u00dfenma\u00dfe ca. 95 mm x 60 mm x 35 mm. Hinten mit einer Schlaufe f\u00fcr G\u00fcrtel bis 5 cm Breite.<\/p>\n<p>Gro\u00df &#8211; pa\u00dft f\u00fcr ein 30-ml Fl\u00e4schchen oder ein gro\u00dfes Feuerzeug. Au\u00dfenma\u00dfe ca. 105 mm x 60 mm x 40 mm. Hinten mit einer Schlaufe f\u00fcr G\u00fcrtel bis 5 cm Breite &#8211; wahlweise zum Durchschieben f\u00fcr Deinen G\u00fcrtel oder mit Druckknopf zum Einknipsen.<\/p>\n","protected":false},"excerpt":{"rendered":"<h4>Poppersflaschenhalter<\/h4>\n<p>Neu aufgelegt von der FH Ledermanufaktur: die ganz kleine Schwarze f\u00fcr unterwegs. Sehr kompakt &#8211; pa\u00dft je nach Gr\u00f6\u00dfe f\u00fcr ein 10 ml oder ein 30-ml Fl\u00e4schchen oder ein Feuerzeug. Angefertigt aus ca. 3 mm dickem und gl\u00e4nzend glattem Nappaleder. Solide verarbeitet und sehr praktisch. Hinten mit einer Schlaufe f\u00fcr G\u00fcrtel bis 5 cm Breite.<\/p>\n","protected":false},"featured_media":15566,"comment_status":"open","ping_status":"closed","template":"","meta":[],"product_brand":[],"product_cat":[151,169,95,148],"product_tag":[3809,4398],"class_list":{"0":"post-7052","1":"product","2":"type-product","3":"status-publish","4":"has-post-thumbnail","6":"product_cat-accessoires-2","7":"product_cat-army-accessoires","8":"product_cat-bestseller","9":"product_cat-guertel-gurte","10":"product_tag-fh-ledermanufaktur","11":"product_tag-hml-fetish-original","12":"product_shipping_class-brief","14":"first","15":"instock","16":"taxable","17":"shipping-taxable","18":"purchasable","19":"product-type-variable"},"_links":{"self":[{"href":"https:\/\/www.hml-fetish.de\/shop\/wp-json\/wp\/v2\/product\/7052","targetHints":{"allow":["GET"]}}],"collection":[{"href":"https:\/\/www.hml-fetish.de\/shop\/wp-json\/wp\/v2\/product"}],"about":[{"href":"https:\/\/www.hml-fetish.de\/shop\/wp-json\/wp\/v2\/types\/product"}],"replies":[{"embeddable":true,"href":"https:\/\/www.hml-fetish.de\/shop\/wp-json\/wp\/v2\/comments?post=7052"}],"version-history":[{"count":0,"href":"https:\/\/www.hml-fetish.de\/shop\/wp-json\/wp\/v2\/product\/7052\/revisions"}],"wp:featuredmedia":[{"embeddable":true,"href":"https:\/\/www.hml-fetish.de\/shop\/wp-json\/wp\/v2\/media\/15566"}],"wp:attachment":[{"href":"https:\/\/www.hml-fetish.de\/shop\/wp-json\/wp\/v2\/media?parent=7052"}],"wp:term":[{"taxonomy":"product_brand","embeddable":true,"href":"https:\/\/www.hml-fetish.de\/shop\/wp-json\/wp\/v2\/product_brand?post=7052"},{"taxonomy":"product_cat","embeddable":true,"href":"https:\/\/www.hml-fetish.de\/shop\/wp-json\/wp\/v2\/product_cat?post=7052"},{"taxonomy":"product_tag","embeddable":true,"href":"https:\/\/www.hml-fetish.de\/shop\/wp-json\/wp\/v2\/product_tag?post=7052"}],"curies":[{"name":"wp","href":"https:\/\/api.w.org\/{rel}","templated":true}]}}