{"id":7049,"date":"2022-01-23T22:53:17","date_gmt":"2022-01-23T21:53:17","guid":{"rendered":"https:\/\/www.hml-fetish.de\/shop\/?post_type=product&#038;p=7049"},"modified":"2023-04-15T13:32:40","modified_gmt":"2023-04-15T11:32:40","slug":"leder-geldbeutel","status":"publish","type":"product","link":"https:\/\/www.hml-fetish.de\/shop\/leder-geldbeutel\/","title":{"rendered":"Leder Geldbeutel"},"content":{"rendered":"<p>Aus der eigenen Werkstatt: der HML Fetish Geldbeutel! Ein echter allround Organizer, in dem au\u00dfer Geld auch Ausweis- oder Scheckkarten und ein Schl\u00fcsselbund Platz finden. Die Tasche mi\u00dft etwa 8 cm x 12 cm und ist oben verschlie\u00dfbar mit einem Metall-Rei\u00dfverschlu\u00df. Ein Kleingeld- oder Kartenfach ist separat \u00fcber einen kleinen Au\u00dfenrei\u00dfverschlu\u00df zug\u00e4nglich und im Innern befindet sich ein separates Fach f\u00fcr Scheine und ein weiteres, das eine Schlaufe beinhaltet, an der Du z.B. Dein Schl\u00fcsselbund oder eine Schl\u00fcsselkarte befestigen kannst. Das ganze Portemonnaie ist gearbeitet aus feinstem, weichem Ro\u00dfnappa und damit praktisch unzerst\u00f6rbar.<br \/>\nDu bekommst den Geldbeutel wahlweise einzeln, oder aber mit einer 40 cm Schl\u00fcsselkette verbunden.<\/p>\n","protected":false},"excerpt":{"rendered":"<h4>Leder Geldbeutel<\/h4>\n<p>Aus der eigenen Werkstatt: der HML Fetish Leder Geldbeutel! Ein echter allround Organizer, in dem au\u00dfer Geld auch Ausweis- oder Scheckkarten und ein Schl\u00fcsselbund Platz finden.<\/p>\n","protected":false},"featured_media":15623,"comment_status":"open","ping_status":"closed","template":"","meta":[],"product_brand":[],"product_cat":[151,169,127],"product_tag":[],"class_list":{"0":"post-7049","1":"product","2":"type-product","3":"status-publish","4":"has-post-thumbnail","6":"product_cat-accessoires-2","7":"product_cat-army-accessoires","8":"product_cat-diverses","9":"product_shipping_class-brief","11":"first","12":"instock","13":"taxable","14":"shipping-taxable","15":"purchasable","16":"product-type-variable"},"_links":{"self":[{"href":"https:\/\/www.hml-fetish.de\/shop\/wp-json\/wp\/v2\/product\/7049","targetHints":{"allow":["GET"]}}],"collection":[{"href":"https:\/\/www.hml-fetish.de\/shop\/wp-json\/wp\/v2\/product"}],"about":[{"href":"https:\/\/www.hml-fetish.de\/shop\/wp-json\/wp\/v2\/types\/product"}],"replies":[{"embeddable":true,"href":"https:\/\/www.hml-fetish.de\/shop\/wp-json\/wp\/v2\/comments?post=7049"}],"version-history":[{"count":0,"href":"https:\/\/www.hml-fetish.de\/shop\/wp-json\/wp\/v2\/product\/7049\/revisions"}],"wp:featuredmedia":[{"embeddable":true,"href":"https:\/\/www.hml-fetish.de\/shop\/wp-json\/wp\/v2\/media\/15623"}],"wp:attachment":[{"href":"https:\/\/www.hml-fetish.de\/shop\/wp-json\/wp\/v2\/media?parent=7049"}],"wp:term":[{"taxonomy":"product_brand","embeddable":true,"href":"https:\/\/www.hml-fetish.de\/shop\/wp-json\/wp\/v2\/product_brand?post=7049"},{"taxonomy":"product_cat","embeddable":true,"href":"https:\/\/www.hml-fetish.de\/shop\/wp-json\/wp\/v2\/product_cat?post=7049"},{"taxonomy":"product_tag","embeddable":true,"href":"https:\/\/www.hml-fetish.de\/shop\/wp-json\/wp\/v2\/product_tag?post=7049"}],"curies":[{"name":"wp","href":"https:\/\/api.w.org\/{rel}","templated":true}]}}