{"id":7045,"date":"2022-01-23T22:53:16","date_gmt":"2022-01-23T21:53:16","guid":{"rendered":"https:\/\/www.hml-fetish.de\/shop\/?post_type=product&#038;p=7045"},"modified":"2022-03-12T21:29:52","modified_gmt":"2022-03-12T20:29:52","slug":"postkarte-get-it-on-line","status":"publish","type":"product","link":"https:\/\/www.hml-fetish.de\/shop\/postkarte-get-it-on-line\/","title":{"rendered":"Postkarte \u00bbGet it on line\u00ab"},"content":{"rendered":"<p>Postkarte, Gr\u00f6\u00dfe 100 x 150 mm, photographiert in schwarzwei\u00df, Gedruckt von Foerster Media. Diese Geschenk-Karte ist ein Sammlerst\u00fcck, das Du anderswo kaum mehr bekommst.<\/p>\n","protected":false},"excerpt":{"rendered":"<h4>\u00bbGet it on line\u00ab<\/h4>\n<p>Postkarte, Gr\u00f6\u00dfe 100 x 150 mm, photographiert in schwarzwei\u00df, Gedruckt von Foerster Media.<\/p>\n","protected":false},"featured_media":15704,"comment_status":"open","ping_status":"closed","template":"","meta":[],"product_brand":[],"product_cat":[126],"product_tag":[],"class_list":{"0":"post-7045","1":"product","2":"type-product","3":"status-publish","4":"has-post-thumbnail","6":"product_cat-grusskarten","7":"product_shipping_class-brief","9":"first","10":"instock","11":"taxable","12":"shipping-taxable","13":"purchasable","14":"product-type-simple"},"_links":{"self":[{"href":"https:\/\/www.hml-fetish.de\/shop\/wp-json\/wp\/v2\/product\/7045","targetHints":{"allow":["GET"]}}],"collection":[{"href":"https:\/\/www.hml-fetish.de\/shop\/wp-json\/wp\/v2\/product"}],"about":[{"href":"https:\/\/www.hml-fetish.de\/shop\/wp-json\/wp\/v2\/types\/product"}],"replies":[{"embeddable":true,"href":"https:\/\/www.hml-fetish.de\/shop\/wp-json\/wp\/v2\/comments?post=7045"}],"version-history":[{"count":0,"href":"https:\/\/www.hml-fetish.de\/shop\/wp-json\/wp\/v2\/product\/7045\/revisions"}],"wp:featuredmedia":[{"embeddable":true,"href":"https:\/\/www.hml-fetish.de\/shop\/wp-json\/wp\/v2\/media\/15704"}],"wp:attachment":[{"href":"https:\/\/www.hml-fetish.de\/shop\/wp-json\/wp\/v2\/media?parent=7045"}],"wp:term":[{"taxonomy":"product_brand","embeddable":true,"href":"https:\/\/www.hml-fetish.de\/shop\/wp-json\/wp\/v2\/product_brand?post=7045"},{"taxonomy":"product_cat","embeddable":true,"href":"https:\/\/www.hml-fetish.de\/shop\/wp-json\/wp\/v2\/product_cat?post=7045"},{"taxonomy":"product_tag","embeddable":true,"href":"https:\/\/www.hml-fetish.de\/shop\/wp-json\/wp\/v2\/product_tag?post=7045"}],"curies":[{"name":"wp","href":"https:\/\/api.w.org\/{rel}","templated":true}]}}