{"id":7034,"date":"2022-01-23T22:52:54","date_gmt":"2022-01-23T21:52:54","guid":{"rendered":"https:\/\/www.hml-fetish.de\/shop\/?post_type=product&#038;p=7034"},"modified":"2022-09-20T04:09:22","modified_gmt":"2022-09-20T02:09:22","slug":"klappkarte-kissing-george","status":"publish","type":"product","link":"https:\/\/www.hml-fetish.de\/shop\/klappkarte-kissing-george\/","title":{"rendered":"Klappkarte \u00bbkissing George\u00ab"},"content":{"rendered":"<p>Geschenkkarte mit Umschlag, Gr\u00f6\u00dfe 105 x 150 mm, gezeichnet in schwarzwei\u00df, Woofi Artcore 2009. Der K\u00fcnstler kann seine Vorliebe f\u00fcr etwas b\u00e4rigere Subjekte nicht verleugnen. Diese Karte geh\u00f6rt zu einer nur einmal aufgelegten Sammleredition.<\/p>\n","protected":false},"excerpt":{"rendered":"<h4>Klappkarte \u00bbkissing George\u00ab<\/h4>\n<p>Geschenkkarte mit Umschlag, Gr\u00f6\u00dfe 105 x 150 mm, gezeichnet in schwarzwei\u00df, Woofi Artcore 2009. Der K\u00fcnstler kann seine Vorliebe f\u00fcr etwas b\u00e4rigere Subjekte nicht verleugnen. Diese Karte geh\u00f6rt zu einer nur einmal aufgelegten Sammleredition.<\/p>\n","protected":false},"featured_media":15795,"comment_status":"open","ping_status":"closed","template":"","meta":[],"product_brand":[],"product_cat":[126,123],"product_tag":[],"class_list":{"0":"post-7034","1":"product","2":"type-product","3":"status-publish","4":"has-post-thumbnail","6":"product_cat-grusskarten","7":"product_cat-adult","8":"product_shipping_class-brief","10":"first","11":"instock","12":"taxable","13":"shipping-taxable","14":"purchasable","15":"product-type-simple"},"_links":{"self":[{"href":"https:\/\/www.hml-fetish.de\/shop\/wp-json\/wp\/v2\/product\/7034","targetHints":{"allow":["GET"]}}],"collection":[{"href":"https:\/\/www.hml-fetish.de\/shop\/wp-json\/wp\/v2\/product"}],"about":[{"href":"https:\/\/www.hml-fetish.de\/shop\/wp-json\/wp\/v2\/types\/product"}],"replies":[{"embeddable":true,"href":"https:\/\/www.hml-fetish.de\/shop\/wp-json\/wp\/v2\/comments?post=7034"}],"version-history":[{"count":0,"href":"https:\/\/www.hml-fetish.de\/shop\/wp-json\/wp\/v2\/product\/7034\/revisions"}],"wp:featuredmedia":[{"embeddable":true,"href":"https:\/\/www.hml-fetish.de\/shop\/wp-json\/wp\/v2\/media\/15795"}],"wp:attachment":[{"href":"https:\/\/www.hml-fetish.de\/shop\/wp-json\/wp\/v2\/media?parent=7034"}],"wp:term":[{"taxonomy":"product_brand","embeddable":true,"href":"https:\/\/www.hml-fetish.de\/shop\/wp-json\/wp\/v2\/product_brand?post=7034"},{"taxonomy":"product_cat","embeddable":true,"href":"https:\/\/www.hml-fetish.de\/shop\/wp-json\/wp\/v2\/product_cat?post=7034"},{"taxonomy":"product_tag","embeddable":true,"href":"https:\/\/www.hml-fetish.de\/shop\/wp-json\/wp\/v2\/product_tag?post=7034"}],"curies":[{"name":"wp","href":"https:\/\/api.w.org\/{rel}","templated":true}]}}