{"id":7031,"date":"2022-01-23T22:52:53","date_gmt":"2022-01-23T21:52:53","guid":{"rendered":"https:\/\/www.hml-fetish.de\/shop\/?post_type=product&#038;p=7031"},"modified":"2022-03-13T16:59:12","modified_gmt":"2022-03-13T15:59:12","slug":"klett-handfesseln","status":"publish","type":"product","link":"https:\/\/www.hml-fetish.de\/shop\/klett-handfesseln\/","title":{"rendered":"Klett-Handfesseln"},"content":{"rendered":"<p>Ein Paar Handfesseln aus solidem Klett, mit denen widerspenstige Leute z.B. in der Psychiatrie ruhiggestellt werden. Innen leicht gepolstert. Breite 50 mm mit stabilen, verschwei\u00dften D-Ringen und einem Karabiner. Eine Universalgr\u00f6\u00dfe.<\/p>\n","protected":false},"excerpt":{"rendered":"<h4>Klett-Handfesseln<\/h4>\n<p>Ein Paar Handfesseln aus solidem Klett, mit denen widerspenstige Leute z.B. in der Psychiatrie ruhiggestellt werden. Innen leicht gepolstert. Breite 50 mm mit stabilen, verschwei\u00dften D-Ringen und einem Karabiner. Eine Universalgr\u00f6\u00dfe.<\/p>\n","protected":false},"featured_media":15826,"comment_status":"open","ping_status":"closed","template":"","meta":[],"product_brand":[],"product_cat":[137,103],"product_tag":[],"class_list":{"0":"post-7031","1":"product","2":"type-product","3":"status-publish","4":"has-post-thumbnail","6":"product_cat-bondage","7":"product_cat-online-flohmarkt","8":"product_shipping_class-brief","10":"first","11":"instock","12":"taxable","13":"shipping-taxable","14":"purchasable","15":"product-type-simple"},"_links":{"self":[{"href":"https:\/\/www.hml-fetish.de\/shop\/wp-json\/wp\/v2\/product\/7031","targetHints":{"allow":["GET"]}}],"collection":[{"href":"https:\/\/www.hml-fetish.de\/shop\/wp-json\/wp\/v2\/product"}],"about":[{"href":"https:\/\/www.hml-fetish.de\/shop\/wp-json\/wp\/v2\/types\/product"}],"replies":[{"embeddable":true,"href":"https:\/\/www.hml-fetish.de\/shop\/wp-json\/wp\/v2\/comments?post=7031"}],"version-history":[{"count":0,"href":"https:\/\/www.hml-fetish.de\/shop\/wp-json\/wp\/v2\/product\/7031\/revisions"}],"wp:featuredmedia":[{"embeddable":true,"href":"https:\/\/www.hml-fetish.de\/shop\/wp-json\/wp\/v2\/media\/15826"}],"wp:attachment":[{"href":"https:\/\/www.hml-fetish.de\/shop\/wp-json\/wp\/v2\/media?parent=7031"}],"wp:term":[{"taxonomy":"product_brand","embeddable":true,"href":"https:\/\/www.hml-fetish.de\/shop\/wp-json\/wp\/v2\/product_brand?post=7031"},{"taxonomy":"product_cat","embeddable":true,"href":"https:\/\/www.hml-fetish.de\/shop\/wp-json\/wp\/v2\/product_cat?post=7031"},{"taxonomy":"product_tag","embeddable":true,"href":"https:\/\/www.hml-fetish.de\/shop\/wp-json\/wp\/v2\/product_tag?post=7031"}],"curies":[{"name":"wp","href":"https:\/\/api.w.org\/{rel}","templated":true}]}}