{"id":7029,"date":"2022-01-23T22:52:52","date_gmt":"2022-01-23T21:52:52","guid":{"rendered":"https:\/\/www.hml-fetish.de\/shop\/?post_type=product&#038;p=7029"},"modified":"2022-03-14T12:59:04","modified_gmt":"2022-03-14T11:59:04","slug":"perfect-fit-ribbed-ring","status":"publish","type":"product","link":"https:\/\/www.hml-fetish.de\/shop\/perfect-fit-ribbed-ring\/","title":{"rendered":"Perfect Fit Ribbed Ring"},"content":{"rendered":"<p>Der schwarze \u00bbPerfect Fit Ribbed Ring\u00ab ist ein neuer Standard, um eine langanhaltende Erektion zu produzieren. Er ist extrem komfortabel anzulegen und zu tragen, ziept nicht und kratzt nicht. Er ist bei 18 mm Innendurchmesser und anf\u00e4nglicher Ringdicke super dehnbar und pa\u00dft wirklich jedem! Durch seinen g\u00fcnstigen Preis eignet er sich auch f\u00fcr Anf\u00e4nger, die einfach mal das geile Gef\u00fchl eines Cockringes testen wollen.<\/p>\n","protected":false},"excerpt":{"rendered":"<h4>Perfect Fit Ribbed Ring<\/h4>\n<p>Der schwarze \u00bbRibbed Ring\u00ab ist ein neuer Standard, um eine langanhaltende Erektion zu produzieren. Er ist extrem komfortabel anzulegen und zu tragen, ziept nicht und kratzt nicht. Er ist bei 18 mm Innendurchmesser und anf\u00e4nglicher Ringdicke super dehnbar und pa\u00dft wirklich jedem! Durch seinen g\u00fcnstigen Preis eignet er sich auch f\u00fcr Anf\u00e4nger, die einfach mal das geile Gef\u00fchl eines Cockringes testen wollen.<\/p>\n","protected":false},"featured_media":15859,"comment_status":"open","ping_status":"closed","template":"","meta":[],"product_brand":[],"product_cat":[167,108],"product_tag":[3902],"class_list":{"0":"post-7029","1":"product","2":"type-product","3":"status-publish","4":"has-post-thumbnail","6":"product_cat-cockringe","7":"product_cat-restposten-einzelstuecke","8":"product_tag-perfect-fit","9":"product_shipping_class-brief","11":"first","12":"instock","13":"taxable","14":"shipping-taxable","15":"purchasable","16":"product-type-simple"},"_links":{"self":[{"href":"https:\/\/www.hml-fetish.de\/shop\/wp-json\/wp\/v2\/product\/7029","targetHints":{"allow":["GET"]}}],"collection":[{"href":"https:\/\/www.hml-fetish.de\/shop\/wp-json\/wp\/v2\/product"}],"about":[{"href":"https:\/\/www.hml-fetish.de\/shop\/wp-json\/wp\/v2\/types\/product"}],"replies":[{"embeddable":true,"href":"https:\/\/www.hml-fetish.de\/shop\/wp-json\/wp\/v2\/comments?post=7029"}],"version-history":[{"count":0,"href":"https:\/\/www.hml-fetish.de\/shop\/wp-json\/wp\/v2\/product\/7029\/revisions"}],"wp:featuredmedia":[{"embeddable":true,"href":"https:\/\/www.hml-fetish.de\/shop\/wp-json\/wp\/v2\/media\/15859"}],"wp:attachment":[{"href":"https:\/\/www.hml-fetish.de\/shop\/wp-json\/wp\/v2\/media?parent=7029"}],"wp:term":[{"taxonomy":"product_brand","embeddable":true,"href":"https:\/\/www.hml-fetish.de\/shop\/wp-json\/wp\/v2\/product_brand?post=7029"},{"taxonomy":"product_cat","embeddable":true,"href":"https:\/\/www.hml-fetish.de\/shop\/wp-json\/wp\/v2\/product_cat?post=7029"},{"taxonomy":"product_tag","embeddable":true,"href":"https:\/\/www.hml-fetish.de\/shop\/wp-json\/wp\/v2\/product_tag?post=7029"}],"curies":[{"name":"wp","href":"https:\/\/api.w.org\/{rel}","templated":true}]}}