{"id":7021,"date":"2022-01-23T22:52:50","date_gmt":"2022-01-23T21:52:50","guid":{"rendered":"https:\/\/www.hml-fetish.de\/shop\/?post_type=product&#038;p=7021"},"modified":"2023-08-16T14:50:51","modified_gmt":"2023-08-16T12:50:51","slug":"baseballschlaeger","status":"publish","type":"product","link":"https:\/\/www.hml-fetish.de\/shop\/baseballschlaeger\/","title":{"rendered":"Baseballschl\u00e4ger"},"content":{"rendered":"<p>Ein echter amerikanischer Baseball-Schl\u00e4ger aus silbern lackiertem Holz, das am Griff f\u00fcr ein leichteres Zupacken schwarz umwickelt ist. Der Stock ist 66 cm lang und knapp 5 cm dick. Ein Mu\u00df f\u00fcr jede Skin-Party!<br \/>\n<BR>Unser Modell <a href=\"https:\/\/www.mikegorden.de\/web\/\" title=\"Mike Gorden\" target=\"_blank\" rel=\"noopener\">Mike Gorden<\/a> ist im Preis allerdings nicht inbegriffen \ud83d\ude09<\/p>\n","protected":false},"excerpt":{"rendered":"<h4>Baseballschl\u00e4ger<\/h4>\n<p>Ein echter amerikanischer Baseball-Schl\u00e4ger aus silbern lackiertem Holz, das am Griff f\u00fcr ein leichteres Zupacken schwarz umwickelt ist. Der Stock ist 66 cm lang und knapp 5 cm dick. Ein Mu\u00df f\u00fcr jede Skin-Party!<\/p>\n","protected":false},"featured_media":15970,"comment_status":"open","ping_status":"closed","template":"","meta":[],"product_brand":[],"product_cat":[169,95,132,134],"product_tag":[],"class_list":{"0":"post-7021","1":"product","2":"type-product","3":"status-publish","4":"has-post-thumbnail","6":"product_cat-army-accessoires","7":"product_cat-bestseller","8":"product_cat-dungeon","9":"product_cat-flag","10":"product_shipping_class-paket","12":"first","13":"instock","14":"taxable","15":"shipping-taxable","16":"purchasable","17":"product-type-simple"},"_links":{"self":[{"href":"https:\/\/www.hml-fetish.de\/shop\/wp-json\/wp\/v2\/product\/7021","targetHints":{"allow":["GET"]}}],"collection":[{"href":"https:\/\/www.hml-fetish.de\/shop\/wp-json\/wp\/v2\/product"}],"about":[{"href":"https:\/\/www.hml-fetish.de\/shop\/wp-json\/wp\/v2\/types\/product"}],"replies":[{"embeddable":true,"href":"https:\/\/www.hml-fetish.de\/shop\/wp-json\/wp\/v2\/comments?post=7021"}],"version-history":[{"count":0,"href":"https:\/\/www.hml-fetish.de\/shop\/wp-json\/wp\/v2\/product\/7021\/revisions"}],"wp:featuredmedia":[{"embeddable":true,"href":"https:\/\/www.hml-fetish.de\/shop\/wp-json\/wp\/v2\/media\/15970"}],"wp:attachment":[{"href":"https:\/\/www.hml-fetish.de\/shop\/wp-json\/wp\/v2\/media?parent=7021"}],"wp:term":[{"taxonomy":"product_brand","embeddable":true,"href":"https:\/\/www.hml-fetish.de\/shop\/wp-json\/wp\/v2\/product_brand?post=7021"},{"taxonomy":"product_cat","embeddable":true,"href":"https:\/\/www.hml-fetish.de\/shop\/wp-json\/wp\/v2\/product_cat?post=7021"},{"taxonomy":"product_tag","embeddable":true,"href":"https:\/\/www.hml-fetish.de\/shop\/wp-json\/wp\/v2\/product_tag?post=7021"}],"curies":[{"name":"wp","href":"https:\/\/api.w.org\/{rel}","templated":true}]}}