{"id":7012,"date":"2022-01-23T22:52:48","date_gmt":"2022-01-23T21:52:48","guid":{"rendered":"https:\/\/www.hml-fetish.de\/shop\/?post_type=product&#038;p=7012"},"modified":"2026-01-27T13:14:45","modified_gmt":"2026-01-27T12:14:45","slug":"pig-hole-plug","status":"publish","type":"product","link":"https:\/\/www.hml-fetish.de\/shop\/pig-hole-plug\/","title":{"rendered":"Pig Hole Plug"},"content":{"rendered":"<p>Es gibt einige hohle Plugs am Markt, aber nur einer ist so dumm geil wie der von \u00bbOxballs\u00ab. Der pa\u00dft hinten rein, als w\u00e4re er ma\u00dfgefertigt. Das Silikonmaterial f\u00fchlt sich fast wie echte Haut an, wird im K\u00f6rper schnell warm und hat gen\u00fcgend Kraft, Dein Loch offenzuhalten, solange Dein Partner kann.<\/p>\n<p>Mit dem PIG HOLE PLUG kannst Du alles machen, wof\u00fcr Dir sonst die Kondition fehlt: ganz lange Sessions ohne da\u00df etwas ausleiert oder auch das Lustobjekt in einer Gangbang Party sein. Du nimmst sie alle und bleibst so fit wie ein Stahlg\u00fcrtelreifen!<\/p>\n<p>Dabei bekommst Du alles hautnah mit: Der Plug arbeitet n\u00e4mlich in Dir und Du sp\u00fcrst das Eindringen und die St\u00f6\u00dfe, weil das Material gerade d\u00fcnn genug ist, um gef\u00fchlsecht zu sein. Es ist ein ganz neues Erlebnis, gleichzeitig die St\u00f6\u00dfe zu sp\u00fcren, aber dennoch abgekoppelt zu sein vom Geschehen. Genau das macht es auch f\u00fcr den Aktiven geil. Der Kanal ist innen geriffelt und massiert Deine Eichel wie ein Paar hungriger Lippen.<\/p>\n<p>F\u00fcr gr\u00f6\u00dfere Kaliber wurde die mittlere Gr\u00f6\u00dfe entworfen und die ganz gro\u00dfen Versionen sind sehr geil, wenn Du w\u00e4hrend oder nach einer Fistparty einen Gang zur\u00fcck schalten willst. Das ist totaler Zugang bei maximalem Spa\u00df!<\/p>\n<p>Der PIG HOLE PLUG vertr\u00e4gt sich mit allen Gleitmitteln auf Wasser- und\/oder Silikonbasis. Reinigen kannst Du ihn mit warmem Wasser und milder Seife. Er vertr\u00e4gt aber auch Sterilisieren durch Kochen oder Autoklavieren. Preis pro St\u00fcck.<\/p>\n<p>Gr\u00f6\u00dfe S hat ca. 32 mm Innendurchmesser bei ca. 52 mm Au\u00dfendurchmesser und 8,5 cm H\u00f6he.<\/p>\n<p>Gr\u00f6\u00dfe M hat ca. 41 mm Innendurchmesser bei ca. 61 mm Au\u00dfendurchmesser und 11 cm H\u00f6he.<\/p>\n<p>Gr\u00f6\u00dfe L hat ca. 50 mm Innendurchmesser bei ca. 70 mm Au\u00dfendurchmesser und 12,5 cm H\u00f6he.<\/p>\n<p>Gr\u00f6\u00dfe XL hat ca. 55 mm Innendurchmesser bei ca. 77 mm Au\u00dfendurchmesser und 14 cm H\u00f6he.<\/p>\n<p>Gr\u00f6\u00dfe XXL hat ca. 60 mm Innendurchmesser bei ca. 86 mm Au\u00dfendurchmesser und 15,5 cm H\u00f6he.<\/p>\n<p><img decoding=\"async\" title=\"Oxballs \u2013 mehr mu\u00df ein Mann nicht anhaben!\" src=\"\/template\/ob.gif\" alt=\"Oxballs \u2013 mehr mu\u00df ein Mann nicht anhaben!\" width=\"97\" height=\"97\" border=\"0\" \/><\/p>\n","protected":false},"excerpt":{"rendered":"<h4>Pig Hole Plug<\/h4>\n<p>Es gibt einige hohle Plugs am Markt, aber nur einer ist so dumm geil wie der von \u00bbOxballs\u00ab. Der pa\u00dft hinten rein, als w\u00e4re er ma\u00dfgefertigt. Das Silikonmaterial f\u00fchlt sich fast wie echte Haut an, wird im K\u00f6rper schnell warm und hat gen\u00fcgend Kraft, Dein Loch offenzuhalten, solange Dein Partner kann.<\/p>\n","protected":false},"featured_media":16114,"comment_status":"open","ping_status":"closed","template":"","meta":[],"product_brand":[],"product_cat":[139,95,131,132],"product_tag":[3919],"class_list":{"0":"post-7012","1":"product","2":"type-product","3":"status-publish","4":"has-post-thumbnail","6":"product_cat-plugs","7":"product_cat-bestseller","8":"product_cat-dildos","9":"product_cat-dungeon","10":"product_tag-oxballs","11":"product_shipping_class-paket","13":"first","14":"instock","15":"taxable","16":"shipping-taxable","17":"purchasable","18":"product-type-variable"},"_links":{"self":[{"href":"https:\/\/www.hml-fetish.de\/shop\/wp-json\/wp\/v2\/product\/7012","targetHints":{"allow":["GET"]}}],"collection":[{"href":"https:\/\/www.hml-fetish.de\/shop\/wp-json\/wp\/v2\/product"}],"about":[{"href":"https:\/\/www.hml-fetish.de\/shop\/wp-json\/wp\/v2\/types\/product"}],"replies":[{"embeddable":true,"href":"https:\/\/www.hml-fetish.de\/shop\/wp-json\/wp\/v2\/comments?post=7012"}],"version-history":[{"count":0,"href":"https:\/\/www.hml-fetish.de\/shop\/wp-json\/wp\/v2\/product\/7012\/revisions"}],"wp:featuredmedia":[{"embeddable":true,"href":"https:\/\/www.hml-fetish.de\/shop\/wp-json\/wp\/v2\/media\/16114"}],"wp:attachment":[{"href":"https:\/\/www.hml-fetish.de\/shop\/wp-json\/wp\/v2\/media?parent=7012"}],"wp:term":[{"taxonomy":"product_brand","embeddable":true,"href":"https:\/\/www.hml-fetish.de\/shop\/wp-json\/wp\/v2\/product_brand?post=7012"},{"taxonomy":"product_cat","embeddable":true,"href":"https:\/\/www.hml-fetish.de\/shop\/wp-json\/wp\/v2\/product_cat?post=7012"},{"taxonomy":"product_tag","embeddable":true,"href":"https:\/\/www.hml-fetish.de\/shop\/wp-json\/wp\/v2\/product_tag?post=7012"}],"curies":[{"name":"wp","href":"https:\/\/api.w.org\/{rel}","templated":true}]}}