{"id":7009,"date":"2022-01-23T22:52:28","date_gmt":"2022-01-23T21:52:28","guid":{"rendered":"https:\/\/www.hml-fetish.de\/shop\/?post_type=product&#038;p=7009"},"modified":"2025-08-22T16:30:12","modified_gmt":"2025-08-22T14:30:12","slug":"oxballs-silicone-cocksling","status":"publish","type":"product","link":"https:\/\/www.hml-fetish.de\/shop\/oxballs-silicone-cocksling\/","title":{"rendered":"Oxballs Silicone Cocksling"},"content":{"rendered":"<p>Der Oxballs Silicone Cocksling 2 ist das ultimative Geschirr f\u00fcr Dein Ger\u00e4t. Schwarzes, flexibles Silikon umschlie\u00dft Schaft und Sack an der Basis mit starkem Griff, l\u00e4\u00dft sie aber dennoch frei genug f\u00fcr den Zugriff eines warmen, pulsierenden Werkzeuges, das Deine S\u00e4fte steigen l\u00e4\u00dft und sie anschlie\u00dfend freisetzt.<\/p>\n<p>Hergestellt in den USA aus extrem robustem Material. Universalgr\u00f6\u00dfe. Reinigung mit handwarmem Wasser und milder Seife. Vertr\u00e4gt sich mit allen Gleitmitteln.<\/p>\n<p><img decoding=\"async\" title=\"Oxballs \u2013 mehr mu\u00df ein Mann nicht anhaben!\" src=\"\/template\/ob.gif\" alt=\"Oxballs \u2013 mehr mu\u00df ein Mann nicht anhaben!\" width=\"97\" height=\"97\" border=\"0\" \/><\/p>\n","protected":false},"excerpt":{"rendered":"<h4>Oxballs Silicone Cocksling<\/h4>\n<p>Das ultimative Geschirr f\u00fcr Dein Ger\u00e4t. Schwarzes, flexibles Silikon umschlie\u00dft Schaft und Sack an der Basis mit starkem Griff, l\u00e4\u00dft sie aber dennoch frei genug f\u00fcr den Zugriff eines warmen, pulsierenden Werkzeuges, das Deine S\u00e4fte steigen l\u00e4\u00dft und sie anschlie\u00dfend freisetzt.<\/p>\n","protected":false},"featured_media":16175,"comment_status":"open","ping_status":"closed","template":"","meta":[],"product_brand":[],"product_cat":[166,95,130],"product_tag":[3919],"class_list":{"0":"post-7009","1":"product","2":"type-product","3":"status-publish","4":"has-post-thumbnail","6":"product_cat-cockhalfter","7":"product_cat-bestseller","8":"product_cat-cbt","9":"product_tag-oxballs","10":"product_shipping_class-brief","12":"first","13":"instock","14":"taxable","15":"shipping-taxable","16":"purchasable","17":"product-type-simple"},"_links":{"self":[{"href":"https:\/\/www.hml-fetish.de\/shop\/wp-json\/wp\/v2\/product\/7009","targetHints":{"allow":["GET"]}}],"collection":[{"href":"https:\/\/www.hml-fetish.de\/shop\/wp-json\/wp\/v2\/product"}],"about":[{"href":"https:\/\/www.hml-fetish.de\/shop\/wp-json\/wp\/v2\/types\/product"}],"replies":[{"embeddable":true,"href":"https:\/\/www.hml-fetish.de\/shop\/wp-json\/wp\/v2\/comments?post=7009"}],"version-history":[{"count":0,"href":"https:\/\/www.hml-fetish.de\/shop\/wp-json\/wp\/v2\/product\/7009\/revisions"}],"wp:featuredmedia":[{"embeddable":true,"href":"https:\/\/www.hml-fetish.de\/shop\/wp-json\/wp\/v2\/media\/16175"}],"wp:attachment":[{"href":"https:\/\/www.hml-fetish.de\/shop\/wp-json\/wp\/v2\/media?parent=7009"}],"wp:term":[{"taxonomy":"product_brand","embeddable":true,"href":"https:\/\/www.hml-fetish.de\/shop\/wp-json\/wp\/v2\/product_brand?post=7009"},{"taxonomy":"product_cat","embeddable":true,"href":"https:\/\/www.hml-fetish.de\/shop\/wp-json\/wp\/v2\/product_cat?post=7009"},{"taxonomy":"product_tag","embeddable":true,"href":"https:\/\/www.hml-fetish.de\/shop\/wp-json\/wp\/v2\/product_tag?post=7009"}],"curies":[{"name":"wp","href":"https:\/\/api.w.org\/{rel}","templated":true}]}}