{"id":7008,"date":"2022-01-23T22:52:28","date_gmt":"2022-01-23T21:52:28","guid":{"rendered":"https:\/\/www.hml-fetish.de\/shop\/?post_type=product&#038;p=7008"},"modified":"2025-04-26T16:18:56","modified_gmt":"2025-04-26T14:18:56","slug":"code-muskelband-mit-farbigem-streifen","status":"publish","type":"product","link":"https:\/\/www.hml-fetish.de\/shop\/code-muskelband-mit-farbigem-streifen\/","title":{"rendered":"Code-Muskelband mit farbigem Streifen"},"content":{"rendered":"<p>Etwa 40 mm breit. Au\u00dfen schwarzes hochgl\u00e4nzendes Leder. Der innere Streifen besteht aus einem farbigen Leder. Mit zwei schweren nickelfreien Druckkn\u00f6pfen &#8211; also ein nicht allergenes Metall &#8211; und drei Gegenst\u00fccken noch leicht in der Gr\u00f6\u00dfe einzustellen. In den Gr\u00f6\u00dfen M, L, XL und XXL und den Zwischengr\u00f6\u00dfen M-L, L-XL und XL-XXL.<\/p>\n<p>Ein Oberarmband einfach gekn\u00f6pft \u00fcber den ausgestreckten Arm bis in die Vertiefung zwischen Bizeps und Deltamuskel hochschieben. Tip: gr\u00f6\u00dfere Gr\u00f6\u00dfen passen auch als Halsband!<\/p>\n<p><img decoding=\"async\" title=\"Gr\u00f6\u00dfentabelle\" src=\"\/GIF\/size_OA.gif\" alt=\"Gr\u00f6\u00dfentabelle\" width=\"153\" height=\"225\" border=\"0\" \/><\/p>\n","protected":false},"excerpt":{"rendered":"<h4>Code-Muskelband mit farbigem Streifen<\/h4>\n<p>Etwa 40 mm breit. Au\u00dfen schwarzes hochgl\u00e4nzendes Leder. Der innere Streifen aus einem farbigen Leder. Mit zwei schweren nickelfreien Druckkn\u00f6pfen und drei Gegenst\u00fccken noch leicht in der Gr\u00f6\u00dfe einzustellen. In den Gr\u00f6\u00dfen M, L, XL und XXL und den Zwischengr\u00f6\u00dfen M-L, L-XL und XL-XXL.<\/p>\n","protected":false},"featured_media":16189,"comment_status":"open","ping_status":"closed","template":"","meta":[],"product_brand":[],"product_cat":[152,95,125,105],"product_tag":[4398],"class_list":{"0":"post-7008","1":"product","2":"type-product","3":"status-publish","4":"has-post-thumbnail","6":"product_cat-armbaender","7":"product_cat-bestseller","8":"product_cat-gay-pride","9":"product_cat-sonderangebote","10":"product_tag-hml-fetish-original","11":"product_shipping_class-brief","13":"first","14":"instock","15":"taxable","16":"shipping-taxable","17":"purchasable","18":"product-type-variable"},"_links":{"self":[{"href":"https:\/\/www.hml-fetish.de\/shop\/wp-json\/wp\/v2\/product\/7008","targetHints":{"allow":["GET"]}}],"collection":[{"href":"https:\/\/www.hml-fetish.de\/shop\/wp-json\/wp\/v2\/product"}],"about":[{"href":"https:\/\/www.hml-fetish.de\/shop\/wp-json\/wp\/v2\/types\/product"}],"replies":[{"embeddable":true,"href":"https:\/\/www.hml-fetish.de\/shop\/wp-json\/wp\/v2\/comments?post=7008"}],"version-history":[{"count":0,"href":"https:\/\/www.hml-fetish.de\/shop\/wp-json\/wp\/v2\/product\/7008\/revisions"}],"wp:featuredmedia":[{"embeddable":true,"href":"https:\/\/www.hml-fetish.de\/shop\/wp-json\/wp\/v2\/media\/16189"}],"wp:attachment":[{"href":"https:\/\/www.hml-fetish.de\/shop\/wp-json\/wp\/v2\/media?parent=7008"}],"wp:term":[{"taxonomy":"product_brand","embeddable":true,"href":"https:\/\/www.hml-fetish.de\/shop\/wp-json\/wp\/v2\/product_brand?post=7008"},{"taxonomy":"product_cat","embeddable":true,"href":"https:\/\/www.hml-fetish.de\/shop\/wp-json\/wp\/v2\/product_cat?post=7008"},{"taxonomy":"product_tag","embeddable":true,"href":"https:\/\/www.hml-fetish.de\/shop\/wp-json\/wp\/v2\/product_tag?post=7008"}],"curies":[{"name":"wp","href":"https:\/\/api.w.org\/{rel}","templated":true}]}}