{"id":7001,"date":"2022-01-23T22:52:26","date_gmt":"2022-01-23T21:52:26","guid":{"rendered":"https:\/\/www.hml-fetish.de\/shop\/?post_type=product&#038;p=7001"},"modified":"2022-09-02T13:31:20","modified_gmt":"2022-09-02T11:31:20","slug":"leder-muskelband-mit-druckknoepfen","status":"publish","type":"product","link":"https:\/\/www.hml-fetish.de\/shop\/leder-muskelband-mit-druckknoepfen\/","title":{"rendered":"Leder Muskelband mit Druckkn\u00f6pfen"},"content":{"rendered":"<p>Ein 40 mm breites Oberarmband in der typischen Fertigungstechnik unserer Gurte. Aus geschmeidigem, umgebugten Rindnappa-Oberleder. Das macht sie stabiler, weicher und langlebiger als die woanders angebotenen aus geschnittenen Blanklederstreifen.<br \/>\n<br \/>Mit rost- und nickelfreien Druckkn\u00f6pfen verstellbar. Nicht allergenes Metall ist das Material der Kn\u00f6pfe. In den Gr\u00f6\u00dfen M, L, XL und XXL sowie den Zwischengr\u00f6\u00dfen M-L, L-XL und XL-XXL. Die gr\u00f6\u00dferen Gr\u00f6\u00dfen kannst Du auch als einfaches Halsband verwenden! Zum Anlegen schiebst Du das zugekn\u00f6pfte Armband \u00fcber den entspannten Arm nach oben.<br \/>\n<BR><img decoding=\"async\" src=\"\/GIF\/size_OA.gif\" alt=\"Gr\u00f6\u00dfentabelle\" title=\"Gr\u00f6\u00dfentabelle\" border=\"0\" height=\"225\" width=\"153\"><\/p>\n","protected":false},"excerpt":{"rendered":"<h4>Leder Muskelband mit Druckkn\u00f6pfen<\/h4>\n<p>Ein 40 mm breites Oberarmband in der typischen Fertigungstechnik unserer Gurte. Aus geschmeidigem Rindnappa-Oberleder. Das macht sie stabiler, weicher und langlebiger als die woanders angebotenen aus geschnittenen Blanklederstreifen.<\/p>\n","protected":false},"featured_media":16384,"comment_status":"open","ping_status":"closed","template":"","meta":[],"product_brand":[],"product_cat":[152,169,95],"product_tag":[4398],"class_list":{"0":"post-7001","1":"product","2":"type-product","3":"status-publish","4":"has-post-thumbnail","6":"product_cat-armbaender","7":"product_cat-army-accessoires","8":"product_cat-bestseller","9":"product_tag-hml-fetish-original","10":"product_shipping_class-brief","12":"first","13":"instock","14":"taxable","15":"shipping-taxable","16":"purchasable","17":"product-type-variable"},"_links":{"self":[{"href":"https:\/\/www.hml-fetish.de\/shop\/wp-json\/wp\/v2\/product\/7001","targetHints":{"allow":["GET"]}}],"collection":[{"href":"https:\/\/www.hml-fetish.de\/shop\/wp-json\/wp\/v2\/product"}],"about":[{"href":"https:\/\/www.hml-fetish.de\/shop\/wp-json\/wp\/v2\/types\/product"}],"replies":[{"embeddable":true,"href":"https:\/\/www.hml-fetish.de\/shop\/wp-json\/wp\/v2\/comments?post=7001"}],"version-history":[{"count":0,"href":"https:\/\/www.hml-fetish.de\/shop\/wp-json\/wp\/v2\/product\/7001\/revisions"}],"wp:featuredmedia":[{"embeddable":true,"href":"https:\/\/www.hml-fetish.de\/shop\/wp-json\/wp\/v2\/media\/16384"}],"wp:attachment":[{"href":"https:\/\/www.hml-fetish.de\/shop\/wp-json\/wp\/v2\/media?parent=7001"}],"wp:term":[{"taxonomy":"product_brand","embeddable":true,"href":"https:\/\/www.hml-fetish.de\/shop\/wp-json\/wp\/v2\/product_brand?post=7001"},{"taxonomy":"product_cat","embeddable":true,"href":"https:\/\/www.hml-fetish.de\/shop\/wp-json\/wp\/v2\/product_cat?post=7001"},{"taxonomy":"product_tag","embeddable":true,"href":"https:\/\/www.hml-fetish.de\/shop\/wp-json\/wp\/v2\/product_tag?post=7001"}],"curies":[{"name":"wp","href":"https:\/\/api.w.org\/{rel}","templated":true}]}}