{"id":7000,"date":"2022-01-23T22:52:25","date_gmt":"2022-01-23T21:52:25","guid":{"rendered":"https:\/\/www.hml-fetish.de\/shop\/?post_type=product&#038;p=7000"},"modified":"2024-11-25T08:38:25","modified_gmt":"2024-11-25T07:38:25","slug":"rollmuetze-ungefuettert","status":"publish","type":"product","link":"https:\/\/www.hml-fetish.de\/shop\/rollmuetze-ungefuettert\/","title":{"rendered":"Rollm\u00fctze ungef\u00fcttert"},"content":{"rendered":"<p>Die einfache Rollm\u00fctze f\u00fcr Wind und Wetter: grobgestrickt in Polyacryl bringt sie Dich warm durch den Winter. Einer unserer Bestseller, denn Du siehst auch in der Szene scharf drin aus. Wir haben drei Farben f\u00fcr Dich: schwarz, dunkelblau und oliv-gr\u00fcn. Eine Universalgr\u00f6\u00dfe.<\/p>\n","protected":false},"excerpt":{"rendered":"<h4>Rollm\u00fctze ungef\u00fcttert<\/h4>\n<p>Die einfache Rollm\u00fctze f\u00fcr Wind und Wetter: grobgestrickt in Polyacryl bringt sie Dich warm durch den Winter. Einer unserer Bestseller, denn Du siehst auch in der Szene scharf drin aus. Wir haben drei Farben f\u00fcr Dich: schwarz, dunkelblau und oliv-gr\u00fcn. Eine Universalgr\u00f6\u00dfe.<\/p>\n","protected":false},"featured_media":16419,"comment_status":"open","ping_status":"closed","template":"","meta":[],"product_brand":[],"product_cat":[169,127,3787],"product_tag":[],"class_list":{"0":"post-7000","1":"product","2":"type-product","3":"status-publish","4":"has-post-thumbnail","6":"product_cat-army-accessoires","7":"product_cat-diverses","8":"product_cat-muetzen","9":"product_shipping_class-brief","11":"first","12":"instock","13":"taxable","14":"shipping-taxable","15":"purchasable","16":"product-type-variable"},"_links":{"self":[{"href":"https:\/\/www.hml-fetish.de\/shop\/wp-json\/wp\/v2\/product\/7000","targetHints":{"allow":["GET"]}}],"collection":[{"href":"https:\/\/www.hml-fetish.de\/shop\/wp-json\/wp\/v2\/product"}],"about":[{"href":"https:\/\/www.hml-fetish.de\/shop\/wp-json\/wp\/v2\/types\/product"}],"replies":[{"embeddable":true,"href":"https:\/\/www.hml-fetish.de\/shop\/wp-json\/wp\/v2\/comments?post=7000"}],"version-history":[{"count":0,"href":"https:\/\/www.hml-fetish.de\/shop\/wp-json\/wp\/v2\/product\/7000\/revisions"}],"wp:featuredmedia":[{"embeddable":true,"href":"https:\/\/www.hml-fetish.de\/shop\/wp-json\/wp\/v2\/media\/16419"}],"wp:attachment":[{"href":"https:\/\/www.hml-fetish.de\/shop\/wp-json\/wp\/v2\/media?parent=7000"}],"wp:term":[{"taxonomy":"product_brand","embeddable":true,"href":"https:\/\/www.hml-fetish.de\/shop\/wp-json\/wp\/v2\/product_brand?post=7000"},{"taxonomy":"product_cat","embeddable":true,"href":"https:\/\/www.hml-fetish.de\/shop\/wp-json\/wp\/v2\/product_cat?post=7000"},{"taxonomy":"product_tag","embeddable":true,"href":"https:\/\/www.hml-fetish.de\/shop\/wp-json\/wp\/v2\/product_tag?post=7000"}],"curies":[{"name":"wp","href":"https:\/\/api.w.org\/{rel}","templated":true}]}}