{"id":6999,"date":"2022-01-23T22:52:25","date_gmt":"2022-01-23T21:52:25","guid":{"rendered":"https:\/\/www.hml-fetish.de\/shop\/?post_type=product&#038;p=6999"},"modified":"2023-10-22T12:48:47","modified_gmt":"2023-10-22T10:48:47","slug":"base-cap-woodland","status":"publish","type":"product","link":"https:\/\/www.hml-fetish.de\/shop\/base-cap-woodland\/","title":{"rendered":"Base-Cap woodland"},"content":{"rendered":"<p>Ein einfaches Baseball Cap mit guter Pa\u00dfform. Die Stirnsegmente sind versteift. Das Cap ist hinten mit einem Messingschieber einstellbar. Universalgr\u00f6\u00dfe, passend f\u00fcr etwa 55 cm bis 60 cm Stirnumfang.<\/p>\n","protected":false},"excerpt":{"rendered":"<h4>Base-Cap woodland<\/h4>\n<p>Ein einfaches Baseball Cap mit guter Pa\u00dfform. Die Stirnsegmente sind versteift. Das Cap ist hinten mit einem Messingschieber einstellbar. Universalgr\u00f6\u00dfe, passend f\u00fcr etwa 55 cm bis 60 cm Stirnumfang.<\/p>\n","protected":false},"featured_media":16447,"comment_status":"open","ping_status":"closed","template":"","meta":[],"product_brand":[],"product_cat":[171,108],"product_tag":[],"class_list":{"0":"post-6999","1":"product","2":"type-product","3":"status-publish","4":"has-post-thumbnail","6":"product_cat-army-boots-caps","7":"product_cat-restposten-einzelstuecke","8":"product_shipping_class-paket","10":"first","11":"instock","12":"taxable","13":"shipping-taxable","14":"purchasable","15":"product-type-simple"},"_links":{"self":[{"href":"https:\/\/www.hml-fetish.de\/shop\/wp-json\/wp\/v2\/product\/6999","targetHints":{"allow":["GET"]}}],"collection":[{"href":"https:\/\/www.hml-fetish.de\/shop\/wp-json\/wp\/v2\/product"}],"about":[{"href":"https:\/\/www.hml-fetish.de\/shop\/wp-json\/wp\/v2\/types\/product"}],"replies":[{"embeddable":true,"href":"https:\/\/www.hml-fetish.de\/shop\/wp-json\/wp\/v2\/comments?post=6999"}],"version-history":[{"count":0,"href":"https:\/\/www.hml-fetish.de\/shop\/wp-json\/wp\/v2\/product\/6999\/revisions"}],"wp:featuredmedia":[{"embeddable":true,"href":"https:\/\/www.hml-fetish.de\/shop\/wp-json\/wp\/v2\/media\/16447"}],"wp:attachment":[{"href":"https:\/\/www.hml-fetish.de\/shop\/wp-json\/wp\/v2\/media?parent=6999"}],"wp:term":[{"taxonomy":"product_brand","embeddable":true,"href":"https:\/\/www.hml-fetish.de\/shop\/wp-json\/wp\/v2\/product_brand?post=6999"},{"taxonomy":"product_cat","embeddable":true,"href":"https:\/\/www.hml-fetish.de\/shop\/wp-json\/wp\/v2\/product_cat?post=6999"},{"taxonomy":"product_tag","embeddable":true,"href":"https:\/\/www.hml-fetish.de\/shop\/wp-json\/wp\/v2\/product_tag?post=6999"}],"curies":[{"name":"wp","href":"https:\/\/api.w.org\/{rel}","templated":true}]}}