{"id":6998,"date":"2022-01-23T22:52:25","date_gmt":"2022-01-23T21:52:25","guid":{"rendered":"https:\/\/www.hml-fetish.de\/shop\/?post_type=product&#038;p=6998"},"modified":"2026-03-24T18:03:52","modified_gmt":"2026-03-24T17:03:52","slug":"leder-schiffchen-mit-farbiger-biese","status":"publish","type":"product","link":"https:\/\/www.hml-fetish.de\/shop\/leder-schiffchen-mit-farbiger-biese\/","title":{"rendered":"Leder Schiffchen mit farbiger Biese"},"content":{"rendered":"<p>Auch die Navy bekommt ihr Teil ab: ein \u00bbSchiffchen\u00ab der deutschen Seestreitkr\u00e4fte handgen\u00e4ht aus reinem Leder. Es gibt diese feschen Teile in deutschen M\u00fctzengr\u00f6\u00dfen f\u00fcr einen Stirnumfang zwischen 55 cm und 62 cm und jetzt auch mit einer rundum laufenden farbigen Biese. Sehr aussagestark!<\/p>\n<p><img decoding=\"async\" title=\"Gr\u00f6\u00dfentabelle\" src=\"\/GIF\/size_MA.gif\" alt=\"Gr\u00f6\u00dfentabelle\" width=\"114\" height=\"164\" border=\"0\" \/><\/p>\n","protected":false},"excerpt":{"rendered":"<h4>Leder Schiffchen mit farbiger Biese<\/h4>\n<p>Auch die Navy bekommt ihr Teil ab: ein \u00bbSchiffchen\u00ab der deutschen Seestreitkr\u00e4fte handgen\u00e4ht aus reinem Leder. Es gibt diese feschen Teile in deutschen M\u00fctzengr\u00f6\u00dfen f\u00fcr einen Stirnumfang zwischen 55 cm und 62 cm und jetzt auch mit einer rundum laufenden farbigen Biese. Sehr aussagestark!<\/p>\n","protected":false},"featured_media":16456,"comment_status":"open","ping_status":"closed","template":"","meta":[],"product_brand":[],"product_cat":[3787,171,106],"product_tag":[4398],"class_list":{"0":"post-6998","1":"product","2":"type-product","3":"status-publish","4":"has-post-thumbnail","6":"product_cat-muetzen","7":"product_cat-army-boots-caps","8":"product_cat-neu-bei-hml","9":"product_tag-hml-fetish-original","10":"product_shipping_class-brief","12":"first","13":"instock","14":"taxable","15":"shipping-taxable","16":"purchasable","17":"product-type-variable"},"_links":{"self":[{"href":"https:\/\/www.hml-fetish.de\/shop\/wp-json\/wp\/v2\/product\/6998","targetHints":{"allow":["GET"]}}],"collection":[{"href":"https:\/\/www.hml-fetish.de\/shop\/wp-json\/wp\/v2\/product"}],"about":[{"href":"https:\/\/www.hml-fetish.de\/shop\/wp-json\/wp\/v2\/types\/product"}],"replies":[{"embeddable":true,"href":"https:\/\/www.hml-fetish.de\/shop\/wp-json\/wp\/v2\/comments?post=6998"}],"version-history":[{"count":1,"href":"https:\/\/www.hml-fetish.de\/shop\/wp-json\/wp\/v2\/product\/6998\/revisions"}],"predecessor-version":[{"id":39696,"href":"https:\/\/www.hml-fetish.de\/shop\/wp-json\/wp\/v2\/product\/6998\/revisions\/39696"}],"wp:featuredmedia":[{"embeddable":true,"href":"https:\/\/www.hml-fetish.de\/shop\/wp-json\/wp\/v2\/media\/16456"}],"wp:attachment":[{"href":"https:\/\/www.hml-fetish.de\/shop\/wp-json\/wp\/v2\/media?parent=6998"}],"wp:term":[{"taxonomy":"product_brand","embeddable":true,"href":"https:\/\/www.hml-fetish.de\/shop\/wp-json\/wp\/v2\/product_brand?post=6998"},{"taxonomy":"product_cat","embeddable":true,"href":"https:\/\/www.hml-fetish.de\/shop\/wp-json\/wp\/v2\/product_cat?post=6998"},{"taxonomy":"product_tag","embeddable":true,"href":"https:\/\/www.hml-fetish.de\/shop\/wp-json\/wp\/v2\/product_tag?post=6998"}],"curies":[{"name":"wp","href":"https:\/\/api.w.org\/{rel}","templated":true}]}}