{"id":6997,"date":"2022-01-23T22:52:24","date_gmt":"2022-01-23T21:52:24","guid":{"rendered":"https:\/\/www.hml-fetish.de\/shop\/?post_type=product&#038;p=6997"},"modified":"2026-03-24T17:59:26","modified_gmt":"2026-03-24T16:59:26","slug":"leder-schiffchen","status":"publish","type":"product","link":"https:\/\/www.hml-fetish.de\/shop\/leder-schiffchen\/","title":{"rendered":"Leder Schiffchen"},"content":{"rendered":"<p>Auch die Navy bekommt ihr Teil ab: ein \u00bbSchiffchen\u00ab der deutschen Seestreitkr\u00e4fte handgen\u00e4ht aus reinem Leder. Es gibt diese feschen Teile in deutschen M\u00fctzengr\u00f6\u00dfen f\u00fcr einen Stirnumfang zwischen 55 cm und 62 cm.<br \/>\n<BR><img decoding=\"async\" src=\"\/GIF\/size_MA.gif\" alt=\"Gr\u00f6\u00dfentabelle\" title=\"Gr\u00f6\u00dfentabelle\" border=\"0\" height=\"164\" width=\"114\"><\/p>\n","protected":false},"excerpt":{"rendered":"<h4>Leder Schiffchen<\/h4>\n<p>Auch die Navy bekommt ihr Teil ab: ein \u00bbSchiffchen\u00ab der deutschen Seestreitkr\u00e4fte handgen\u00e4ht aus reinem Leder. Es gibt diese feschen Teile in deutschen M\u00fctzengr\u00f6\u00dfen f\u00fcr einen Stirnumfang zwischen 55 cm und 62 cm.<\/p>\n","protected":false},"featured_media":16628,"comment_status":"open","ping_status":"closed","template":"","meta":[],"product_brand":[],"product_cat":[3787,171,95],"product_tag":[4398],"class_list":{"0":"post-6997","1":"product","2":"type-product","3":"status-publish","4":"has-post-thumbnail","6":"product_cat-muetzen","7":"product_cat-army-boots-caps","8":"product_cat-bestseller","9":"product_tag-hml-fetish-original","10":"product_shipping_class-brief","12":"first","13":"instock","14":"taxable","15":"shipping-taxable","16":"purchasable","17":"product-type-variable"},"_links":{"self":[{"href":"https:\/\/www.hml-fetish.de\/shop\/wp-json\/wp\/v2\/product\/6997","targetHints":{"allow":["GET"]}}],"collection":[{"href":"https:\/\/www.hml-fetish.de\/shop\/wp-json\/wp\/v2\/product"}],"about":[{"href":"https:\/\/www.hml-fetish.de\/shop\/wp-json\/wp\/v2\/types\/product"}],"replies":[{"embeddable":true,"href":"https:\/\/www.hml-fetish.de\/shop\/wp-json\/wp\/v2\/comments?post=6997"}],"version-history":[{"count":1,"href":"https:\/\/www.hml-fetish.de\/shop\/wp-json\/wp\/v2\/product\/6997\/revisions"}],"predecessor-version":[{"id":39694,"href":"https:\/\/www.hml-fetish.de\/shop\/wp-json\/wp\/v2\/product\/6997\/revisions\/39694"}],"wp:featuredmedia":[{"embeddable":true,"href":"https:\/\/www.hml-fetish.de\/shop\/wp-json\/wp\/v2\/media\/16628"}],"wp:attachment":[{"href":"https:\/\/www.hml-fetish.de\/shop\/wp-json\/wp\/v2\/media?parent=6997"}],"wp:term":[{"taxonomy":"product_brand","embeddable":true,"href":"https:\/\/www.hml-fetish.de\/shop\/wp-json\/wp\/v2\/product_brand?post=6997"},{"taxonomy":"product_cat","embeddable":true,"href":"https:\/\/www.hml-fetish.de\/shop\/wp-json\/wp\/v2\/product_cat?post=6997"},{"taxonomy":"product_tag","embeddable":true,"href":"https:\/\/www.hml-fetish.de\/shop\/wp-json\/wp\/v2\/product_tag?post=6997"}],"curies":[{"name":"wp","href":"https:\/\/api.w.org\/{rel}","templated":true}]}}