{"id":6995,"date":"2022-01-23T22:52:24","date_gmt":"2022-01-23T21:52:24","guid":{"rendered":"https:\/\/www.hml-fetish.de\/shop\/?post_type=product&#038;p=6995"},"modified":"2026-03-11T19:34:24","modified_gmt":"2026-03-11T18:34:24","slug":"leder-schirmmuetze-achteckige-form","status":"publish","type":"product","link":"https:\/\/www.hml-fetish.de\/shop\/leder-schirmmuetze-achteckige-form\/","title":{"rendered":"Leder Schirmm\u00fctze achteckige Form"},"content":{"rendered":"<p>Schwarzes, gl\u00e4nzend weiches Leder, aufwendig verarbeitet mit blickdichtem Kunststoffschirm, Schwei\u00dfband und Satinfutter. Selbst der Kinnriemen ist aus Leder. Erh\u00e4ltlich in den Gr\u00f6\u00dfen 55 bis 62 (Hutgr\u00f6\u00dfe = cm Stirnumfang).<\/p>\n<p>Diese M\u00fctze gibt es exklusiv nur von uns und hier in der achteckigen Form im Stil der amerikanischen Copm\u00fctze des San Francisco und des New York Police Departments (SFPD und NYPD).<\/p>\n<p><img decoding=\"async\" title=\"Gr\u00f6\u00dfentabelle\" src=\"\/GIF\/size_MA.gif\" alt=\"Gr\u00f6\u00dfentabelle\" width=\"114\" height=\"164\" border=\"0\" \/><\/p>\n","protected":false},"excerpt":{"rendered":"<h4>Leder Schirmm\u00fctze achteckige Form<\/h4>\n<p>Schwarzes, gl\u00e4nzend weiches Leder, aufwendig verarbeitet mit blickdichtem Kunststoffschirm, Schwei\u00dfband und Satinfutter. Selbst der Kinnriemen ist aus Leder. Erh\u00e4ltlich in den Gr\u00f6\u00dfen 55 bis 62 (Hutgr\u00f6\u00dfe = cm Stirnumfang).<\/p>\n","protected":false},"featured_media":16709,"comment_status":"open","ping_status":"closed","template":"","meta":[],"product_brand":[],"product_cat":[3787,146,108,105],"product_tag":[4398],"class_list":{"0":"post-6995","1":"product","2":"type-product","3":"status-publish","4":"has-post-thumbnail","6":"product_cat-muetzen","7":"product_cat-accessoires","8":"product_cat-restposten-einzelstuecke","9":"product_cat-sonderangebote","10":"product_tag-hml-fetish-original","11":"product_shipping_class-paket","13":"first","14":"instock","15":"sale","16":"taxable","17":"shipping-taxable","18":"purchasable","19":"product-type-variable"},"_links":{"self":[{"href":"https:\/\/www.hml-fetish.de\/shop\/wp-json\/wp\/v2\/product\/6995","targetHints":{"allow":["GET"]}}],"collection":[{"href":"https:\/\/www.hml-fetish.de\/shop\/wp-json\/wp\/v2\/product"}],"about":[{"href":"https:\/\/www.hml-fetish.de\/shop\/wp-json\/wp\/v2\/types\/product"}],"replies":[{"embeddable":true,"href":"https:\/\/www.hml-fetish.de\/shop\/wp-json\/wp\/v2\/comments?post=6995"}],"version-history":[{"count":0,"href":"https:\/\/www.hml-fetish.de\/shop\/wp-json\/wp\/v2\/product\/6995\/revisions"}],"wp:featuredmedia":[{"embeddable":true,"href":"https:\/\/www.hml-fetish.de\/shop\/wp-json\/wp\/v2\/media\/16709"}],"wp:attachment":[{"href":"https:\/\/www.hml-fetish.de\/shop\/wp-json\/wp\/v2\/media?parent=6995"}],"wp:term":[{"taxonomy":"product_brand","embeddable":true,"href":"https:\/\/www.hml-fetish.de\/shop\/wp-json\/wp\/v2\/product_brand?post=6995"},{"taxonomy":"product_cat","embeddable":true,"href":"https:\/\/www.hml-fetish.de\/shop\/wp-json\/wp\/v2\/product_cat?post=6995"},{"taxonomy":"product_tag","embeddable":true,"href":"https:\/\/www.hml-fetish.de\/shop\/wp-json\/wp\/v2\/product_tag?post=6995"}],"curies":[{"name":"wp","href":"https:\/\/api.w.org\/{rel}","templated":true}]}}