{"id":6991,"date":"2022-01-23T22:52:23","date_gmt":"2022-01-23T21:52:23","guid":{"rendered":"https:\/\/www.hml-fetish.de\/shop\/?post_type=product&#038;p=6991"},"modified":"2026-02-10T17:20:27","modified_gmt":"2026-02-10T16:20:27","slug":"rebel-cap","status":"publish","type":"product","link":"https:\/\/www.hml-fetish.de\/shop\/rebel-cap\/","title":{"rendered":"Rebel Cap"},"content":{"rendered":"<p>Eine S\u00fcdstaaten-M\u00fctze in matt schwarzem Leder. Hinten mittels Schn\u00fcrung leicht einstellbar. Ungef\u00fcttert. Die bekannte M\u00fctzenform wie im amerikanischen Sezessionskrieg 1861 bis 1865 von den Soldaten der Konf\u00f6derierten getragen. Hier aus bestem Leder, und mit einem gro\u00dfen Schirm. In den Gr\u00f6\u00dfen M (f\u00fcr 55 cm bis 58 cm) und L (f\u00fcr 58 cm bis 61 cm Stirnumfang).<\/p>\n","protected":false},"excerpt":{"rendered":"<h4>Rebel Cap<\/h4>\n<p>Eine S\u00fcdstaaten M\u00fctze in matt schwarzem Leder. Hinten mittels Schn\u00fcrung leicht einstellbar. Ungef\u00fcttert. Die bekannte M\u00fctzenform wie im amerikanischen Sezessionskrieg 1861 bis 1865 von den Soldaten der Konf\u00f6derierten getragen. Hier aus bestem Leder, und mit einem gro\u00dfen Schirm. In den Gr\u00f6\u00dfen M (f\u00fcr 55 cm bis 58 cm) und L (f\u00fcr 58 cm bis 61 cm Stirnumfang).<\/p>\n","protected":false},"featured_media":16875,"comment_status":"open","ping_status":"closed","template":"","meta":[],"product_brand":[],"product_cat":[3787,171],"product_tag":[4398],"class_list":{"0":"post-6991","1":"product","2":"type-product","3":"status-publish","4":"has-post-thumbnail","6":"product_cat-muetzen","7":"product_cat-army-boots-caps","8":"product_tag-hml-fetish-original","9":"product_shipping_class-paket","11":"first","12":"instock","13":"taxable","14":"shipping-taxable","15":"purchasable","16":"product-type-variable"},"_links":{"self":[{"href":"https:\/\/www.hml-fetish.de\/shop\/wp-json\/wp\/v2\/product\/6991","targetHints":{"allow":["GET"]}}],"collection":[{"href":"https:\/\/www.hml-fetish.de\/shop\/wp-json\/wp\/v2\/product"}],"about":[{"href":"https:\/\/www.hml-fetish.de\/shop\/wp-json\/wp\/v2\/types\/product"}],"replies":[{"embeddable":true,"href":"https:\/\/www.hml-fetish.de\/shop\/wp-json\/wp\/v2\/comments?post=6991"}],"version-history":[{"count":0,"href":"https:\/\/www.hml-fetish.de\/shop\/wp-json\/wp\/v2\/product\/6991\/revisions"}],"wp:featuredmedia":[{"embeddable":true,"href":"https:\/\/www.hml-fetish.de\/shop\/wp-json\/wp\/v2\/media\/16875"}],"wp:attachment":[{"href":"https:\/\/www.hml-fetish.de\/shop\/wp-json\/wp\/v2\/media?parent=6991"}],"wp:term":[{"taxonomy":"product_brand","embeddable":true,"href":"https:\/\/www.hml-fetish.de\/shop\/wp-json\/wp\/v2\/product_brand?post=6991"},{"taxonomy":"product_cat","embeddable":true,"href":"https:\/\/www.hml-fetish.de\/shop\/wp-json\/wp\/v2\/product_cat?post=6991"},{"taxonomy":"product_tag","embeddable":true,"href":"https:\/\/www.hml-fetish.de\/shop\/wp-json\/wp\/v2\/product_tag?post=6991"}],"curies":[{"name":"wp","href":"https:\/\/api.w.org\/{rel}","templated":true}]}}