{"id":6989,"date":"2022-01-23T22:52:22","date_gmt":"2022-01-23T21:52:22","guid":{"rendered":"https:\/\/www.hml-fetish.de\/shop\/?post_type=product&#038;p=6989"},"modified":"2026-02-10T17:19:58","modified_gmt":"2026-02-10T16:19:58","slug":"superhero-caps","status":"publish","type":"product","link":"https:\/\/www.hml-fetish.de\/shop\/superhero-caps\/","title":{"rendered":"Superhero-Caps"},"content":{"rendered":"<p>Ein schwarzes Baseball Cap mit guter Pa\u00dfform aus 80% Polyacryl und 20% Wolle. Die Stirnsegmente sind mit einer Einlage versteift. Das Cap ist hinten mit einer Klickleiste einstellbar. Universalgr\u00f6\u00dfe, passend f\u00fcr etwa 55 cm bis 60 cm Stirnumfang.<\/p>\n<p>W\u00e4hle aus, ob Du Superman sein willst, oder Batman! Was Du auch w\u00e4hlst: Sei Dir Deiner Verantwortung bewu\u00dft, die Du gegen\u00fcber der Menschheit \u00fcbernimmst!<\/p>\n","protected":false},"excerpt":{"rendered":"<h4>Superhero-Caps<\/h4>\n<p>Ein schwarzes Baseball-Cap mit guter Pa\u00dfform aus 80% Polyacryl und 20% Wolle. Die Stirnsegmente sind mit einer Einlage versteift. Das Cap ist hinten mit einer Klickleiste einstellbar. Universalgr\u00f6\u00dfe, passend f\u00fcr etwa 55 cm bis 60 cm Stirnumfang.<\/p>\n","protected":false},"featured_media":16917,"comment_status":"open","ping_status":"closed","template":"","meta":[],"product_brand":[],"product_cat":[127,171,108],"product_tag":[],"class_list":{"0":"post-6989","1":"product","2":"type-product","3":"status-publish","4":"has-post-thumbnail","6":"product_cat-diverses","7":"product_cat-army-boots-caps","8":"product_cat-restposten-einzelstuecke","9":"product_shipping_class-paket","11":"first","12":"instock","13":"sale","14":"taxable","15":"shipping-taxable","16":"purchasable","17":"product-type-variable"},"_links":{"self":[{"href":"https:\/\/www.hml-fetish.de\/shop\/wp-json\/wp\/v2\/product\/6989","targetHints":{"allow":["GET"]}}],"collection":[{"href":"https:\/\/www.hml-fetish.de\/shop\/wp-json\/wp\/v2\/product"}],"about":[{"href":"https:\/\/www.hml-fetish.de\/shop\/wp-json\/wp\/v2\/types\/product"}],"replies":[{"embeddable":true,"href":"https:\/\/www.hml-fetish.de\/shop\/wp-json\/wp\/v2\/comments?post=6989"}],"version-history":[{"count":0,"href":"https:\/\/www.hml-fetish.de\/shop\/wp-json\/wp\/v2\/product\/6989\/revisions"}],"wp:featuredmedia":[{"embeddable":true,"href":"https:\/\/www.hml-fetish.de\/shop\/wp-json\/wp\/v2\/media\/16917"}],"wp:attachment":[{"href":"https:\/\/www.hml-fetish.de\/shop\/wp-json\/wp\/v2\/media?parent=6989"}],"wp:term":[{"taxonomy":"product_brand","embeddable":true,"href":"https:\/\/www.hml-fetish.de\/shop\/wp-json\/wp\/v2\/product_brand?post=6989"},{"taxonomy":"product_cat","embeddable":true,"href":"https:\/\/www.hml-fetish.de\/shop\/wp-json\/wp\/v2\/product_cat?post=6989"},{"taxonomy":"product_tag","embeddable":true,"href":"https:\/\/www.hml-fetish.de\/shop\/wp-json\/wp\/v2\/product_tag?post=6989"}],"curies":[{"name":"wp","href":"https:\/\/api.w.org\/{rel}","templated":true}]}}