{"id":6983,"date":"2022-01-23T22:52:21","date_gmt":"2022-01-23T21:52:21","guid":{"rendered":"https:\/\/www.hml-fetish.de\/shop\/?post_type=product&#038;p=6983"},"modified":"2022-06-26T12:34:58","modified_gmt":"2022-06-26T10:34:58","slug":"mike-gorden-kugelschreiber-set","status":"publish","type":"product","link":"https:\/\/www.hml-fetish.de\/shop\/mike-gorden-kugelschreiber-set\/","title":{"rendered":"Mike Gorden Kugelschreiber Set 6 St\u00fcck Regenbogen"},"content":{"rendered":"<p>Unser Mike Gorden hat noch viel vor. Nach dem \u00dcberraschungserfolgen seiner ersten B\u00fccher \u00bbGefahr von der anderen Seite\u00ab, \u00bbDer gefrorene Urknall\u00ab und \u00bbEmpath\u00ab befinden sich weitere B\u00fccher in der Schreibwerkstatt.<\/p>\n<p>Hier pr\u00e4sentiert er uns ein sechsteiliges Set hochwertiger Kugelschreiber in Regenbogenfarben. Die Softtouch Oberfl\u00e4che dieses Metall-Kugelschreibers mit Stylus Spitze macht das Schreiben zum Kinderspiel. Der Stift gleitet wie von selbst \u00fcbers Papier. Klickst Du die Mine weg, kannst Du mit dem kleinen Gummiball an der Spitze jeden Touchscreen bedienen, feinf\u00fchliger und sauberer als mit Deinen Fingern.<\/p>\n","protected":false},"excerpt":{"rendered":"<h4>Mike Gorden Kugelschreiber Set 6 St\u00fcck Regenbogen<\/h4>\n<p>Unser Mike Gorden hat noch viel vor. Nach dem \u00dcberraschungserfolgen seiner ersten B\u00fccher \u00bbGefahr von der anderen Seite\u00ab, \u00bbDer gefrorene Urknall\u00ab und \u00bbEmpath\u00ab befinden sich weitere B\u00fccher in der Schreibwerkstatt.<\/p>\n","protected":false},"featured_media":16972,"comment_status":"open","ping_status":"closed","template":"","meta":[],"product_brand":[],"product_cat":[109,124,125],"product_tag":[4398],"class_list":{"0":"post-6983","1":"product","2":"type-product","3":"status-publish","4":"has-post-thumbnail","6":"product_cat-autorenecke-mike-gorden","7":"product_cat-buecher-kalender","8":"product_cat-gay-pride","9":"product_tag-hml-fetish-original","10":"product_shipping_class-brief","12":"first","13":"instock","14":"taxable","15":"shipping-taxable","16":"purchasable","17":"product-type-simple"},"_links":{"self":[{"href":"https:\/\/www.hml-fetish.de\/shop\/wp-json\/wp\/v2\/product\/6983","targetHints":{"allow":["GET"]}}],"collection":[{"href":"https:\/\/www.hml-fetish.de\/shop\/wp-json\/wp\/v2\/product"}],"about":[{"href":"https:\/\/www.hml-fetish.de\/shop\/wp-json\/wp\/v2\/types\/product"}],"replies":[{"embeddable":true,"href":"https:\/\/www.hml-fetish.de\/shop\/wp-json\/wp\/v2\/comments?post=6983"}],"version-history":[{"count":0,"href":"https:\/\/www.hml-fetish.de\/shop\/wp-json\/wp\/v2\/product\/6983\/revisions"}],"wp:featuredmedia":[{"embeddable":true,"href":"https:\/\/www.hml-fetish.de\/shop\/wp-json\/wp\/v2\/media\/16972"}],"wp:attachment":[{"href":"https:\/\/www.hml-fetish.de\/shop\/wp-json\/wp\/v2\/media?parent=6983"}],"wp:term":[{"taxonomy":"product_brand","embeddable":true,"href":"https:\/\/www.hml-fetish.de\/shop\/wp-json\/wp\/v2\/product_brand?post=6983"},{"taxonomy":"product_cat","embeddable":true,"href":"https:\/\/www.hml-fetish.de\/shop\/wp-json\/wp\/v2\/product_cat?post=6983"},{"taxonomy":"product_tag","embeddable":true,"href":"https:\/\/www.hml-fetish.de\/shop\/wp-json\/wp\/v2\/product_tag?post=6983"}],"curies":[{"name":"wp","href":"https:\/\/api.w.org\/{rel}","templated":true}]}}