{"id":6976,"date":"2022-01-23T22:51:59","date_gmt":"2022-01-23T21:51:59","guid":{"rendered":"https:\/\/www.hml-fetish.de\/shop\/?post_type=product&#038;p=6976"},"modified":"2024-11-25T08:43:07","modified_gmt":"2024-11-25T07:43:07","slug":"gesichtsmaske-fuer-kampfspiele","status":"publish","type":"product","link":"https:\/\/www.hml-fetish.de\/shop\/gesichtsmaske-fuer-kampfspiele\/","title":{"rendered":"Gesichtsmaske f\u00fcr Kampfspiele"},"content":{"rendered":"<p>Diese Gesichtsmaske hilft Dir beim Paintball ebenso gut, wie bei einem Kidnapping Rollenspiel. Du bekommst eine Universalgr\u00f6\u00dfe mit hohem Tragekomfort und verstellbarem elastischen Band. Die leicht verspiegelten Gl\u00e4ser sorgen daf\u00fcr, da\u00df Dein Spielpartner Deine Augen nicht erkennt, wenn Du ihm die Handschellen anlegst, um ihn in den Kofferraum Deines Wagens zu verfrachten. Das macht die Situation besonders erregend f\u00fcr Euch beide!<\/p>\n<p>Die Brille ist herausnehmbar, falls es n\u00f6tig sein sollte. Normalerweise sch\u00fctzt sie Dich aber sicher gegen allzu neugierige Blicke (und Paintball Kugeln nat\u00fcrlich!). Alternativ kannst Du eine Balaclava unter der Maske tragen. Deinem Spielpartner gibt das den letzten Kick, wenn sich aus dem Dunklen Deine behandschuhte Hand \u00fcber seinen Mund legt und es hinter ihm \u00bbKLICK\u00ab macht, wenn sich die Eisen um seine Handgelenke schlie\u00dfen\u2026<\/p>\n","protected":false},"excerpt":{"rendered":"<h4>Gesichtsmaske f\u00fcr Kampfspiele<\/h4>\n<p>Diese Paintball-Maske hilft Dir beim Spiel ebenso gut, wie bei einem Kidnapping Roleplay. Du bekommst eine Universalgr\u00f6\u00dfe mit hohem Tragekomfort und verstellbarem elastischen Band. Die leicht verspiegelten Gl\u00e4ser sorgen daf\u00fcr, da\u00df Dein Spielpartner Deine Augen nicht erkennt, wenn Du ihm die Handschellen anlegst, um ihn in den Kofferraum Deines Wagens zu verfrachten.<\/p>\n","protected":false},"featured_media":17050,"comment_status":"open","ping_status":"closed","template":"","meta":[],"product_brand":[],"product_cat":[169,138],"product_tag":[],"class_list":{"0":"post-6976","1":"product","2":"type-product","3":"status-publish","4":"has-post-thumbnail","6":"product_cat-army-accessoires","7":"product_cat-masken-etc","8":"product_shipping_class-paket","10":"first","11":"instock","12":"taxable","13":"shipping-taxable","14":"purchasable","15":"product-type-simple"},"_links":{"self":[{"href":"https:\/\/www.hml-fetish.de\/shop\/wp-json\/wp\/v2\/product\/6976","targetHints":{"allow":["GET"]}}],"collection":[{"href":"https:\/\/www.hml-fetish.de\/shop\/wp-json\/wp\/v2\/product"}],"about":[{"href":"https:\/\/www.hml-fetish.de\/shop\/wp-json\/wp\/v2\/types\/product"}],"replies":[{"embeddable":true,"href":"https:\/\/www.hml-fetish.de\/shop\/wp-json\/wp\/v2\/comments?post=6976"}],"version-history":[{"count":0,"href":"https:\/\/www.hml-fetish.de\/shop\/wp-json\/wp\/v2\/product\/6976\/revisions"}],"wp:featuredmedia":[{"embeddable":true,"href":"https:\/\/www.hml-fetish.de\/shop\/wp-json\/wp\/v2\/media\/17050"}],"wp:attachment":[{"href":"https:\/\/www.hml-fetish.de\/shop\/wp-json\/wp\/v2\/media?parent=6976"}],"wp:term":[{"taxonomy":"product_brand","embeddable":true,"href":"https:\/\/www.hml-fetish.de\/shop\/wp-json\/wp\/v2\/product_brand?post=6976"},{"taxonomy":"product_cat","embeddable":true,"href":"https:\/\/www.hml-fetish.de\/shop\/wp-json\/wp\/v2\/product_cat?post=6976"},{"taxonomy":"product_tag","embeddable":true,"href":"https:\/\/www.hml-fetish.de\/shop\/wp-json\/wp\/v2\/product_tag?post=6976"}],"curies":[{"name":"wp","href":"https:\/\/api.w.org\/{rel}","templated":true}]}}