{"id":6969,"date":"2022-01-23T22:51:57","date_gmt":"2022-01-23T21:51:57","guid":{"rendered":"https:\/\/www.hml-fetish.de\/shop\/?post_type=product&#038;p=6969"},"modified":"2025-05-05T20:20:33","modified_gmt":"2025-05-05T18:20:33","slug":"leder-maske-mit-reissverschluss","status":"publish","type":"product","link":"https:\/\/www.hml-fetish.de\/shop\/leder-maske-mit-reissverschluss\/","title":{"rendered":"Leder-Maske mit Rei\u00dfverschlu\u00df"},"content":{"rendered":"<p>Stabiles und gleichzeitig leicht dehnbares Leder, m\u00f6glichst wenige N\u00e4hte f\u00fcr m\u00f6glichst wenige Druckstellen und eine optimale Abbildung der Kopfform. So ist im wesentlichen die Aufgabenstellung an die Konstruktion einer guten Ledermaske. Wir denken, dieses Modell kommt einer perfekten L\u00f6sung sehr nahe.<\/p>\n<p>Diese Maske wird exklusiv f\u00fcr uns gefertigt und Du bekommst sie nur bei HML Fetish. Wenn sich einmal das geile Material eng um Deinen Kopf schlie\u00dft und Du das Leder inhalierst, wirst Du keine andere Maske mehr wollen!<\/p>\n<p>Diese Leder-Vollmaske gibt es mit einem Rei\u00dfverschlu\u00df hinten am Kopf und in den Gr\u00f6\u00dfen S, M, L und XL.<\/p>\n<p><img decoding=\"async\" title=\"MAK-LEDER Maskengr\u00f6\u00dfen\" src=\"\/GIF\/size_MA.gif\" alt=\"MAK-LEDER Maskengr\u00f6\u00dfen\" width=\"114\" height=\"164\" border=\"0\" \/><\/p>\n","protected":false},"excerpt":{"rendered":"<h4>Leder-Maske mit Rei\u00dfverschlu\u00df<\/h4>\n<p>Stabiles und gleichzeitig leicht dehnbares Leder, m\u00f6glichst wenige N\u00e4hte f\u00fcr m\u00f6glichst wenige Druckstellen und eine optimale Abbildung der Kopfform. So ist im wesentlichen die Aufgabenstellung an die Konstruktion einer guten Leder Maske. Wir denken, dieses Modell kommt einer perfekten L\u00f6sung sehr nahe.<\/p>\n","protected":false},"featured_media":17273,"comment_status":"open","ping_status":"closed","template":"","meta":[],"product_brand":[],"product_cat":[138,95,137],"product_tag":[4418,4398],"class_list":{"0":"post-6969","1":"product","2":"type-product","3":"status-publish","4":"has-post-thumbnail","6":"product_cat-masken-etc","7":"product_cat-bestseller","8":"product_cat-bondage","9":"product_tag-breath-control","10":"product_tag-hml-fetish-original","11":"product_shipping_class-paket","13":"first","14":"instock","15":"taxable","16":"shipping-taxable","17":"purchasable","18":"product-type-variable"},"_links":{"self":[{"href":"https:\/\/www.hml-fetish.de\/shop\/wp-json\/wp\/v2\/product\/6969","targetHints":{"allow":["GET"]}}],"collection":[{"href":"https:\/\/www.hml-fetish.de\/shop\/wp-json\/wp\/v2\/product"}],"about":[{"href":"https:\/\/www.hml-fetish.de\/shop\/wp-json\/wp\/v2\/types\/product"}],"replies":[{"embeddable":true,"href":"https:\/\/www.hml-fetish.de\/shop\/wp-json\/wp\/v2\/comments?post=6969"}],"version-history":[{"count":0,"href":"https:\/\/www.hml-fetish.de\/shop\/wp-json\/wp\/v2\/product\/6969\/revisions"}],"wp:featuredmedia":[{"embeddable":true,"href":"https:\/\/www.hml-fetish.de\/shop\/wp-json\/wp\/v2\/media\/17273"}],"wp:attachment":[{"href":"https:\/\/www.hml-fetish.de\/shop\/wp-json\/wp\/v2\/media?parent=6969"}],"wp:term":[{"taxonomy":"product_brand","embeddable":true,"href":"https:\/\/www.hml-fetish.de\/shop\/wp-json\/wp\/v2\/product_brand?post=6969"},{"taxonomy":"product_cat","embeddable":true,"href":"https:\/\/www.hml-fetish.de\/shop\/wp-json\/wp\/v2\/product_cat?post=6969"},{"taxonomy":"product_tag","embeddable":true,"href":"https:\/\/www.hml-fetish.de\/shop\/wp-json\/wp\/v2\/product_tag?post=6969"}],"curies":[{"name":"wp","href":"https:\/\/api.w.org\/{rel}","templated":true}]}}