{"id":6966,"date":"2022-01-23T22:51:56","date_gmt":"2022-01-23T21:51:56","guid":{"rendered":"https:\/\/www.hml-fetish.de\/shop\/?post_type=product&#038;p=6966"},"modified":"2025-12-04T18:20:58","modified_gmt":"2025-12-04T17:20:58","slug":"neopren-gasmaske","status":"publish","type":"product","link":"https:\/\/www.hml-fetish.de\/shop\/neopren-gasmaske\/","title":{"rendered":"Neopren-Gasmaske"},"content":{"rendered":"<p>Eine israelische Gasmaske ist mit einer Haube aus 2 mm dickem, weichem Neopren versehen. Diese Maske f\u00e4ngt Dich ein. Wenn sich der Nylon-Rei\u00dfverschlu\u00df langsam auf der R\u00fcckseite Deines Kopfes schlie\u00dft, versinkt die Welt um Dich herum in wohlig weicher Dunkelheit. Ger\u00e4usche werden ged\u00e4mpft und jede Ber\u00fchrung wirkt doppelt intensiv auf Dich ein. \u00dcberleg&#8217; Dir also genau, von wem Du Dich jetzt fesseln l\u00e4\u00dft. Er k\u00f6nnte Deine Hilflosigkeit ausnutzen \ud83d\ude09<\/p>\n<p>Diese Maske ist sehr dehnbar. Daher gibt es sie in nur einer Universalgr\u00f6\u00dfe.<\/p>\n","protected":false},"excerpt":{"rendered":"<h4>Neopren-Gasmaske<\/h4>\n<p>Eine israelische Gasmaske ist mit einer Haube aus 2 mm dickem, weichem Neopren versehen. Diese Maske f\u00e4ngt Dich ein. Wenn sich der Nylon-Rei\u00dfverschlu\u00df langsam auf der R\u00fcckseite Deines Kopfes schlie\u00dft, versinkt die Welt um Dich herum in wohlig weicher Dunkelheit. Ger\u00e4usche werden ged\u00e4mpft und jede Ber\u00fchrung wirkt doppelt intensiv auf Dich ein.<\/p>\n","protected":false},"featured_media":17355,"comment_status":"open","ping_status":"closed","template":"","meta":[],"product_brand":[],"product_cat":[171,95,138],"product_tag":[4418],"class_list":{"0":"post-6966","1":"product","2":"type-product","3":"status-publish","4":"has-post-thumbnail","6":"product_cat-army-boots-caps","7":"product_cat-bestseller","8":"product_cat-masken-etc","9":"product_tag-breath-control","10":"product_shipping_class-paket","12":"first","13":"instock","14":"taxable","15":"shipping-taxable","16":"purchasable","17":"product-type-simple"},"_links":{"self":[{"href":"https:\/\/www.hml-fetish.de\/shop\/wp-json\/wp\/v2\/product\/6966","targetHints":{"allow":["GET"]}}],"collection":[{"href":"https:\/\/www.hml-fetish.de\/shop\/wp-json\/wp\/v2\/product"}],"about":[{"href":"https:\/\/www.hml-fetish.de\/shop\/wp-json\/wp\/v2\/types\/product"}],"replies":[{"embeddable":true,"href":"https:\/\/www.hml-fetish.de\/shop\/wp-json\/wp\/v2\/comments?post=6966"}],"version-history":[{"count":0,"href":"https:\/\/www.hml-fetish.de\/shop\/wp-json\/wp\/v2\/product\/6966\/revisions"}],"wp:featuredmedia":[{"embeddable":true,"href":"https:\/\/www.hml-fetish.de\/shop\/wp-json\/wp\/v2\/media\/17355"}],"wp:attachment":[{"href":"https:\/\/www.hml-fetish.de\/shop\/wp-json\/wp\/v2\/media?parent=6966"}],"wp:term":[{"taxonomy":"product_brand","embeddable":true,"href":"https:\/\/www.hml-fetish.de\/shop\/wp-json\/wp\/v2\/product_brand?post=6966"},{"taxonomy":"product_cat","embeddable":true,"href":"https:\/\/www.hml-fetish.de\/shop\/wp-json\/wp\/v2\/product_cat?post=6966"},{"taxonomy":"product_tag","embeddable":true,"href":"https:\/\/www.hml-fetish.de\/shop\/wp-json\/wp\/v2\/product_tag?post=6966"}],"curies":[{"name":"wp","href":"https:\/\/api.w.org\/{rel}","templated":true}]}}