{"id":6965,"date":"2022-01-23T22:51:55","date_gmt":"2022-01-23T21:51:55","guid":{"rendered":"https:\/\/www.hml-fetish.de\/shop\/?post_type=product&#038;p=6965"},"modified":"2026-02-10T17:18:57","modified_gmt":"2026-02-10T16:18:57","slug":"neopren-doppelmaske","status":"publish","type":"product","link":"https:\/\/www.hml-fetish.de\/shop\/neopren-doppelmaske\/","title":{"rendered":"Neopren-Doppelmaske"},"content":{"rendered":"<p>Diese Maske aus 2,5 mm dickem und weichem Neopren f\u00e4ngt Dich ein. Wenn Dir diese Maske langsam \u00fcber den Kopf gezogen wird und die Rei\u00dfverschl\u00fcsse zugezogen werden, versinkt die Welt um Dich herum in wohlig weicher Dunkelheit. Ger\u00e4usche werden ged\u00e4mpft und jede Ber\u00fchrung wirkt doppelt intensiv auf Dich ein. Diese Maske liegt besonders straff an. Du wirst keinen Moment vergessen, da\u00df Du sie tr\u00e4gst. \u00dcberleg&#8217; Dir genau, von wem Du Dich jetzt fesseln l\u00e4\u00dft. Er k\u00f6nnte Deine Hilflosigkeit ausnutzen \ud83d\ude09<br \/>\n<BR><img decoding=\"async\" src=\"\/GIF\/size_MA.gif\" alt=\"Maskengr\u00f6\u00dfen\" title=\"Maskengr\u00f6\u00dfen\" border=\"0\" height=\"164\" width=\"114\"><\/p>\n","protected":false},"excerpt":{"rendered":"<h4>Neopren-Doppelmaske<\/h4>\n<p>Diese Isolations-Maske aus 2,5 mm dickem und weichem Neopren f\u00e4ngt Dich ein. Wenn Dir diese Maske langsam \u00fcber den Kopf gezogen wird und die Rei\u00dfverschl\u00fcsse zugezogen werden, versinkt die Welt um Dich herum in wohlig weicher Dunkelheit. Ger\u00e4usche werden ged\u00e4mpft und jede Ber\u00fchrung wirkt doppelt intensiv auf Dich ein.<\/p>\n","protected":false},"featured_media":17372,"comment_status":"open","ping_status":"closed","template":"","meta":[],"product_brand":[],"product_cat":[172,132,138],"product_tag":[4418],"class_list":{"0":"post-6965","1":"product","2":"type-product","3":"status-publish","4":"has-post-thumbnail","6":"product_cat-gummi-accessoires","7":"product_cat-dungeon","8":"product_cat-masken-etc","9":"product_tag-breath-control","10":"product_shipping_class-paket","12":"first","13":"outofstock","14":"taxable","15":"shipping-taxable","16":"purchasable","17":"product-type-variable"},"_links":{"self":[{"href":"https:\/\/www.hml-fetish.de\/shop\/wp-json\/wp\/v2\/product\/6965","targetHints":{"allow":["GET"]}}],"collection":[{"href":"https:\/\/www.hml-fetish.de\/shop\/wp-json\/wp\/v2\/product"}],"about":[{"href":"https:\/\/www.hml-fetish.de\/shop\/wp-json\/wp\/v2\/types\/product"}],"replies":[{"embeddable":true,"href":"https:\/\/www.hml-fetish.de\/shop\/wp-json\/wp\/v2\/comments?post=6965"}],"version-history":[{"count":0,"href":"https:\/\/www.hml-fetish.de\/shop\/wp-json\/wp\/v2\/product\/6965\/revisions"}],"wp:featuredmedia":[{"embeddable":true,"href":"https:\/\/www.hml-fetish.de\/shop\/wp-json\/wp\/v2\/media\/17372"}],"wp:attachment":[{"href":"https:\/\/www.hml-fetish.de\/shop\/wp-json\/wp\/v2\/media?parent=6965"}],"wp:term":[{"taxonomy":"product_brand","embeddable":true,"href":"https:\/\/www.hml-fetish.de\/shop\/wp-json\/wp\/v2\/product_brand?post=6965"},{"taxonomy":"product_cat","embeddable":true,"href":"https:\/\/www.hml-fetish.de\/shop\/wp-json\/wp\/v2\/product_cat?post=6965"},{"taxonomy":"product_tag","embeddable":true,"href":"https:\/\/www.hml-fetish.de\/shop\/wp-json\/wp\/v2\/product_tag?post=6965"}],"curies":[{"name":"wp","href":"https:\/\/api.w.org\/{rel}","templated":true}]}}