{"id":6964,"date":"2022-01-23T22:51:55","date_gmt":"2022-01-23T21:51:55","guid":{"rendered":"https:\/\/www.hml-fetish.de\/shop\/?post_type=product&#038;p=6964"},"modified":"2024-11-25T08:43:07","modified_gmt":"2024-11-25T07:43:07","slug":"neopren-vollmaske","status":"publish","type":"product","link":"https:\/\/www.hml-fetish.de\/shop\/neopren-vollmaske\/","title":{"rendered":"Neopren-Vollmaske"},"content":{"rendered":"<p>Diese Maske in einer Universalgr\u00f6\u00dfe aus 2,5 mm dickem und weichem Neopren f\u00e4ngt Dich ein. Wenn sich der Nylon-Rei\u00dfverschlu\u00df auf der R\u00fcckseite langsam auf der R\u00fcckseite Deines Kopfes schlie\u00dft, versinkt die Welt um Dich herum in wohlig weicher Dunkelheit. Ger\u00e4usche werden ged\u00e4mpft und jede Ber\u00fchrung wirkt doppelt intensiv auf Dich ein. Augen- und Mundklappen sind mit Druckkn\u00f6pfen befestigt. Sind sie zu, f\u00e4llt Dir das Atmen schwerer als sonst, denn das Material der Neopren Maske h\u00e4lt ziemlich dicht. \u00dcberleg&#8217; Dir also genau, von wem Du Dich jetzt fesseln l\u00e4\u00dft. Er k\u00f6nnte Deine Hilflosigkeit ausnutzen \ud83d\ude09<\/p>\n","protected":false},"excerpt":{"rendered":"<h4>Neopren-Vollmaske<\/h4>\n<p>Diese Maske in einer Universalgr\u00f6\u00dfe aus 2,5 mm dickem und weichem Neopren f\u00e4ngt Dich ein. Wenn sich der Nylon-Rei\u00dfverschlu\u00df auf der R\u00fcckseite langsam auf der R\u00fcckseite Deines Kopfes schlie\u00dft, versinkt die Welt um Dich herum in wohlig weicher Dunkelheit.<\/p>\n","protected":false},"featured_media":17422,"comment_status":"open","ping_status":"closed","template":"","meta":[],"product_brand":[],"product_cat":[172,95,138],"product_tag":[4418],"class_list":{"0":"post-6964","1":"product","2":"type-product","3":"status-publish","4":"has-post-thumbnail","6":"product_cat-gummi-accessoires","7":"product_cat-bestseller","8":"product_cat-masken-etc","9":"product_tag-breath-control","10":"product_shipping_class-paket","12":"first","13":"instock","14":"taxable","15":"shipping-taxable","16":"purchasable","17":"product-type-simple"},"_links":{"self":[{"href":"https:\/\/www.hml-fetish.de\/shop\/wp-json\/wp\/v2\/product\/6964","targetHints":{"allow":["GET"]}}],"collection":[{"href":"https:\/\/www.hml-fetish.de\/shop\/wp-json\/wp\/v2\/product"}],"about":[{"href":"https:\/\/www.hml-fetish.de\/shop\/wp-json\/wp\/v2\/types\/product"}],"replies":[{"embeddable":true,"href":"https:\/\/www.hml-fetish.de\/shop\/wp-json\/wp\/v2\/comments?post=6964"}],"version-history":[{"count":0,"href":"https:\/\/www.hml-fetish.de\/shop\/wp-json\/wp\/v2\/product\/6964\/revisions"}],"wp:featuredmedia":[{"embeddable":true,"href":"https:\/\/www.hml-fetish.de\/shop\/wp-json\/wp\/v2\/media\/17422"}],"wp:attachment":[{"href":"https:\/\/www.hml-fetish.de\/shop\/wp-json\/wp\/v2\/media?parent=6964"}],"wp:term":[{"taxonomy":"product_brand","embeddable":true,"href":"https:\/\/www.hml-fetish.de\/shop\/wp-json\/wp\/v2\/product_brand?post=6964"},{"taxonomy":"product_cat","embeddable":true,"href":"https:\/\/www.hml-fetish.de\/shop\/wp-json\/wp\/v2\/product_cat?post=6964"},{"taxonomy":"product_tag","embeddable":true,"href":"https:\/\/www.hml-fetish.de\/shop\/wp-json\/wp\/v2\/product_tag?post=6964"}],"curies":[{"name":"wp","href":"https:\/\/api.w.org\/{rel}","templated":true}]}}