{"id":6963,"date":"2022-01-23T22:51:55","date_gmt":"2022-01-23T21:51:55","guid":{"rendered":"https:\/\/www.hml-fetish.de\/shop\/?post_type=product&#038;p=6963"},"modified":"2026-02-10T17:19:15","modified_gmt":"2026-02-10T16:19:15","slug":"anatomische-maske-lecter","status":"publish","type":"product","link":"https:\/\/www.hml-fetish.de\/shop\/anatomische-maske-lecter\/","title":{"rendered":"Anatomische Maske Lecter"},"content":{"rendered":"<p>Diese Maske sitzt besonders gut! Sie wird aus 0,4 mm gef\u00fchls-d\u00fcnnem Naturgummi gegossen und ist vorbehandelt, so da\u00df sie schon ohne Latexpolitur leicht gl\u00e4nzt und sich besonders einfach \u00fcberstreifen l\u00e4\u00dft. Dabei ist sie sehr robust und ri\u00dffest.<br \/>\n<BR>Diese anatomische Gummimaske hat \u00d6ffnungen f\u00fcr Augen und Nase. Sie ist dreidimensional geformt und hat dadurch eine hervorragende Pa\u00dfform gerade im Gesichtsbereich, wo einfacher gefertigte Modelle schw\u00e4cheln. Die perforierte Mundpartie l\u00e4\u00dft Dich zum einen besser atmen. Zum anderen erinnert die Maske damit ein wenig an Hannibal Lecter aus dem \u00bbSchweigen der L\u00e4mmer\u00ab und verschafft Dir dadurch bei Spielen die n\u00f6tige \u00dcberzeugungskraft.<\/p>\n","protected":false},"excerpt":{"rendered":"<h4>Anatomische Maske Lecter<\/h4>\n<p>Diese Maske sitzt besonders gut! Sie wird aus 0,4 mm gef\u00fchls-d\u00fcnnem Naturgummi gegossen und ist vorbehandelt, so da\u00df sie schon ohne Latexpolitur leicht gl\u00e4nzt und sich besonders einfach \u00fcberstreifen l\u00e4\u00dft. Dabei ist sie sehr robust und ri\u00dffest.<\/p>\n","protected":false},"featured_media":17394,"comment_status":"open","ping_status":"closed","template":"","meta":[],"product_brand":[],"product_cat":[172,138],"product_tag":[],"class_list":{"0":"post-6963","1":"product","2":"type-product","3":"status-publish","4":"has-post-thumbnail","6":"product_cat-gummi-accessoires","7":"product_cat-masken-etc","8":"product_shipping_class-brief","10":"first","11":"instock","12":"taxable","13":"shipping-taxable","14":"purchasable","15":"product-type-simple"},"_links":{"self":[{"href":"https:\/\/www.hml-fetish.de\/shop\/wp-json\/wp\/v2\/product\/6963","targetHints":{"allow":["GET"]}}],"collection":[{"href":"https:\/\/www.hml-fetish.de\/shop\/wp-json\/wp\/v2\/product"}],"about":[{"href":"https:\/\/www.hml-fetish.de\/shop\/wp-json\/wp\/v2\/types\/product"}],"replies":[{"embeddable":true,"href":"https:\/\/www.hml-fetish.de\/shop\/wp-json\/wp\/v2\/comments?post=6963"}],"version-history":[{"count":0,"href":"https:\/\/www.hml-fetish.de\/shop\/wp-json\/wp\/v2\/product\/6963\/revisions"}],"wp:featuredmedia":[{"embeddable":true,"href":"https:\/\/www.hml-fetish.de\/shop\/wp-json\/wp\/v2\/media\/17394"}],"wp:attachment":[{"href":"https:\/\/www.hml-fetish.de\/shop\/wp-json\/wp\/v2\/media?parent=6963"}],"wp:term":[{"taxonomy":"product_brand","embeddable":true,"href":"https:\/\/www.hml-fetish.de\/shop\/wp-json\/wp\/v2\/product_brand?post=6963"},{"taxonomy":"product_cat","embeddable":true,"href":"https:\/\/www.hml-fetish.de\/shop\/wp-json\/wp\/v2\/product_cat?post=6963"},{"taxonomy":"product_tag","embeddable":true,"href":"https:\/\/www.hml-fetish.de\/shop\/wp-json\/wp\/v2\/product_tag?post=6963"}],"curies":[{"name":"wp","href":"https:\/\/api.w.org\/{rel}","templated":true}]}}