{"id":6961,"date":"2022-01-23T22:51:54","date_gmt":"2022-01-23T21:51:54","guid":{"rendered":"https:\/\/www.hml-fetish.de\/shop\/?post_type=product&#038;p=6961"},"modified":"2026-02-05T12:50:19","modified_gmt":"2026-02-05T11:50:19","slug":"latex-maske","status":"publish","type":"product","link":"https:\/\/www.hml-fetish.de\/shop\/latex-maske\/","title":{"rendered":"Latex-Maske"},"content":{"rendered":"<p>Sitzt wie eine zweite Haut! Aus schwarzem 0,35 mm feinem Material. Das d\u00fcnne Material pa\u00dft sich Deinem Kopf gut an, auch wenn der Schnitt in dieser Preisklasse nicht anatomisch ist. Vier Gr\u00f6\u00dfen von S bis XL. Dieses Basismodell einer Gummi-Maske besitzt \u00d6ffnungen f\u00fcr Augen, Nase und Mund. Restbestand. Solange der Vorrat reicht!<br \/>\n<BR><img decoding=\"async\" src=\"\/GIF\/size_MA.gif\" alt=\"MAK-LEDER Maskengr\u00f6\u00dfen\" title=\"MAK-LEDER Maskengr\u00f6\u00dfen\" border=\"0\" height=\"164\" width=\"114\"><\/p>\n","protected":false},"excerpt":{"rendered":"<h4>Latex-Maske<\/h4>\n<p>Sitzt wie eine zweite Haut! Aus schwarzem 0,35 mm feinem Material. Das d\u00fcnne Material pa\u00dft sich Deinem Kopf gut an, auch wenn der Schnitt in dieser Preisklasse nicht anatomisch ist. Vier Gr\u00f6\u00dfen von S bis XL. Dieses Basismodell einer Gummi-Maske besitzt \u00d6ffnungen f\u00fcr Augen, Nase und Mund.<\/p>\n","protected":false},"featured_media":17474,"comment_status":"open","ping_status":"closed","template":"","meta":[],"product_brand":[],"product_cat":[172,95,175,138],"product_tag":[],"class_list":{"0":"post-6961","1":"product","2":"type-product","3":"status-publish","4":"has-post-thumbnail","6":"product_cat-gummi-accessoires","7":"product_cat-bestseller","8":"product_cat-gummi-unterwaesche","9":"product_cat-masken-etc","10":"product_shipping_class-brief","12":"first","13":"instock","14":"taxable","15":"shipping-taxable","16":"purchasable","17":"product-type-variable"},"_links":{"self":[{"href":"https:\/\/www.hml-fetish.de\/shop\/wp-json\/wp\/v2\/product\/6961","targetHints":{"allow":["GET"]}}],"collection":[{"href":"https:\/\/www.hml-fetish.de\/shop\/wp-json\/wp\/v2\/product"}],"about":[{"href":"https:\/\/www.hml-fetish.de\/shop\/wp-json\/wp\/v2\/types\/product"}],"replies":[{"embeddable":true,"href":"https:\/\/www.hml-fetish.de\/shop\/wp-json\/wp\/v2\/comments?post=6961"}],"version-history":[{"count":0,"href":"https:\/\/www.hml-fetish.de\/shop\/wp-json\/wp\/v2\/product\/6961\/revisions"}],"wp:featuredmedia":[{"embeddable":true,"href":"https:\/\/www.hml-fetish.de\/shop\/wp-json\/wp\/v2\/media\/17474"}],"wp:attachment":[{"href":"https:\/\/www.hml-fetish.de\/shop\/wp-json\/wp\/v2\/media?parent=6961"}],"wp:term":[{"taxonomy":"product_brand","embeddable":true,"href":"https:\/\/www.hml-fetish.de\/shop\/wp-json\/wp\/v2\/product_brand?post=6961"},{"taxonomy":"product_cat","embeddable":true,"href":"https:\/\/www.hml-fetish.de\/shop\/wp-json\/wp\/v2\/product_cat?post=6961"},{"taxonomy":"product_tag","embeddable":true,"href":"https:\/\/www.hml-fetish.de\/shop\/wp-json\/wp\/v2\/product_tag?post=6961"}],"curies":[{"name":"wp","href":"https:\/\/api.w.org\/{rel}","templated":true}]}}