{"id":6949,"date":"2022-01-23T22:51:32","date_gmt":"2022-01-23T21:51:32","guid":{"rendered":"https:\/\/www.hml-fetish.de\/shop\/?post_type=product&#038;p=6949"},"modified":"2022-03-29T21:53:24","modified_gmt":"2022-03-29T19:53:24","slug":"schluesselanhaenger-gummi","status":"publish","type":"product","link":"https:\/\/www.hml-fetish.de\/shop\/schluesselanhaenger-gummi\/","title":{"rendered":"Schl\u00fcsselanh\u00e4nger Gummi"},"content":{"rendered":"<p>Dieser Anh\u00e4nger zeigt klar die Solidarit\u00e4t mit den an HIV erkrankten Mitgliedern unserer Gemeinschaft und ist etwa 30 x 60 mm gro\u00df.<\/p>\n<p>Diese Anh\u00e4nger gibt es in folgenden Versionen: als Red-Ribbon und als Rainbow-Ribbon. Die Ausf\u00fchrung dieser Schl\u00fcsselanh\u00e4nger ist in Gummi(!)<\/p>\n","protected":false},"excerpt":{"rendered":"<h4>Schl\u00fcsselanh\u00e4nger Gummi<\/h4>\n<p>Dieser Anh\u00e4nger zeigt klar die Solidarit\u00e4t mit den an HIV erkrankten Mitgliedern unserer Gemeinschaft und ist etwa 30 x 60 mm gro\u00df.<\/p>\n","protected":false},"featured_media":17644,"comment_status":"open","ping_status":"closed","template":"","meta":[],"product_brand":[],"product_cat":[125,129],"product_tag":[],"class_list":{"0":"post-6949","1":"product","2":"type-product","3":"status-publish","4":"has-post-thumbnail","6":"product_cat-gay-pride","7":"product_cat-hanky-code","8":"product_shipping_class-brief","10":"first","11":"instock","12":"taxable","13":"shipping-taxable","14":"purchasable","15":"product-type-variable"},"_links":{"self":[{"href":"https:\/\/www.hml-fetish.de\/shop\/wp-json\/wp\/v2\/product\/6949","targetHints":{"allow":["GET"]}}],"collection":[{"href":"https:\/\/www.hml-fetish.de\/shop\/wp-json\/wp\/v2\/product"}],"about":[{"href":"https:\/\/www.hml-fetish.de\/shop\/wp-json\/wp\/v2\/types\/product"}],"replies":[{"embeddable":true,"href":"https:\/\/www.hml-fetish.de\/shop\/wp-json\/wp\/v2\/comments?post=6949"}],"version-history":[{"count":0,"href":"https:\/\/www.hml-fetish.de\/shop\/wp-json\/wp\/v2\/product\/6949\/revisions"}],"wp:featuredmedia":[{"embeddable":true,"href":"https:\/\/www.hml-fetish.de\/shop\/wp-json\/wp\/v2\/media\/17644"}],"wp:attachment":[{"href":"https:\/\/www.hml-fetish.de\/shop\/wp-json\/wp\/v2\/media?parent=6949"}],"wp:term":[{"taxonomy":"product_brand","embeddable":true,"href":"https:\/\/www.hml-fetish.de\/shop\/wp-json\/wp\/v2\/product_brand?post=6949"},{"taxonomy":"product_cat","embeddable":true,"href":"https:\/\/www.hml-fetish.de\/shop\/wp-json\/wp\/v2\/product_cat?post=6949"},{"taxonomy":"product_tag","embeddable":true,"href":"https:\/\/www.hml-fetish.de\/shop\/wp-json\/wp\/v2\/product_tag?post=6949"}],"curies":[{"name":"wp","href":"https:\/\/api.w.org\/{rel}","templated":true}]}}