{"id":6948,"date":"2022-01-23T22:51:32","date_gmt":"2022-01-23T21:51:32","guid":{"rendered":"https:\/\/www.hml-fetish.de\/shop\/?post_type=product&#038;p=6948"},"modified":"2023-07-15T07:18:28","modified_gmt":"2023-07-15T05:18:28","slug":"red-ribbon-magnet-gratis","status":"publish","type":"product","link":"https:\/\/www.hml-fetish.de\/shop\/red-ribbon-magnet-gratis\/","title":{"rendered":"Red Ribbon Magnet gratis"},"content":{"rendered":"<p>Dieser Magnet f\u00fcr den K\u00fchlschrank oder andere metallische Unterlagen zeigt klar die Solidarit\u00e4t mit den an HIV erkrankten Mitgliedern unserer Gemeinschaft und ist etwa 30 mm x 60 mm gro\u00df. Zu haben als Red Ribbon oder als Rainbow-Ribbon.<\/p>\n","protected":false},"excerpt":{"rendered":"<h4>Red Ribbon Magnet gratis<\/h4>\n<p>Dieser Magnet f\u00fcr den K\u00fchlschrank oder andere metallische Unterlagen zeigt klar die Solidarit\u00e4t mit den an HIV erkrankten Mitgliedern unserer Gemeinschaft und ist etwa 30 mm x 60 mm gro\u00df. Zu haben als Red Ribbon oder als Rainbow-Ribbon.<\/p>\n","protected":false},"featured_media":17670,"comment_status":"open","ping_status":"closed","template":"","meta":[],"product_brand":[],"product_cat":[104],"product_tag":[],"class_list":{"0":"post-6948","1":"product","2":"type-product","3":"status-publish","4":"has-post-thumbnail","6":"product_cat-gratis-bei-bestellung","7":"product_shipping_class-brief","9":"first","10":"instock","11":"sale","12":"sold-individually","13":"taxable","14":"shipping-taxable","15":"purchasable","16":"product-type-variable"},"_links":{"self":[{"href":"https:\/\/www.hml-fetish.de\/shop\/wp-json\/wp\/v2\/product\/6948","targetHints":{"allow":["GET"]}}],"collection":[{"href":"https:\/\/www.hml-fetish.de\/shop\/wp-json\/wp\/v2\/product"}],"about":[{"href":"https:\/\/www.hml-fetish.de\/shop\/wp-json\/wp\/v2\/types\/product"}],"replies":[{"embeddable":true,"href":"https:\/\/www.hml-fetish.de\/shop\/wp-json\/wp\/v2\/comments?post=6948"}],"version-history":[{"count":0,"href":"https:\/\/www.hml-fetish.de\/shop\/wp-json\/wp\/v2\/product\/6948\/revisions"}],"wp:featuredmedia":[{"embeddable":true,"href":"https:\/\/www.hml-fetish.de\/shop\/wp-json\/wp\/v2\/media\/17670"}],"wp:attachment":[{"href":"https:\/\/www.hml-fetish.de\/shop\/wp-json\/wp\/v2\/media?parent=6948"}],"wp:term":[{"taxonomy":"product_brand","embeddable":true,"href":"https:\/\/www.hml-fetish.de\/shop\/wp-json\/wp\/v2\/product_brand?post=6948"},{"taxonomy":"product_cat","embeddable":true,"href":"https:\/\/www.hml-fetish.de\/shop\/wp-json\/wp\/v2\/product_cat?post=6948"},{"taxonomy":"product_tag","embeddable":true,"href":"https:\/\/www.hml-fetish.de\/shop\/wp-json\/wp\/v2\/product_tag?post=6948"}],"curies":[{"name":"wp","href":"https:\/\/api.w.org\/{rel}","templated":true}]}}