{"id":6944,"date":"2022-01-23T22:51:31","date_gmt":"2022-01-23T21:51:31","guid":{"rendered":"https:\/\/www.hml-fetish.de\/shop\/?post_type=product&#038;p=6944"},"modified":"2025-12-30T19:31:03","modified_gmt":"2025-12-30T18:31:03","slug":"kuehlschrank-magnet-leather-pride","status":"publish","type":"product","link":"https:\/\/www.hml-fetish.de\/shop\/kuehlschrank-magnet-leather-pride\/","title":{"rendered":"K\u00fchlschrank-Magnet Leather-Pride"},"content":{"rendered":"<p>Stabile, 51 mm x 87 mm grosse Magnetplatten f\u00fcr den K\u00fchlschrank oder jede andere eisenhaltige Fl\u00e4che (Gay-Pride ist leider bereits vergriffen.).<\/p>\n","protected":false},"excerpt":{"rendered":"<h4>K\u00fchlschrank-Magnet Leather-Pride<\/h4>\n<p>Stabile, 51 mm x 87 mm grosse Magnetplatten f\u00fcr den K\u00fchlschrank oder jede andere eisenhaltige Fl\u00e4che. Gay-Pride ist leider bereits vergriffen.<\/p>\n","protected":false},"featured_media":17724,"comment_status":"open","ping_status":"closed","template":"","meta":[],"product_brand":[],"product_cat":[125,108],"product_tag":[],"class_list":{"0":"post-6944","1":"product","2":"type-product","3":"status-publish","4":"has-post-thumbnail","6":"product_cat-gay-pride","7":"product_cat-restposten-einzelstuecke","8":"product_shipping_class-brief","10":"first","11":"instock","12":"taxable","13":"shipping-taxable","14":"purchasable","15":"product-type-simple"},"_links":{"self":[{"href":"https:\/\/www.hml-fetish.de\/shop\/wp-json\/wp\/v2\/product\/6944","targetHints":{"allow":["GET"]}}],"collection":[{"href":"https:\/\/www.hml-fetish.de\/shop\/wp-json\/wp\/v2\/product"}],"about":[{"href":"https:\/\/www.hml-fetish.de\/shop\/wp-json\/wp\/v2\/types\/product"}],"replies":[{"embeddable":true,"href":"https:\/\/www.hml-fetish.de\/shop\/wp-json\/wp\/v2\/comments?post=6944"}],"version-history":[{"count":0,"href":"https:\/\/www.hml-fetish.de\/shop\/wp-json\/wp\/v2\/product\/6944\/revisions"}],"wp:featuredmedia":[{"embeddable":true,"href":"https:\/\/www.hml-fetish.de\/shop\/wp-json\/wp\/v2\/media\/17724"}],"wp:attachment":[{"href":"https:\/\/www.hml-fetish.de\/shop\/wp-json\/wp\/v2\/media?parent=6944"}],"wp:term":[{"taxonomy":"product_brand","embeddable":true,"href":"https:\/\/www.hml-fetish.de\/shop\/wp-json\/wp\/v2\/product_brand?post=6944"},{"taxonomy":"product_cat","embeddable":true,"href":"https:\/\/www.hml-fetish.de\/shop\/wp-json\/wp\/v2\/product_cat?post=6944"},{"taxonomy":"product_tag","embeddable":true,"href":"https:\/\/www.hml-fetish.de\/shop\/wp-json\/wp\/v2\/product_tag?post=6944"}],"curies":[{"name":"wp","href":"https:\/\/api.w.org\/{rel}","templated":true}]}}