{"id":6942,"date":"2022-01-23T22:51:30","date_gmt":"2022-01-23T21:51:30","guid":{"rendered":"https:\/\/www.hml-fetish.de\/shop\/?post_type=product&#038;p=6942"},"modified":"2022-03-31T19:52:42","modified_gmt":"2022-03-31T17:52:42","slug":"schluesselanhaenger-handschellen","status":"publish","type":"product","link":"https:\/\/www.hml-fetish.de\/shop\/schluesselanhaenger-handschellen\/","title":{"rendered":"Schl\u00fcsselanh\u00e4nger Handschellen"},"content":{"rendered":"<p>Dieser originelle Schl\u00fcsselanh\u00e4nger stellt zwei (funktionsf\u00e4hige!) Mini-Handschellen aus Metall dar und ist ein klares Erkennungszeichen f\u00fcr alle BDSM&#8217;ler. Aufgrund ihrer geringen Gr\u00f6sse sind die Handschellen nat\u00fcrlich allenfalls als Daumenschellen zu verwenden!<\/p>\n","protected":false},"excerpt":{"rendered":"<h4>Schl\u00fcsselanh\u00e4nger Handschellen<\/h4>\n<p>Dieser originelle Schl\u00fcsselanh\u00e4nger stellt zwei (funktionsf\u00e4hige!) Mini-Handschellen aus Metall dar und ist ein klares Erkennungszeichen f\u00fcr alle BDSM&#8217;ler. Aufgrund ihrer geringen Gr\u00f6sse sind die Handschellen nat\u00fcrlich allenfalls als Daumenschellen zu verwenden!<\/p>\n","protected":false},"featured_media":17739,"comment_status":"open","ping_status":"closed","template":"","meta":[],"product_brand":[],"product_cat":[127,108,140],"product_tag":[],"class_list":{"0":"post-6942","1":"product","2":"type-product","3":"status-publish","4":"has-post-thumbnail","6":"product_cat-diverses","7":"product_cat-restposten-einzelstuecke","8":"product_cat-stahlfesseln","9":"product_shipping_class-brief","11":"first","12":"instock","13":"taxable","14":"shipping-taxable","15":"purchasable","16":"product-type-simple"},"_links":{"self":[{"href":"https:\/\/www.hml-fetish.de\/shop\/wp-json\/wp\/v2\/product\/6942","targetHints":{"allow":["GET"]}}],"collection":[{"href":"https:\/\/www.hml-fetish.de\/shop\/wp-json\/wp\/v2\/product"}],"about":[{"href":"https:\/\/www.hml-fetish.de\/shop\/wp-json\/wp\/v2\/types\/product"}],"replies":[{"embeddable":true,"href":"https:\/\/www.hml-fetish.de\/shop\/wp-json\/wp\/v2\/comments?post=6942"}],"version-history":[{"count":0,"href":"https:\/\/www.hml-fetish.de\/shop\/wp-json\/wp\/v2\/product\/6942\/revisions"}],"wp:featuredmedia":[{"embeddable":true,"href":"https:\/\/www.hml-fetish.de\/shop\/wp-json\/wp\/v2\/media\/17739"}],"wp:attachment":[{"href":"https:\/\/www.hml-fetish.de\/shop\/wp-json\/wp\/v2\/media?parent=6942"}],"wp:term":[{"taxonomy":"product_brand","embeddable":true,"href":"https:\/\/www.hml-fetish.de\/shop\/wp-json\/wp\/v2\/product_brand?post=6942"},{"taxonomy":"product_cat","embeddable":true,"href":"https:\/\/www.hml-fetish.de\/shop\/wp-json\/wp\/v2\/product_cat?post=6942"},{"taxonomy":"product_tag","embeddable":true,"href":"https:\/\/www.hml-fetish.de\/shop\/wp-json\/wp\/v2\/product_tag?post=6942"}],"curies":[{"name":"wp","href":"https:\/\/api.w.org\/{rel}","templated":true}]}}