{"id":6935,"date":"2022-01-23T22:51:28","date_gmt":"2022-01-23T21:51:28","guid":{"rendered":"https:\/\/www.hml-fetish.de\/shop\/?post_type=product&#038;p=6935"},"modified":"2024-11-17T09:52:45","modified_gmt":"2024-11-17T08:52:45","slug":"gay-leatherpride-pin","status":"publish","type":"product","link":"https:\/\/www.hml-fetish.de\/shop\/gay-leatherpride-pin\/","title":{"rendered":"Gay-Leatherpride Pin"},"content":{"rendered":"<p>Du weisst nicht, was wichtiger f\u00fcr Dich ist: da\u00df Du schwul bist, oder da\u00df Du auf Leder stehst? Hier ist die (25 x 16 mm gro\u00dfe) L\u00f6sung!<br \/>\n<BR>Unsere Pins haben einen Gegenstecker, der ein unabsichtliches Herausrutschen der Nadel verhindert. Die Ausf\u00fchrung ist in Soft-Emaille \u2013 d\u00fcnne Metallkonturen trennen alle Farben.<\/p>\n","protected":false},"excerpt":{"rendered":"<h4>Gay-Leatherpride Pin<\/h4>\n<p>Du weisst nicht, was wichtiger f\u00fcr Dich ist: da\u00df Du schwul bist, oder da\u00df Du auf Leder stehst? Hier ist die (25 x 16 mm gro\u00dfe) L\u00f6sung!<\/p>\n","protected":false},"featured_media":17836,"comment_status":"open","ping_status":"closed","template":"","meta":[],"product_brand":[],"product_cat":[151,125],"product_tag":[],"class_list":{"0":"post-6935","1":"product","2":"type-product","3":"status-publish","4":"has-post-thumbnail","6":"product_cat-accessoires-2","7":"product_cat-gay-pride","8":"product_shipping_class-brief","10":"first","11":"instock","12":"taxable","13":"shipping-taxable","14":"purchasable","15":"product-type-simple"},"_links":{"self":[{"href":"https:\/\/www.hml-fetish.de\/shop\/wp-json\/wp\/v2\/product\/6935","targetHints":{"allow":["GET"]}}],"collection":[{"href":"https:\/\/www.hml-fetish.de\/shop\/wp-json\/wp\/v2\/product"}],"about":[{"href":"https:\/\/www.hml-fetish.de\/shop\/wp-json\/wp\/v2\/types\/product"}],"replies":[{"embeddable":true,"href":"https:\/\/www.hml-fetish.de\/shop\/wp-json\/wp\/v2\/comments?post=6935"}],"version-history":[{"count":0,"href":"https:\/\/www.hml-fetish.de\/shop\/wp-json\/wp\/v2\/product\/6935\/revisions"}],"wp:featuredmedia":[{"embeddable":true,"href":"https:\/\/www.hml-fetish.de\/shop\/wp-json\/wp\/v2\/media\/17836"}],"wp:attachment":[{"href":"https:\/\/www.hml-fetish.de\/shop\/wp-json\/wp\/v2\/media?parent=6935"}],"wp:term":[{"taxonomy":"product_brand","embeddable":true,"href":"https:\/\/www.hml-fetish.de\/shop\/wp-json\/wp\/v2\/product_brand?post=6935"},{"taxonomy":"product_cat","embeddable":true,"href":"https:\/\/www.hml-fetish.de\/shop\/wp-json\/wp\/v2\/product_cat?post=6935"},{"taxonomy":"product_tag","embeddable":true,"href":"https:\/\/www.hml-fetish.de\/shop\/wp-json\/wp\/v2\/product_tag?post=6935"}],"curies":[{"name":"wp","href":"https:\/\/api.w.org\/{rel}","templated":true}]}}