{"id":6925,"date":"2022-01-23T22:51:25","date_gmt":"2022-01-23T21:51:25","guid":{"rendered":"https:\/\/www.hml-fetish.de\/shop\/?post_type=product&#038;p=6925"},"modified":"2024-10-19T15:24:34","modified_gmt":"2024-10-19T13:24:34","slug":"die-unterwerfung-pauls-traum-von-sm","status":"publish","type":"product","link":"https:\/\/www.hml-fetish.de\/shop\/die-unterwerfung-pauls-traum-von-sm\/","title":{"rendered":"Die Unterwerfung-Pauls Traum von SM"},"content":{"rendered":"<p><b>S\/M im Kopf<\/b><br \/>\nPaul beschreibt, wie die Lust an Dominanz und Unterwerfung ausgelebt und in den Alltag eingebaut werden kann, was bei einer Session passiert, was im Kopf von Meister und Sklave vorgeht, wie der Gegensatz von Dominanz und Unterwerfung funktioniert, welche Rolle Fetische spielen und vieles mehr. Einsteiger bekommen so einen guten Eindruck davon, was von Ihnen verlangt wird und was sie erwartet, und erfahrene S\/M&#8217;ler k\u00f6nnen ihre eigenen Vorstellungen mit denen Pauls vergleichen.<br \/>\nSeit 1998 sind 5 B\u00fccher des S\/M-Meisters Paul erschienen. In seinen Tageb\u00fcchern untersucht er die den Verlauf einer Beziehung \u00fcber den Zeitraum von sieben Jahren, in seinen Handb\u00fcchern f\u00fcr Meister und Sklaven gibt er praktische Ratschl\u00e4ge. Mit &#8220;Die Unterwerfung&#8221; setzen wir diese \u00fcberaus erfolgreiche Reihe fort. Hier erkl\u00e4rt Paul seine Zielvorstellungen f\u00fcr ein m\u00f6glichst umfassendes S\/M-Leben, das sich mit gelegentlichen Sessions nicht zufrieden gibt.<br \/>\ngeb., 160 Seiten<br \/>\n17,00 EUR<br \/>\nISBN: 978-3-939542-14-8<\/p>\n","protected":false},"excerpt":{"rendered":"<h4>Die Unterwerfung-Pauls Traum von SM<\/h4>\n<p><P>Paul beschreibt, wie die Lust an Dominanz und Unterwerfung ausgelebt und in den Alltag eingebaut werden kann, was bei einer Session passiert, was im Kopf von Meister und Sklave vorgeht, wie der Gegensatz von Dominanz und Unterwerfung funktioniert, welche Rolle Fetische spielen und vieles mehr. Einsteiger bekommen so einen guten Eindruck davon, was von Ihnen verlangt wird und was sie erwartet, und erfahrene S\/M&#8217;ler k\u00f6nnen ihre eigenen Vorstellungen mit denen Pauls vergleichen.<\/P><br \/>\n<P><B>Bestelle B\u00fccher versandkostenfrei mit dem Gutscheincode &#8220;versandkostenfrei-b\u00fccher&#8221;!<\/B><\/P><\/p>\n","protected":false},"featured_media":17944,"comment_status":"open","ping_status":"closed","template":"","meta":[],"product_brand":[],"product_cat":[124],"product_tag":[],"class_list":{"0":"post-6925","1":"product","2":"type-product","3":"status-publish","4":"has-post-thumbnail","6":"product_cat-buecher-kalender","7":"product_shipping_class-brief","9":"first","10":"instock","11":"taxable","12":"shipping-taxable","13":"purchasable","14":"product-type-simple"},"_links":{"self":[{"href":"https:\/\/www.hml-fetish.de\/shop\/wp-json\/wp\/v2\/product\/6925","targetHints":{"allow":["GET"]}}],"collection":[{"href":"https:\/\/www.hml-fetish.de\/shop\/wp-json\/wp\/v2\/product"}],"about":[{"href":"https:\/\/www.hml-fetish.de\/shop\/wp-json\/wp\/v2\/types\/product"}],"replies":[{"embeddable":true,"href":"https:\/\/www.hml-fetish.de\/shop\/wp-json\/wp\/v2\/comments?post=6925"}],"version-history":[{"count":0,"href":"https:\/\/www.hml-fetish.de\/shop\/wp-json\/wp\/v2\/product\/6925\/revisions"}],"wp:featuredmedia":[{"embeddable":true,"href":"https:\/\/www.hml-fetish.de\/shop\/wp-json\/wp\/v2\/media\/17944"}],"wp:attachment":[{"href":"https:\/\/www.hml-fetish.de\/shop\/wp-json\/wp\/v2\/media?parent=6925"}],"wp:term":[{"taxonomy":"product_brand","embeddable":true,"href":"https:\/\/www.hml-fetish.de\/shop\/wp-json\/wp\/v2\/product_brand?post=6925"},{"taxonomy":"product_cat","embeddable":true,"href":"https:\/\/www.hml-fetish.de\/shop\/wp-json\/wp\/v2\/product_cat?post=6925"},{"taxonomy":"product_tag","embeddable":true,"href":"https:\/\/www.hml-fetish.de\/shop\/wp-json\/wp\/v2\/product_tag?post=6925"}],"curies":[{"name":"wp","href":"https:\/\/api.w.org\/{rel}","templated":true}]}}