{"id":6919,"date":"2022-01-23T22:51:03","date_gmt":"2022-01-23T21:51:03","guid":{"rendered":"https:\/\/www.hml-fetish.de\/shop\/?post_type=product&#038;p=6919"},"modified":"2024-10-19T15:00:31","modified_gmt":"2024-10-19T13:00:31","slug":"der-vertrag","status":"publish","type":"product","link":"https:\/\/www.hml-fetish.de\/shop\/der-vertrag\/","title":{"rendered":"Der Vertrag"},"content":{"rendered":"<p>Pauls B\u00fccher &#8211; Der Vertrag.<br \/>\nTagebuch einer SM-Beziehung; dritter Teil.<br \/>\nM\u00e4nnerschwarm Skript<br \/>\nHardcover, gebunden, 191 Seiten.<\/p>\n<p>\u00bbKann man einen Maso lieben? Darf man einen Maso \u00fcberhaupt lieben? Ist nicht durch die tiefen Gef\u00fchle der Liebe eine Gefahr der zu gro\u00dfen Zuneigung gegeben, die wiederum zu einer m\u00e4ssigeren Erziehung und zu einer geringeren H\u00e4rte f\u00fchrt? Ein Maso, der sich bedingungslos und zudem noch verliebt in die Arme und die Macht eines Herrn begibt, zeigt doch die besten Voraussetzungen f\u00fcr seine Entwicklung, harte hingebungsvolle Erziehung und Befriedigung des Herrn.<\/p>\n<p>Wo liegt da die Liebe und die Notwendigkeit einer Liebe des Herrn zu seinem Maso? Er geh\u00f6rt dem Herrn und ist ihm per Rolle und zudem per Liebe derart ausgeliefert und unterworfen, da\u00df eine weitere tiefergehende Liebe sozusagen von der anderen Seite nicht n\u00f6tig zu sein scheint. Ein echter und \u00fcberzeugter Maso kann seiner Rolle und Leidenschaft sowieso nicht entrinnen.\u00ab<\/p>\n","protected":false},"excerpt":{"rendered":"<h4>Der Vertrag<\/h4>\n<p><P>\u00bbKann man einen Maso lieben? Darf man einen Maso \u00fcberhaupt lieben? Ist nicht durch die tiefen Gef\u00fchle der Liebe eine Gefahr der zu gro\u00dfen Zuneigung gegeben, die wiederum zu einer m\u00e4ssigeren Erziehung und zu einer geringeren H\u00e4rte f\u00fchrt? Ein Maso, der sich bedingungslos und zudem noch verliebt in die Arme und die Macht eines Herrn begibt, zeigt doch die besten Voraussetzungen f\u00fcr seine Entwicklung, harte hingebungsvolle Erziehung und Befriedigung des Herrn.<\/P><br \/>\n<P>>Wo liegt da die Liebe und die Notwendigkeit einer Liebe des Herrn zu seinem Maso? Er geh\u00f6rt dem Herrn und ist ihm per Rolle und zudem per Liebe derart ausgeliefert und unterworfen, da\u00df eine weitere tiefergehende Liebe sozusagen von der anderen Seite nicht n\u00f6tig zu sein scheint. Ein echter und \u00fcberzeugter Maso kann seiner Rolle und Leidenschaft sowieso nicht entrinnen.\u00ab<\/P><br \/>\n<P><B>Bestelle B\u00fccher versandkostenfrei mit dem Gutscheincode &#8220;versandkostenfrei-b\u00fccher&#8221;!<\/B><\/P><\/p>\n","protected":false},"featured_media":18005,"comment_status":"open","ping_status":"closed","template":"","meta":[],"product_brand":[],"product_cat":[124],"product_tag":[],"class_list":{"0":"post-6919","1":"product","2":"type-product","3":"status-publish","4":"has-post-thumbnail","6":"product_cat-buecher-kalender","7":"product_shipping_class-paket","9":"first","10":"instock","11":"taxable","12":"shipping-taxable","13":"purchasable","14":"product-type-simple"},"_links":{"self":[{"href":"https:\/\/www.hml-fetish.de\/shop\/wp-json\/wp\/v2\/product\/6919","targetHints":{"allow":["GET"]}}],"collection":[{"href":"https:\/\/www.hml-fetish.de\/shop\/wp-json\/wp\/v2\/product"}],"about":[{"href":"https:\/\/www.hml-fetish.de\/shop\/wp-json\/wp\/v2\/types\/product"}],"replies":[{"embeddable":true,"href":"https:\/\/www.hml-fetish.de\/shop\/wp-json\/wp\/v2\/comments?post=6919"}],"version-history":[{"count":0,"href":"https:\/\/www.hml-fetish.de\/shop\/wp-json\/wp\/v2\/product\/6919\/revisions"}],"wp:featuredmedia":[{"embeddable":true,"href":"https:\/\/www.hml-fetish.de\/shop\/wp-json\/wp\/v2\/media\/18005"}],"wp:attachment":[{"href":"https:\/\/www.hml-fetish.de\/shop\/wp-json\/wp\/v2\/media?parent=6919"}],"wp:term":[{"taxonomy":"product_brand","embeddable":true,"href":"https:\/\/www.hml-fetish.de\/shop\/wp-json\/wp\/v2\/product_brand?post=6919"},{"taxonomy":"product_cat","embeddable":true,"href":"https:\/\/www.hml-fetish.de\/shop\/wp-json\/wp\/v2\/product_cat?post=6919"},{"taxonomy":"product_tag","embeddable":true,"href":"https:\/\/www.hml-fetish.de\/shop\/wp-json\/wp\/v2\/product_tag?post=6919"}],"curies":[{"name":"wp","href":"https:\/\/api.w.org\/{rel}","templated":true}]}}