{"id":6918,"date":"2022-01-23T22:51:03","date_gmt":"2022-01-23T21:51:03","guid":{"rendered":"https:\/\/www.hml-fetish.de\/shop\/?post_type=product&#038;p=6918"},"modified":"2024-10-19T14:58:51","modified_gmt":"2024-10-19T12:58:51","slug":"die-wende","status":"publish","type":"product","link":"https:\/\/www.hml-fetish.de\/shop\/die-wende\/","title":{"rendered":"Die Wende"},"content":{"rendered":"<p>Tagebuch einer SM-Beziehung; zweiter Teil.<br \/>\nM\u00e4nnerschwarm Skript<br \/>\nHardcover, gebunden, 191 Seiten.<\/p>\n<p>\u00bbMein Maso hat gestern Nacht bei mir im Bett geschlafen. Ohne da\u00df ich es ihm erlaubt habe. Daf\u00fcr habe ich ihm Schl\u00e4ge versprochen, obwohl ich noch unschl\u00fcssig bin, ob ich sie ihm gebe. Es dauert, bis er meine Anordnungen endlich befolgt. Erst heute abend nach dem Baden war er wieder ganz Maso, so stark, da\u00df ich ihn kaum ansprechen konnte.\u00ab<br \/>\nDer zweite Band von Pauls SM-Tageb\u00fcchern: Paul \u00fcbernimmt die Meisterrolle. Sehr direkt, sehr intim kann man an ihrem Leben teilhaben. Das mag zun\u00e4chst schockierend sein, doch die tiefe Liebe und der Respekt ihrer Freundschaft wird erst dadurch erkennbar.<\/p>\n","protected":false},"excerpt":{"rendered":"<h4>Die Wende<\/h4>\n<p><P>Der zweite Band von Pauls SM-Tageb\u00fcchern: Paul \u00fcbernimmt die Meisterrolle. Sehr direkt, sehr intim kann man an ihrem Leben teilhaben. Das mag zun\u00e4chst schockierend sein, doch die tiefe Liebe und der Respekt ihrer Freundschaft wird erst dadurch erkennbar.<\/P><br \/>\n<P><B>Bestelle B\u00fccher versandkostenfrei mit dem Gutscheincode &#8220;versandkostenfrei-b\u00fccher&#8221;!<\/B><\/P><\/p>\n","protected":false},"featured_media":18019,"comment_status":"open","ping_status":"closed","template":"","meta":[],"product_brand":[],"product_cat":[124],"product_tag":[],"class_list":{"0":"post-6918","1":"product","2":"type-product","3":"status-publish","4":"has-post-thumbnail","6":"product_cat-buecher-kalender","7":"product_shipping_class-paket","9":"first","10":"instock","11":"taxable","12":"shipping-taxable","13":"purchasable","14":"product-type-simple"},"_links":{"self":[{"href":"https:\/\/www.hml-fetish.de\/shop\/wp-json\/wp\/v2\/product\/6918","targetHints":{"allow":["GET"]}}],"collection":[{"href":"https:\/\/www.hml-fetish.de\/shop\/wp-json\/wp\/v2\/product"}],"about":[{"href":"https:\/\/www.hml-fetish.de\/shop\/wp-json\/wp\/v2\/types\/product"}],"replies":[{"embeddable":true,"href":"https:\/\/www.hml-fetish.de\/shop\/wp-json\/wp\/v2\/comments?post=6918"}],"version-history":[{"count":0,"href":"https:\/\/www.hml-fetish.de\/shop\/wp-json\/wp\/v2\/product\/6918\/revisions"}],"wp:featuredmedia":[{"embeddable":true,"href":"https:\/\/www.hml-fetish.de\/shop\/wp-json\/wp\/v2\/media\/18019"}],"wp:attachment":[{"href":"https:\/\/www.hml-fetish.de\/shop\/wp-json\/wp\/v2\/media?parent=6918"}],"wp:term":[{"taxonomy":"product_brand","embeddable":true,"href":"https:\/\/www.hml-fetish.de\/shop\/wp-json\/wp\/v2\/product_brand?post=6918"},{"taxonomy":"product_cat","embeddable":true,"href":"https:\/\/www.hml-fetish.de\/shop\/wp-json\/wp\/v2\/product_cat?post=6918"},{"taxonomy":"product_tag","embeddable":true,"href":"https:\/\/www.hml-fetish.de\/shop\/wp-json\/wp\/v2\/product_tag?post=6918"}],"curies":[{"name":"wp","href":"https:\/\/api.w.org\/{rel}","templated":true}]}}