{"id":6916,"date":"2022-01-23T22:51:02","date_gmt":"2022-01-23T21:51:02","guid":{"rendered":"https:\/\/www.hml-fetish.de\/shop\/?post_type=product&#038;p=6916"},"modified":"2024-10-19T15:02:36","modified_gmt":"2024-10-19T13:02:36","slug":"mark-thompson-lederlust","status":"publish","type":"product","link":"https:\/\/www.hml-fetish.de\/shop\/mark-thompson-lederlust\/","title":{"rendered":"Mark Thompson-LederLust"},"content":{"rendered":"<p><P>Bruno Gm\u00fcnder Verlag 1997<\/P><br \/>\n<P>Keine Gruppe ist so sagenumwoben und weckt soviel Staunen wie die schwule Lederszene. Bei dem einen l\u00f6st sie Agressionen aus, auf den anderen wirkt sie verlockend. \u00bbLederLust\u00ab ist das erste Sachbuch, das nicht nur das komplexe und h\u00e4ufig totgeschwiegene Thema \u00bbsadomasochistische Sexualit\u00e4t\u00ab anspricht, sondern auch die dazugeh\u00f6rige Subkultur darstellt.<\/P><br \/>\n<P>Bekannte, der amerikanischen Lederszene angeh\u00f6rende Autoren f\u00fchren den Leser auf eine spirituelle Reise in Sph\u00e4ren, wo sich erotische Lust und physischer Schmerz verschmelzen. Sie vermitteln mit ihren Essays einen eindrucksvollen Eindruck in den Mikrokosmos der Leder- und S\/M-Welt, schildern pers\u00f6nliche sexuelle Erfahrungen, weihen in die Riten und Geschichte des S\/M-Kults ein. In diesem Sinne ist \u00bbLeder Lust\u00ab ein Meilenstein f\u00fcr Eingeweihte, Neulinge und auch f\u00fcr jene, die \u00bbblo\u00df neugierig\u00ab sind.<\/P><br \/>\n<P><i>Kommentar: Mehr Sachbuch als Porno. Allerdings lassen sich die Verh\u00e4ltnisse der amerikanischen Lederszene nicht uneingeschr\u00e4nkt auf unsere Szene \u00fcbertragen. Schlie\u00dflich haben sich beide verschieden entwickelt und die Amis sind nicht \u00fcberall die Trendsetter! (sagt Mike von HML Fetish)<\/i><\/P><\/p>\n","protected":false},"excerpt":{"rendered":"<h4>Mark Thompson-LederLust<\/h4>\n<p><P>Keine Gruppe ist so sagenumwoben und weckt soviel Staunen wie die schwule Lederszene. Bei dem einen l\u00f6st sie Agressionen aus, auf den anderen wirkt sie verlockend. \u00bbLederLust\u00ab ist das erste Sachbuch, das nicht nur das komplexe und h\u00e4ufig totgeschwiegene Thema \u00bbsadomasochistische Sexualit\u00e4t\u00ab anspricht, sondern auch die dazugeh\u00f6rige Subkultur darstellt.<\/P><br \/>\n<P><B>Bestelle B\u00fccher versandkostenfrei mit dem Gutscheincode &#8220;versandkostenfrei-b\u00fccher&#8221;!<\/B><\/P><\/p>\n","protected":false},"featured_media":18045,"comment_status":"open","ping_status":"closed","template":"","meta":[],"product_brand":[],"product_cat":[124,105],"product_tag":[],"class_list":{"0":"post-6916","1":"product","2":"type-product","3":"status-publish","4":"has-post-thumbnail","6":"product_cat-buecher-kalender","7":"product_cat-sonderangebote","8":"product_shipping_class-brief","10":"first","11":"instock","12":"sale","13":"taxable","14":"shipping-taxable","15":"purchasable","16":"product-type-simple"},"_links":{"self":[{"href":"https:\/\/www.hml-fetish.de\/shop\/wp-json\/wp\/v2\/product\/6916","targetHints":{"allow":["GET"]}}],"collection":[{"href":"https:\/\/www.hml-fetish.de\/shop\/wp-json\/wp\/v2\/product"}],"about":[{"href":"https:\/\/www.hml-fetish.de\/shop\/wp-json\/wp\/v2\/types\/product"}],"replies":[{"embeddable":true,"href":"https:\/\/www.hml-fetish.de\/shop\/wp-json\/wp\/v2\/comments?post=6916"}],"version-history":[{"count":0,"href":"https:\/\/www.hml-fetish.de\/shop\/wp-json\/wp\/v2\/product\/6916\/revisions"}],"wp:featuredmedia":[{"embeddable":true,"href":"https:\/\/www.hml-fetish.de\/shop\/wp-json\/wp\/v2\/media\/18045"}],"wp:attachment":[{"href":"https:\/\/www.hml-fetish.de\/shop\/wp-json\/wp\/v2\/media?parent=6916"}],"wp:term":[{"taxonomy":"product_brand","embeddable":true,"href":"https:\/\/www.hml-fetish.de\/shop\/wp-json\/wp\/v2\/product_brand?post=6916"},{"taxonomy":"product_cat","embeddable":true,"href":"https:\/\/www.hml-fetish.de\/shop\/wp-json\/wp\/v2\/product_cat?post=6916"},{"taxonomy":"product_tag","embeddable":true,"href":"https:\/\/www.hml-fetish.de\/shop\/wp-json\/wp\/v2\/product_tag?post=6916"}],"curies":[{"name":"wp","href":"https:\/\/api.w.org\/{rel}","templated":true}]}}