{"id":6914,"date":"2022-01-23T22:51:02","date_gmt":"2022-01-23T21:51:02","guid":{"rendered":"https:\/\/www.hml-fetish.de\/shop\/?post_type=product&#038;p=6914"},"modified":"2022-04-02T18:20:15","modified_gmt":"2022-04-02T16:20:15","slug":"leder-reinigungsschaum","status":"publish","type":"product","link":"https:\/\/www.hml-fetish.de\/shop\/leder-reinigungsschaum\/","title":{"rendered":"Leder Reinigungsschaum"},"content":{"rendered":"<p>B\u00f9falo Multischaum ist Farb-Auffrischung, Reinigung und Pflege zugleich. Den speziellen Schaum aus der Spr\u00fchdose mit einem weichen Tuch auftragen, einige Sekunden einwirken lassen und dann sorgf\u00e4ltig auspolieren bzw. -b\u00fcrsten. Funktioniert auch f\u00fcr Textilien wie z.B. Helmpolster. Du bekommst eine 200 ml Spr\u00fchdose mit Schaumd\u00fcse. Solche Pflegeartikel immer erst an einer unauff\u00e4lligen Stelle ausprobieren!<\/p>\n","protected":false},"excerpt":{"rendered":"<h4>Leder Reinigungsschaum<\/h4>\n<p>B\u00f9falo-Multischaum ist Farb-Auffrischung, Reinigung und Pflege zugleich. Den speziellen Schaum aus der Spr\u00fchdose mit einem weichen Tuch auftragen, einige Sekunden einwirken lassen und dann sorgf\u00e4ltig auspolieren bzw. -b\u00fcrsten.<\/p>\n","protected":false},"featured_media":18079,"comment_status":"open","ping_status":"closed","template":"","meta":[],"product_brand":[],"product_cat":[159],"product_tag":[],"class_list":{"0":"post-6914","1":"product","2":"type-product","3":"status-publish","4":"has-post-thumbnail","6":"product_cat-lederpflege","7":"product_shipping_class-paket","9":"first","10":"instock","11":"taxable","12":"shipping-taxable","13":"purchasable","14":"product-type-simple"},"_links":{"self":[{"href":"https:\/\/www.hml-fetish.de\/shop\/wp-json\/wp\/v2\/product\/6914","targetHints":{"allow":["GET"]}}],"collection":[{"href":"https:\/\/www.hml-fetish.de\/shop\/wp-json\/wp\/v2\/product"}],"about":[{"href":"https:\/\/www.hml-fetish.de\/shop\/wp-json\/wp\/v2\/types\/product"}],"replies":[{"embeddable":true,"href":"https:\/\/www.hml-fetish.de\/shop\/wp-json\/wp\/v2\/comments?post=6914"}],"version-history":[{"count":0,"href":"https:\/\/www.hml-fetish.de\/shop\/wp-json\/wp\/v2\/product\/6914\/revisions"}],"wp:featuredmedia":[{"embeddable":true,"href":"https:\/\/www.hml-fetish.de\/shop\/wp-json\/wp\/v2\/media\/18079"}],"wp:attachment":[{"href":"https:\/\/www.hml-fetish.de\/shop\/wp-json\/wp\/v2\/media?parent=6914"}],"wp:term":[{"taxonomy":"product_brand","embeddable":true,"href":"https:\/\/www.hml-fetish.de\/shop\/wp-json\/wp\/v2\/product_brand?post=6914"},{"taxonomy":"product_cat","embeddable":true,"href":"https:\/\/www.hml-fetish.de\/shop\/wp-json\/wp\/v2\/product_cat?post=6914"},{"taxonomy":"product_tag","embeddable":true,"href":"https:\/\/www.hml-fetish.de\/shop\/wp-json\/wp\/v2\/product_tag?post=6914"}],"curies":[{"name":"wp","href":"https:\/\/api.w.org\/{rel}","templated":true}]}}