{"id":6912,"date":"2022-01-23T22:51:01","date_gmt":"2022-01-23T21:51:01","guid":{"rendered":"https:\/\/www.hml-fetish.de\/shop\/?post_type=product&#038;p=6912"},"modified":"2025-11-19T15:21:27","modified_gmt":"2025-11-19T14:21:27","slug":"lederschwaerze","status":"publish","type":"product","link":"https:\/\/www.hml-fetish.de\/shop\/lederschwaerze\/","title":{"rendered":"Lederschw\u00e4rze"},"content":{"rendered":"<p><I>Solitaire Rapid Lederschw\u00e4rze<\/i> ist geeignet f\u00fcr alle glatten und genarbten Leder und Synthetics. F\u00fcr unsere Lederbekleidung, Harnesse, Gurte etc. wirst du diese Spezialfarbe kaum brauchen. Da f\u00e4llt auch ein Kratzer farblich nicht auf, denn deren Rindleder ist komplett durchgef\u00e4rbt. Anders bei lackiertem Blankleder oder bei st\u00e4rkeren Kratzern und Absch\u00fcrfungen an Stiefeln. Da wirkt die Schw\u00e4rze Wunder. Einfach mit dem beiliegendem Pinsel auftragen. \u00dcber Nacht trocknen lassen, danach mit Shoe Polish eincremen und besonders gr\u00fcndlich polieren. Die Schw\u00e4rze deckt sehr gut und ist wirklich abriebfest und nicht abf\u00e4rbend. Sie kommt in einer 50 ml Flasche inklusive Pinsel.<\/p>\n","protected":false},"excerpt":{"rendered":"<h4>Lederschw\u00e4rze<\/h4>\n<p>&lt;I&gt;Solitaire Rapid Schw\u00e4rze&lt;\/i&gt; ist geeignet f\u00fcr alle glatten und genarbten Leder und Synthetics. Einfach mit dem beiliegendem Pinsel auftragen. \u00dcber Nacht trocknen lassen, danach mit Shoe Polish eincremen und besonders gr\u00fcndlich polieren. Die Schw\u00e4rze deckt sehr gut und ist wirklich abriebfest und nicht abf\u00e4rbend.<\/p>\n","protected":false},"featured_media":18087,"comment_status":"open","ping_status":"closed","template":"","meta":[],"product_brand":[],"product_cat":[159,95],"product_tag":[],"class_list":{"0":"post-6912","1":"product","2":"type-product","3":"status-publish","4":"has-post-thumbnail","6":"product_cat-lederpflege","7":"product_cat-bestseller","8":"product_shipping_class-paket","10":"first","11":"instock","12":"taxable","13":"shipping-taxable","14":"purchasable","15":"product-type-simple"},"_links":{"self":[{"href":"https:\/\/www.hml-fetish.de\/shop\/wp-json\/wp\/v2\/product\/6912","targetHints":{"allow":["GET"]}}],"collection":[{"href":"https:\/\/www.hml-fetish.de\/shop\/wp-json\/wp\/v2\/product"}],"about":[{"href":"https:\/\/www.hml-fetish.de\/shop\/wp-json\/wp\/v2\/types\/product"}],"replies":[{"embeddable":true,"href":"https:\/\/www.hml-fetish.de\/shop\/wp-json\/wp\/v2\/comments?post=6912"}],"version-history":[{"count":0,"href":"https:\/\/www.hml-fetish.de\/shop\/wp-json\/wp\/v2\/product\/6912\/revisions"}],"wp:featuredmedia":[{"embeddable":true,"href":"https:\/\/www.hml-fetish.de\/shop\/wp-json\/wp\/v2\/media\/18087"}],"wp:attachment":[{"href":"https:\/\/www.hml-fetish.de\/shop\/wp-json\/wp\/v2\/media?parent=6912"}],"wp:term":[{"taxonomy":"product_brand","embeddable":true,"href":"https:\/\/www.hml-fetish.de\/shop\/wp-json\/wp\/v2\/product_brand?post=6912"},{"taxonomy":"product_cat","embeddable":true,"href":"https:\/\/www.hml-fetish.de\/shop\/wp-json\/wp\/v2\/product_cat?post=6912"},{"taxonomy":"product_tag","embeddable":true,"href":"https:\/\/www.hml-fetish.de\/shop\/wp-json\/wp\/v2\/product_tag?post=6912"}],"curies":[{"name":"wp","href":"https:\/\/api.w.org\/{rel}","templated":true}]}}