{"id":6910,"date":"2022-01-23T22:51:00","date_gmt":"2022-01-23T21:51:00","guid":{"rendered":"https:\/\/www.hml-fetish.de\/shop\/?post_type=product&#038;p=6910"},"modified":"2026-02-23T11:59:34","modified_gmt":"2026-02-23T10:59:34","slug":"bufalo-schuhcreme","status":"publish","type":"product","link":"https:\/\/www.hml-fetish.de\/shop\/bufalo-schuhcreme\/","title":{"rendered":"B\u00f9falo Schuhcreme"},"content":{"rendered":"<p>Schwarzes Shoe Polish, l\u00f6semittelfrei und wasserabweisend, mit Bienenwachs. 75 ml Dose. Mit einer weichen Cremeb\u00fcrste d\u00fcnn auftragen, vorsichtig verreiben und hinterher gut einpolieren.<\/p>\n","protected":false},"excerpt":{"rendered":"<h4>B\u00f9falo Schuhcreme<\/h4>\n<p>Schwarzes Shoe Polish, l\u00f6semittelfrei und wasserabweisend, mit Bienenwachs. 75 ml Dose. Mit einer weichen Cremeb\u00fcrste d\u00fcnn auftragen, vorsichtig verreiben und hinterher gut einpolieren.<\/p>\n","protected":false},"featured_media":18110,"comment_status":"open","ping_status":"closed","template":"","meta":[],"product_brand":[],"product_cat":[153,159],"product_tag":[],"class_list":{"0":"post-6910","1":"product","2":"type-product","3":"status-publish","4":"has-post-thumbnail","6":"product_cat-stiefel","7":"product_cat-lederpflege","8":"product_shipping_class-brief","10":"first","11":"instock","12":"taxable","13":"shipping-taxable","14":"purchasable","15":"product-type-simple"},"_links":{"self":[{"href":"https:\/\/www.hml-fetish.de\/shop\/wp-json\/wp\/v2\/product\/6910","targetHints":{"allow":["GET"]}}],"collection":[{"href":"https:\/\/www.hml-fetish.de\/shop\/wp-json\/wp\/v2\/product"}],"about":[{"href":"https:\/\/www.hml-fetish.de\/shop\/wp-json\/wp\/v2\/types\/product"}],"replies":[{"embeddable":true,"href":"https:\/\/www.hml-fetish.de\/shop\/wp-json\/wp\/v2\/comments?post=6910"}],"version-history":[{"count":0,"href":"https:\/\/www.hml-fetish.de\/shop\/wp-json\/wp\/v2\/product\/6910\/revisions"}],"wp:featuredmedia":[{"embeddable":true,"href":"https:\/\/www.hml-fetish.de\/shop\/wp-json\/wp\/v2\/media\/18110"}],"wp:attachment":[{"href":"https:\/\/www.hml-fetish.de\/shop\/wp-json\/wp\/v2\/media?parent=6910"}],"wp:term":[{"taxonomy":"product_brand","embeddable":true,"href":"https:\/\/www.hml-fetish.de\/shop\/wp-json\/wp\/v2\/product_brand?post=6910"},{"taxonomy":"product_cat","embeddable":true,"href":"https:\/\/www.hml-fetish.de\/shop\/wp-json\/wp\/v2\/product_cat?post=6910"},{"taxonomy":"product_tag","embeddable":true,"href":"https:\/\/www.hml-fetish.de\/shop\/wp-json\/wp\/v2\/product_tag?post=6910"}],"curies":[{"name":"wp","href":"https:\/\/api.w.org\/{rel}","templated":true}]}}