{"id":6905,"date":"2022-01-23T22:50:59","date_gmt":"2022-01-23T21:50:59","guid":{"rendered":"https:\/\/www.hml-fetish.de\/shop\/?post_type=product&#038;p=6905"},"modified":"2024-08-18T21:54:04","modified_gmt":"2024-08-18T19:54:04","slug":"kragenanstecker","status":"publish","type":"product","link":"https:\/\/www.hml-fetish.de\/shop\/kragenanstecker\/","title":{"rendered":"P.D. Kragenanstecker"},"content":{"rendered":"<p>Metall-Pin f\u00fcr den Police Hemd Kragen. P.D. f\u00fcr Police Department. Stabile Ausf\u00fchrung mit zwei Befestigungsstiften. Erh\u00e4ltlich in Gold oder Nickel-Silber. Lieferung paarweise.<\/p>\n","protected":false},"excerpt":{"rendered":"<h4>P.D. Kragenanstecker<\/h4>\n<p>Metall-Pin f\u00fcr den Police Hemd Kragen. P.D. f\u00fcr Police Department. Stabile Ausf\u00fchrung mit zwei Befestigungsstiften. Erh\u00e4ltlich in Gold oder Nickel-Silber. Lieferung paarweise.<\/p>\n","protected":false},"featured_media":18326,"comment_status":"open","ping_status":"closed","template":"","meta":[],"product_brand":[],"product_cat":[149,108],"product_tag":[],"class_list":{"0":"post-6905","1":"product","2":"type-product","3":"status-publish","4":"has-post-thumbnail","6":"product_cat-insignia","7":"product_cat-restposten-einzelstuecke","8":"product_shipping_class-brief","10":"first","11":"instock","12":"taxable","13":"shipping-taxable","14":"purchasable","15":"product-type-variable"},"_links":{"self":[{"href":"https:\/\/www.hml-fetish.de\/shop\/wp-json\/wp\/v2\/product\/6905","targetHints":{"allow":["GET"]}}],"collection":[{"href":"https:\/\/www.hml-fetish.de\/shop\/wp-json\/wp\/v2\/product"}],"about":[{"href":"https:\/\/www.hml-fetish.de\/shop\/wp-json\/wp\/v2\/types\/product"}],"replies":[{"embeddable":true,"href":"https:\/\/www.hml-fetish.de\/shop\/wp-json\/wp\/v2\/comments?post=6905"}],"version-history":[{"count":0,"href":"https:\/\/www.hml-fetish.de\/shop\/wp-json\/wp\/v2\/product\/6905\/revisions"}],"wp:featuredmedia":[{"embeddable":true,"href":"https:\/\/www.hml-fetish.de\/shop\/wp-json\/wp\/v2\/media\/18326"}],"wp:attachment":[{"href":"https:\/\/www.hml-fetish.de\/shop\/wp-json\/wp\/v2\/media?parent=6905"}],"wp:term":[{"taxonomy":"product_brand","embeddable":true,"href":"https:\/\/www.hml-fetish.de\/shop\/wp-json\/wp\/v2\/product_brand?post=6905"},{"taxonomy":"product_cat","embeddable":true,"href":"https:\/\/www.hml-fetish.de\/shop\/wp-json\/wp\/v2\/product_cat?post=6905"},{"taxonomy":"product_tag","embeddable":true,"href":"https:\/\/www.hml-fetish.de\/shop\/wp-json\/wp\/v2\/product_tag?post=6905"}],"curies":[{"name":"wp","href":"https:\/\/api.w.org\/{rel}","templated":true}]}}