{"id":6904,"date":"2022-01-23T22:50:59","date_gmt":"2022-01-23T21:50:59","guid":{"rendered":"https:\/\/www.hml-fetish.de\/shop\/?post_type=product&#038;p=6904"},"modified":"2023-01-01T15:55:54","modified_gmt":"2023-01-01T14:55:54","slug":"krawattenclip","status":"publish","type":"product","link":"https:\/\/www.hml-fetish.de\/shop\/krawattenclip\/","title":{"rendered":"Krawattenclip"},"content":{"rendered":"<p>Dieser Clip ist ganz aus Metall und hochgl\u00e4nzend vernickelt. Ein must-have zu Deinem Police Outfit, aber auch sehr dekorativ bei einem Gesch\u00e4ftsessen. Du kannst zwischen zwei Versionen ausw\u00e4hlen: ganz schlicht oder mit Handschellen.<\/p>\n<p>Dieser Anstecker ist nicht nur h\u00fcbsch. Er erf\u00fcllt auch einen Zweck: Du verbindest damit die Krawatte mit Deinem Hemd. So verrutscht sie nicht und f\u00e4llt Dir nicht ins Essen, wenn Du Dich vorn\u00fcberbeugst!<\/p>\n","protected":false},"excerpt":{"rendered":"<h4>Krawattenclip<\/h4>\n<p>Dieser Clip ist ganz aus Metall und hochgl\u00e4nzend vernickelt. Ein must-have zu Deinem Police Outfit, aber auch sehr dekorativ bei einem Gesch\u00e4ftsessen.<\/p>\n","protected":false},"featured_media":18348,"comment_status":"open","ping_status":"closed","template":"","meta":[],"product_brand":[],"product_cat":[180,146,149],"product_tag":[],"class_list":{"0":"post-6904","1":"product","2":"type-product","3":"status-publish","4":"has-post-thumbnail","6":"product_cat-krawatten","7":"product_cat-accessoires","8":"product_cat-insignia","9":"product_shipping_class-brief","11":"first","12":"instock","13":"taxable","14":"shipping-taxable","15":"purchasable","16":"product-type-variable","17":"has-default-attributes"},"_links":{"self":[{"href":"https:\/\/www.hml-fetish.de\/shop\/wp-json\/wp\/v2\/product\/6904","targetHints":{"allow":["GET"]}}],"collection":[{"href":"https:\/\/www.hml-fetish.de\/shop\/wp-json\/wp\/v2\/product"}],"about":[{"href":"https:\/\/www.hml-fetish.de\/shop\/wp-json\/wp\/v2\/types\/product"}],"replies":[{"embeddable":true,"href":"https:\/\/www.hml-fetish.de\/shop\/wp-json\/wp\/v2\/comments?post=6904"}],"version-history":[{"count":0,"href":"https:\/\/www.hml-fetish.de\/shop\/wp-json\/wp\/v2\/product\/6904\/revisions"}],"wp:featuredmedia":[{"embeddable":true,"href":"https:\/\/www.hml-fetish.de\/shop\/wp-json\/wp\/v2\/media\/18348"}],"wp:attachment":[{"href":"https:\/\/www.hml-fetish.de\/shop\/wp-json\/wp\/v2\/media?parent=6904"}],"wp:term":[{"taxonomy":"product_brand","embeddable":true,"href":"https:\/\/www.hml-fetish.de\/shop\/wp-json\/wp\/v2\/product_brand?post=6904"},{"taxonomy":"product_cat","embeddable":true,"href":"https:\/\/www.hml-fetish.de\/shop\/wp-json\/wp\/v2\/product_cat?post=6904"},{"taxonomy":"product_tag","embeddable":true,"href":"https:\/\/www.hml-fetish.de\/shop\/wp-json\/wp\/v2\/product_tag?post=6904"}],"curies":[{"name":"wp","href":"https:\/\/api.w.org\/{rel}","templated":true}]}}