{"id":6897,"date":"2022-01-23T22:50:56","date_gmt":"2022-01-23T21:50:56","guid":{"rendered":"https:\/\/www.hml-fetish.de\/shop\/?post_type=product&#038;p=6897"},"modified":"2026-03-25T06:14:45","modified_gmt":"2026-03-25T05:14:45","slug":"gummi-hodenbeutel","status":"publish","type":"product","link":"https:\/\/www.hml-fetish.de\/shop\/gummi-hodenbeutel\/","title":{"rendered":"Gummi Hodenbeutel"},"content":{"rendered":"<p>Aus ca. 0,9 mm dickem schwarzem Latex gegossen verpackt dieser Gummibeutel Deine Eier auf eine besonders geile Weise. Zus\u00e4tzlich \u2013 da Rubber in dieser St\u00e4rke nicht mehr allzuviel nachgibt \u2013 \u00fcbt diese Latex-Manschette auch etwas Druck auf die Hoden aus. Je gr\u00f6\u00dfer desto mehr. Du brauchst viel Gleitmittel, um hineinzuschl\u00fcpfen und solltest nicht allzu fett best\u00fcckt sein!<br \/>\n<BR>Die R\u00e4nder sind mehrlagig umgerollt und verschwei\u00dft, so da\u00df der Beh\u00e4lter auch ziemlich rei\u00dffest ist. Probiere einmal, ihn tags\u00fcber unter der Hose zu tragen. Du wirst beeindruckt sein.<\/p>\n","protected":false},"excerpt":{"rendered":"<h4>Gummi Hodenbeutel<\/h4>\n<p>Aus ca. 0,9 mm dickem schwarzem Latex gegossen verpackt dieser Gummibeutel Deine Eier auf eine besonders geile Weise. Zus\u00e4tzlich \u2013 da Rubber in dieser St\u00e4rke nicht mehr allzuviel nachgibt \u2013 \u00fcbt diese Manschette auch etwas Druck auf die Hoden aus. Je gr\u00f6\u00dfer desto mehr. Du brauchst viel Gleitmittel, um hineinzuschl\u00fcpfen und solltest nicht allzu fett best\u00fcckt sein!<\/p>\n","protected":false},"featured_media":18499,"comment_status":"open","ping_status":"closed","template":"","meta":[],"product_brand":[],"product_cat":[172,95,130,144],"product_tag":[],"class_list":{"0":"post-6897","1":"product","2":"type-product","3":"status-publish","4":"has-post-thumbnail","6":"product_cat-gummi-accessoires","7":"product_cat-bestseller","8":"product_cat-cbt","9":"product_cat-kondome-gleitmittel","10":"product_shipping_class-brief","12":"first","13":"instock","14":"taxable","15":"shipping-taxable","16":"purchasable","17":"product-type-simple"},"_links":{"self":[{"href":"https:\/\/www.hml-fetish.de\/shop\/wp-json\/wp\/v2\/product\/6897","targetHints":{"allow":["GET"]}}],"collection":[{"href":"https:\/\/www.hml-fetish.de\/shop\/wp-json\/wp\/v2\/product"}],"about":[{"href":"https:\/\/www.hml-fetish.de\/shop\/wp-json\/wp\/v2\/types\/product"}],"replies":[{"embeddable":true,"href":"https:\/\/www.hml-fetish.de\/shop\/wp-json\/wp\/v2\/comments?post=6897"}],"version-history":[{"count":0,"href":"https:\/\/www.hml-fetish.de\/shop\/wp-json\/wp\/v2\/product\/6897\/revisions"}],"wp:featuredmedia":[{"embeddable":true,"href":"https:\/\/www.hml-fetish.de\/shop\/wp-json\/wp\/v2\/media\/18499"}],"wp:attachment":[{"href":"https:\/\/www.hml-fetish.de\/shop\/wp-json\/wp\/v2\/media?parent=6897"}],"wp:term":[{"taxonomy":"product_brand","embeddable":true,"href":"https:\/\/www.hml-fetish.de\/shop\/wp-json\/wp\/v2\/product_brand?post=6897"},{"taxonomy":"product_cat","embeddable":true,"href":"https:\/\/www.hml-fetish.de\/shop\/wp-json\/wp\/v2\/product_cat?post=6897"},{"taxonomy":"product_tag","embeddable":true,"href":"https:\/\/www.hml-fetish.de\/shop\/wp-json\/wp\/v2\/product_tag?post=6897"}],"curies":[{"name":"wp","href":"https:\/\/api.w.org\/{rel}","templated":true}]}}