{"id":6896,"date":"2022-01-23T22:50:56","date_gmt":"2022-01-23T21:50:56","guid":{"rendered":"https:\/\/www.hml-fetish.de\/shop\/?post_type=product&#038;p=6896"},"modified":"2026-03-25T06:14:46","modified_gmt":"2026-03-25T05:14:46","slug":"gummi-kondom-anatomisch","status":"publish","type":"product","link":"https:\/\/www.hml-fetish.de\/shop\/gummi-kondom-anatomisch\/","title":{"rendered":"Gummi-Kondom anatomisch"},"content":{"rendered":"<p>Dieser scharfe \u00dcberzieher ist aus schwarzem Latex gegossen und in anatomischer Form gefertigt. Er besteht aus einem Kautschuk-Material, das allerschwersten Belastungen standh\u00e4lt. Das Teil sitzt besonders stramm. Du brauchst viel Gleitmittel, um reinzukommen!<br \/>\n<BR>Dieses Kondom hat ca. 0,6 mm Dicke mit ge\u00e4dertem Schaft. Die Form ist sehr naturgetreu und es ist in zwei Gr\u00f6\u00dfen verf\u00fcgbar.<\/p>\n","protected":false},"excerpt":{"rendered":"<h4>Gummi-Kondom anatomisch<\/h4>\n<p>Aus schwarzem Latex gegossen und in anatomischer Form aus einem Material, das allerschwersten Belastungen standh\u00e4lt. Das Teil sitzt besonders stramm. Du brauchst viel Gleitmittel, um reinzukommen!<\/p>\n","protected":false},"featured_media":18515,"comment_status":"open","ping_status":"closed","template":"","meta":[],"product_brand":[],"product_cat":[166,95,144],"product_tag":[],"class_list":{"0":"post-6896","1":"product","2":"type-product","3":"status-publish","4":"has-post-thumbnail","6":"product_cat-cockhalfter","7":"product_cat-bestseller","8":"product_cat-kondome-gleitmittel","9":"product_shipping_class-brief","11":"first","12":"instock","13":"taxable","14":"shipping-taxable","15":"purchasable","16":"product-type-variable"},"_links":{"self":[{"href":"https:\/\/www.hml-fetish.de\/shop\/wp-json\/wp\/v2\/product\/6896","targetHints":{"allow":["GET"]}}],"collection":[{"href":"https:\/\/www.hml-fetish.de\/shop\/wp-json\/wp\/v2\/product"}],"about":[{"href":"https:\/\/www.hml-fetish.de\/shop\/wp-json\/wp\/v2\/types\/product"}],"replies":[{"embeddable":true,"href":"https:\/\/www.hml-fetish.de\/shop\/wp-json\/wp\/v2\/comments?post=6896"}],"version-history":[{"count":0,"href":"https:\/\/www.hml-fetish.de\/shop\/wp-json\/wp\/v2\/product\/6896\/revisions"}],"wp:featuredmedia":[{"embeddable":true,"href":"https:\/\/www.hml-fetish.de\/shop\/wp-json\/wp\/v2\/media\/18515"}],"wp:attachment":[{"href":"https:\/\/www.hml-fetish.de\/shop\/wp-json\/wp\/v2\/media?parent=6896"}],"wp:term":[{"taxonomy":"product_brand","embeddable":true,"href":"https:\/\/www.hml-fetish.de\/shop\/wp-json\/wp\/v2\/product_brand?post=6896"},{"taxonomy":"product_cat","embeddable":true,"href":"https:\/\/www.hml-fetish.de\/shop\/wp-json\/wp\/v2\/product_cat?post=6896"},{"taxonomy":"product_tag","embeddable":true,"href":"https:\/\/www.hml-fetish.de\/shop\/wp-json\/wp\/v2\/product_tag?post=6896"}],"curies":[{"name":"wp","href":"https:\/\/api.w.org\/{rel}","templated":true}]}}