{"id":6886,"date":"2022-01-23T22:50:45","date_gmt":"2022-01-23T21:50:45","guid":{"rendered":"https:\/\/www.hml-fetish.de\/shop\/?post_type=product&#038;p=6886"},"modified":"2026-02-10T17:17:47","modified_gmt":"2026-02-10T16:17:47","slug":"mundspreizer","status":"publish","type":"product","link":"https:\/\/www.hml-fetish.de\/shop\/mundspreizer\/","title":{"rendered":"Mundspreizer"},"content":{"rendered":"<p>Einfacher Mund-Sperrer mit vorne liegender Doppelsperre, \u00d6ffnungsweite ca. 50 bis 60 mm. Aus unserer Selektion medizinischer Instrumente pr\u00e4sentieren wir Dir hier einen scharf aussehenden \u00bbWhitehead\u00ab Mund-Spreizer. Diese extra gro\u00dfe Version mit Zungenhalter verhindert wirkungsvoll, da\u00df Du Dich gegen die Zufuhr von Nahrung und Fl\u00fcssigkeit wehren kannst.<\/p>\n","protected":false},"excerpt":{"rendered":"<h4>Mundspreizer<\/h4>\n<p>Aus unserer Selektion medizinischer Instrumente: ein scharf aussehender \u00bbWhitehead\u00ab Mund-Spreizer. Diese extra gro\u00dfe Version mit Zungenhalter verhindert wirkungsvoll, da\u00df Du Dich gegen die Zufuhr von Nahrung und Fl\u00fcssigkeit wehren kannst.<\/p>\n","protected":false},"featured_media":18652,"comment_status":"open","ping_status":"closed","template":"","meta":[],"product_brand":[],"product_cat":[137,132],"product_tag":[],"class_list":{"0":"post-6886","1":"product","2":"type-product","3":"status-publish","4":"has-post-thumbnail","6":"product_cat-bondage","7":"product_cat-dungeon","8":"product_shipping_class-paket","10":"first","11":"instock","12":"taxable","13":"shipping-taxable","14":"purchasable","15":"product-type-simple"},"_links":{"self":[{"href":"https:\/\/www.hml-fetish.de\/shop\/wp-json\/wp\/v2\/product\/6886","targetHints":{"allow":["GET"]}}],"collection":[{"href":"https:\/\/www.hml-fetish.de\/shop\/wp-json\/wp\/v2\/product"}],"about":[{"href":"https:\/\/www.hml-fetish.de\/shop\/wp-json\/wp\/v2\/types\/product"}],"replies":[{"embeddable":true,"href":"https:\/\/www.hml-fetish.de\/shop\/wp-json\/wp\/v2\/comments?post=6886"}],"version-history":[{"count":0,"href":"https:\/\/www.hml-fetish.de\/shop\/wp-json\/wp\/v2\/product\/6886\/revisions"}],"wp:featuredmedia":[{"embeddable":true,"href":"https:\/\/www.hml-fetish.de\/shop\/wp-json\/wp\/v2\/media\/18652"}],"wp:attachment":[{"href":"https:\/\/www.hml-fetish.de\/shop\/wp-json\/wp\/v2\/media?parent=6886"}],"wp:term":[{"taxonomy":"product_brand","embeddable":true,"href":"https:\/\/www.hml-fetish.de\/shop\/wp-json\/wp\/v2\/product_brand?post=6886"},{"taxonomy":"product_cat","embeddable":true,"href":"https:\/\/www.hml-fetish.de\/shop\/wp-json\/wp\/v2\/product_cat?post=6886"},{"taxonomy":"product_tag","embeddable":true,"href":"https:\/\/www.hml-fetish.de\/shop\/wp-json\/wp\/v2\/product_tag?post=6886"}],"curies":[{"name":"wp","href":"https:\/\/api.w.org\/{rel}","templated":true}]}}