{"id":6879,"date":"2022-01-23T22:50:43","date_gmt":"2022-01-23T21:50:43","guid":{"rendered":"https:\/\/www.hml-fetish.de\/shop\/?post_type=product&#038;p=6879"},"modified":"2022-06-26T12:39:02","modified_gmt":"2022-06-26T10:39:02","slug":"leder-kreuzfessel-verbinder","status":"publish","type":"product","link":"https:\/\/www.hml-fetish.de\/shop\/leder-kreuzfessel-verbinder\/","title":{"rendered":"Leder Kreuzfessel Verbinder"},"content":{"rendered":"<p><P>Vier Lederriemen in 25 mm Breite umgebugt, abgen\u00e4ht und mit schweren Karabinern am Ende versehen bilden ein Verbindungskreuz, an dem Du Hand- und Fu\u00dffesseln befestigen kannst. Ein praktisches Tool f\u00fcr unterwegs und unentbehrlich in jedem Spielzimmer. Die Ledergurte sind ca. 15 cm lang, solide vernietet und werden \u00fcber einen Stahlring miteinander verbunden. Du setzt sie besonders effektiv ein im Hogtie, also hinter dem K\u00f6rper Deines Partners.<\/P><br \/>\n<P>Du bekommst den Kreuz-Verbinder wahlweise einzeln oder aber im preisg\u00fcnstigen Set zusammen mit einem Paar Hand- und Fu\u00dffesseln, so da\u00df Du gleich loslegen kannst. Alles in hochwertigem Leder und \u00bbmade in Germany\u00ab!<\/P><\/p>\n","protected":false},"excerpt":{"rendered":"<h4>Leder Kreuzfessel Verbinder<\/h4>\n<p><P>Vier Lederriemen in 25 mm Breite umgebugt, abgen\u00e4ht und mit schweren Karabinern am Ende versehen bilden ein Verbindungskreuz aus Leder, an dem Du Hand- und Fu\u00dffesseln befestigen kannst. Ein praktisches Tool f\u00fcr unterwegs und unentbehrlich in jedem Spielzimmer. Die Ledergurte sind ca. 15 cm lang, solide vernietet und werden \u00fcber einen Stahlring miteinander verbunden. Du setzt sie besonders effektiv ein im Hogtie, also hinter dem K\u00f6rper Deines Partners.<\/P><\/p>\n","protected":false},"featured_media":18841,"comment_status":"open","ping_status":"closed","template":"","meta":[],"product_brand":[],"product_cat":[163,137],"product_tag":[4398],"class_list":{"0":"post-6879","1":"product","2":"type-product","3":"status-publish","4":"has-post-thumbnail","6":"product_cat-lederfesseln","7":"product_cat-bondage","8":"product_tag-hml-fetish-original","9":"product_shipping_class-paket","11":"first","12":"instock","13":"taxable","14":"shipping-taxable","15":"purchasable","16":"product-type-variable"},"_links":{"self":[{"href":"https:\/\/www.hml-fetish.de\/shop\/wp-json\/wp\/v2\/product\/6879","targetHints":{"allow":["GET"]}}],"collection":[{"href":"https:\/\/www.hml-fetish.de\/shop\/wp-json\/wp\/v2\/product"}],"about":[{"href":"https:\/\/www.hml-fetish.de\/shop\/wp-json\/wp\/v2\/types\/product"}],"replies":[{"embeddable":true,"href":"https:\/\/www.hml-fetish.de\/shop\/wp-json\/wp\/v2\/comments?post=6879"}],"version-history":[{"count":0,"href":"https:\/\/www.hml-fetish.de\/shop\/wp-json\/wp\/v2\/product\/6879\/revisions"}],"wp:featuredmedia":[{"embeddable":true,"href":"https:\/\/www.hml-fetish.de\/shop\/wp-json\/wp\/v2\/media\/18841"}],"wp:attachment":[{"href":"https:\/\/www.hml-fetish.de\/shop\/wp-json\/wp\/v2\/media?parent=6879"}],"wp:term":[{"taxonomy":"product_brand","embeddable":true,"href":"https:\/\/www.hml-fetish.de\/shop\/wp-json\/wp\/v2\/product_brand?post=6879"},{"taxonomy":"product_cat","embeddable":true,"href":"https:\/\/www.hml-fetish.de\/shop\/wp-json\/wp\/v2\/product_cat?post=6879"},{"taxonomy":"product_tag","embeddable":true,"href":"https:\/\/www.hml-fetish.de\/shop\/wp-json\/wp\/v2\/product_tag?post=6879"}],"curies":[{"name":"wp","href":"https:\/\/api.w.org\/{rel}","templated":true}]}}