{"id":6878,"date":"2022-01-23T22:50:43","date_gmt":"2022-01-23T21:50:43","guid":{"rendered":"https:\/\/www.hml-fetish.de\/shop\/?post_type=product&#038;p=6878"},"modified":"2025-05-13T13:06:15","modified_gmt":"2025-05-13T11:06:15","slug":"edelstahl-halskette","status":"publish","type":"product","link":"https:\/\/www.hml-fetish.de\/shop\/edelstahl-halskette\/","title":{"rendered":"Edelstahl-Halskette"},"content":{"rendered":"<p>Nur bei HML: Diese Kette aus rostfreiem Edelstahl kannst Du unsichtbar unter einem Hemd umgelegt haben. Sie nimmt Dir auch gelegentliches Duschen nicht \u00fcbel und eignet sich so dazu, \u00fcber l\u00e4ngere Zeit getragen zu werden.<\/p>\n<p>Diese widerstandsf\u00e4hige Kette kannst Du bedenkenlos \u00fcber Wochen tragen. Sie st\u00f6rt weder beim Duschen, noch im Vorstellungsgespr\u00e4ch oder beim Familiendinner. Bestelle dieses St\u00fcck Grundausr\u00fcstung jetzt bei uns (und gib uns ggf. beim Auschecken an, wem wir die Schl\u00fcssel schicken sollen *grins*)!<\/p>\n<p>Gib bei der Bestellung die ben\u00f6tigte L\u00e4nge an und, ob Du ein Vorh\u00e4nge-Schlo\u00df f\u00fcr die Kette ben\u00f6tigst (poliert verchromtes Messing).<\/p>\n","protected":false},"excerpt":{"rendered":"<h4>Edelstahl-Halskette<\/h4>\n<p>Nur bei HML &#8211; die alltagstaugliche sklavenausr\u00fcstung: diese Kette aus rostfreiem Edelstahl kann unter einem Hemd getragen werden. Damit bist Du auch in Suit &amp; Tie ordnungsgem\u00e4\u00df verschlossen!<\/p>\n","protected":false},"featured_media":18869,"comment_status":"open","ping_status":"closed","template":"","meta":[],"product_brand":[],"product_cat":[145,95],"product_tag":[4398],"class_list":{"0":"post-6878","1":"product","2":"type-product","3":"status-publish","4":"has-post-thumbnail","6":"product_cat-halsbaender","7":"product_cat-bestseller","8":"product_tag-hml-fetish-original","9":"product_shipping_class-paket","11":"first","12":"instock","13":"taxable","14":"shipping-taxable","15":"purchasable","16":"product-type-variable"},"_links":{"self":[{"href":"https:\/\/www.hml-fetish.de\/shop\/wp-json\/wp\/v2\/product\/6878","targetHints":{"allow":["GET"]}}],"collection":[{"href":"https:\/\/www.hml-fetish.de\/shop\/wp-json\/wp\/v2\/product"}],"about":[{"href":"https:\/\/www.hml-fetish.de\/shop\/wp-json\/wp\/v2\/types\/product"}],"replies":[{"embeddable":true,"href":"https:\/\/www.hml-fetish.de\/shop\/wp-json\/wp\/v2\/comments?post=6878"}],"version-history":[{"count":0,"href":"https:\/\/www.hml-fetish.de\/shop\/wp-json\/wp\/v2\/product\/6878\/revisions"}],"wp:featuredmedia":[{"embeddable":true,"href":"https:\/\/www.hml-fetish.de\/shop\/wp-json\/wp\/v2\/media\/18869"}],"wp:attachment":[{"href":"https:\/\/www.hml-fetish.de\/shop\/wp-json\/wp\/v2\/media?parent=6878"}],"wp:term":[{"taxonomy":"product_brand","embeddable":true,"href":"https:\/\/www.hml-fetish.de\/shop\/wp-json\/wp\/v2\/product_brand?post=6878"},{"taxonomy":"product_cat","embeddable":true,"href":"https:\/\/www.hml-fetish.de\/shop\/wp-json\/wp\/v2\/product_cat?post=6878"},{"taxonomy":"product_tag","embeddable":true,"href":"https:\/\/www.hml-fetish.de\/shop\/wp-json\/wp\/v2\/product_tag?post=6878"}],"curies":[{"name":"wp","href":"https:\/\/api.w.org\/{rel}","templated":true}]}}