{"id":6875,"date":"2022-01-23T22:50:42","date_gmt":"2022-01-23T21:50:42","guid":{"rendered":"https:\/\/www.hml-fetish.de\/shop\/?post_type=product&#038;p=6875"},"modified":"2022-06-26T12:39:19","modified_gmt":"2022-06-26T10:39:19","slug":"clover-nippel-geschirr","status":"publish","type":"product","link":"https:\/\/www.hml-fetish.de\/shop\/clover-nippel-geschirr\/","title":{"rendered":"Clover-Nippel-Geschirr"},"content":{"rendered":"<p>Ein Paar unserer <a href=\"https:\/\/www.hml-fetish.de\/shop\/clover-clamps\/\" target=\"_blank\" title=\"Clover-Clamps\" rel=\"noopener\">Clover-Clamps<\/a> sind \u00fcber Ketten und einen Ledergurt mit einem Cockring verbunden. Der Ledergurt ist mit einer Schnalle verstellbar. Der Cockring ist austauschbar. Einen Nirosta-Stahlring mit 50 mm Innendurchmesser liefern wir mit. Ben\u00f6tigst Du eine andere Gr\u00f6\u00dfe als 50 mm, teile uns dies bitte im Kommentarfeld beim Auschecken Deiner Bestellung mit.<br \/>\n<BR>Durch die speziell verscherte Clover-Mechanik sp\u00fcrst Du bei jeder Bewegung, wie sich die Klemmen in Deine Nippel krallen.<\/p>\n","protected":false},"excerpt":{"rendered":"<h4>Clover-Nippel-Geschirr<\/h4>\n<p>Clover Clamps \u00fcber Ketten und einen Ledergurt mit einem Cockring verbunden. Der Ledergurt ist mit einer Schnalle verstellbar. Der Cockring ist austauschbar. Einen Nirosta-Stahlring mit 50 mm Innendurchmesser liefern wir mit.<\/p>\n","protected":false},"featured_media":18950,"comment_status":"open","ping_status":"closed","template":"","meta":[],"product_brand":[],"product_cat":[141,95],"product_tag":[4398],"class_list":{"0":"post-6875","1":"product","2":"type-product","3":"status-publish","4":"has-post-thumbnail","6":"product_cat-tt","7":"product_cat-bestseller","8":"product_tag-hml-fetish-original","9":"product_shipping_class-brief","11":"first","12":"instock","13":"taxable","14":"shipping-taxable","15":"purchasable","16":"product-type-simple"},"_links":{"self":[{"href":"https:\/\/www.hml-fetish.de\/shop\/wp-json\/wp\/v2\/product\/6875","targetHints":{"allow":["GET"]}}],"collection":[{"href":"https:\/\/www.hml-fetish.de\/shop\/wp-json\/wp\/v2\/product"}],"about":[{"href":"https:\/\/www.hml-fetish.de\/shop\/wp-json\/wp\/v2\/types\/product"}],"replies":[{"embeddable":true,"href":"https:\/\/www.hml-fetish.de\/shop\/wp-json\/wp\/v2\/comments?post=6875"}],"version-history":[{"count":0,"href":"https:\/\/www.hml-fetish.de\/shop\/wp-json\/wp\/v2\/product\/6875\/revisions"}],"wp:featuredmedia":[{"embeddable":true,"href":"https:\/\/www.hml-fetish.de\/shop\/wp-json\/wp\/v2\/media\/18950"}],"wp:attachment":[{"href":"https:\/\/www.hml-fetish.de\/shop\/wp-json\/wp\/v2\/media?parent=6875"}],"wp:term":[{"taxonomy":"product_brand","embeddable":true,"href":"https:\/\/www.hml-fetish.de\/shop\/wp-json\/wp\/v2\/product_brand?post=6875"},{"taxonomy":"product_cat","embeddable":true,"href":"https:\/\/www.hml-fetish.de\/shop\/wp-json\/wp\/v2\/product_cat?post=6875"},{"taxonomy":"product_tag","embeddable":true,"href":"https:\/\/www.hml-fetish.de\/shop\/wp-json\/wp\/v2\/product_tag?post=6875"}],"curies":[{"name":"wp","href":"https:\/\/api.w.org\/{rel}","templated":true}]}}